{"id":129814,"date":"2025-07-30T22:37:29","date_gmt":"2025-07-30T20:37:29","guid":{"rendered":"https:\/\/www.budream.com\/shop\/storzbickel-mighty-verdampfer\/"},"modified":"2026-03-02T21:12:59","modified_gmt":"2026-03-02T19:12:59","slug":"storzbickel-mighty-verdampfer","status":"publish","type":"product","link":"https:\/\/www.budream.com\/de\/shop\/storzbickel-mighty-verdampfer\/","title":{"rendered":"STORZ&amp;BICKEL &#8211; MIGHTY+ | VERDAMPFER"},"content":{"rendered":"<p>Der Mighty war schon immer das Arbeitspferd von <a href=\"https:\/\/www.storz-bickel.com\/\">Storz&amp;bickel<\/a>, und jetzt, mit dem MIGHTY+, legt die deutsche Marke die Messlatte mit diesen atemberaubenden <strong>neuen Funktionen<\/strong> noch h\u00f6her:<\/p>\n<h2><strong><span style=\"text-decoration: underline\">Verbessertes Design<\/span><\/strong><\/h2>\n<p>Wir haben sorgf\u00e4ltig ausgew\u00e4hlte Materialien in das neue Vapo-Design integriert. Die <strong>F\u00fcllkammer ist jetzt mit Keramik ausgekleidet<\/strong> und damit noch haltbarer und stabiler. Au\u00dferdem wurden an der Unterseite des Ger\u00e4ts Flossen angebracht, die den MIGHTY+ auf flachen Oberfl\u00e4chen stabiler machen.<\/p>\n<h2><strong><span style=\"text-decoration: underline\">Beschleunigte Aufladung<\/span><\/strong><\/h2>\n<p>Das MIGHTY+ ist mit einer USB-C-Buchse mit Super-Charging-Funktion ausgestattet, die es erm\u00f6glicht, das MIGHTY+ mit 45 Watt zu laden. Eine komplett neu gestaltete Platine wurde eingef\u00fchrt, um die deutlich h\u00f6here Leistung zu bew\u00e4ltigen. Mit der Super-Ladefunktion k\u00f6nnen Sie<strong>80 % des Akkus in etwa 40 Minuten<\/strong> wieder aufladen! Au\u00dferdem k\u00f6nnen Sie Ihren MIGHTY+ jetzt mit einem USB-Kabel aufladen &#8211; praktisch \u00fcberall!<\/p>\n<h2><strong><span style=\"text-decoration: underline\">Schnelleres Aufw\u00e4rmen f\u00fcr Mighty+<\/span><\/strong><\/h2>\n<p>Genau wie der MIGHTY verwendet der MIGHTY+ eine patentierte Kombination aus Konvektions- und Konduktionserw\u00e4rmung &#8211; eine Technologie, die sich als hervorragend und effektiv bei der gleichm\u00e4\u00dfigen Erw\u00e4rmung von Kr\u00e4utern ohne Umr\u00fchren erwiesen hat. Dar\u00fcber hinaus ist der <a href=\"https:\/\/www.storz-bickel.com\/it\/mighty-plus\">MIGHTY+<\/a> mit einer optimierten Heizung ausgestattet; daher <strong>heizt<\/strong> der MIGHTY+ <strong>in etwa 60 Sekunden auf<\/strong>. Wir haben auch eine zus\u00e4tzliche voreingestellte Temperatur hinzugef\u00fcgt: die Super-Booster-Temperatur. Durch dreimaliges Dr\u00fccken der Ein-\/Ausschalttaste wird die aktuelle Temperatur um 15 &deg;C erh\u00f6ht.<\/p>\n<h2><strong><span style=\"text-decoration: underline\">Mighty+ Funktionen und Verbesserungen<\/span><\/strong><\/h2>\n<ul style=\"list-style-type: disc\">\n<li>USB-C-Buchse<\/li>\n<li>Super-Aufladefunktion: 80 % Aufladung in 40 Minuten<\/li>\n<li>Aufheizen in etwa 60 Sekunden<\/li>\n<li>Keramisch beschichtete F\u00fcllkammer<\/li>\n<li>Optimiertes Design f\u00fcr mehr Stabilit\u00e4t<\/li>\n<li>Voreingestellte Super-Booster-Temperatur<\/li>\n<li>Verbessertes Geh\u00e4use<\/li>\n<li>2 Jahre Garantie + 1 Jahr im Falle einer Registrierung<\/li>\n<\/ul>\n<div class=\"pagebuilder-column-group\" data-background-images=\"{}\" data-content-type=\"column-group\" data-appearance=\"default\" data-grid-size=\"12\" data-element=\"main\" data-pb-style=\"E3H3SHP\">\n<div class=\"pagebuilder-column-line\" data-content-type=\"column-line\" data-element=\"main\" data-pb-style=\"ESQKTAJ\">\n<div class=\"pagebuilder-column\" data-content-type=\"column\" data-appearance=\"full-height\" data-background-images=\"{}\" data-element=\"main\" data-pb-style=\"SIQV8NX\">\n<div data-content-type=\"text\" data-appearance=\"default\" data-element=\"main\" data-pb-style=\"MX1QC2S\">\n<h2>Gro\u00dfe Leistung im Taschenformat: der MIGHTY+ Verdampfer<\/h2>\n<p>Das Engagement von STORZ &amp; BICKEL f\u00fcr Qualit\u00e4t und Innovation ist eine Kategorie f\u00fcr sich. Mit dem MIGHTY+ haben wir einen robusten und langlebigen tragbaren Verdampfer, Made in Germany, f\u00fcr Menschen mit einem stressigen Lebensstil entwickelt.<\/p>\n<\/div>\n<\/div>\n<div class=\"pagebuilder-column\" data-content-type=\"column\" data-appearance=\"full-height\" data-background-images=\"{}\" data-element=\"main\" data-pb-style=\"LOPGCBC\"><\/div>\n<\/div>\n<\/div>\n<div class=\"pagebuilder-column-group\" data-background-images=\"{}\" data-content-type=\"column-group\" data-appearance=\"default\" data-grid-size=\"12\" data-element=\"main\" data-pb-style=\"A3NC3HS\">\n<div class=\"pagebuilder-column-line\" data-content-type=\"column-line\" data-element=\"main\" data-pb-style=\"TVOS4SF\">\n<div class=\"pagebuilder-column\" data-content-type=\"column\" data-appearance=\"full-height\" data-background-images=\"{}\" data-element=\"main\" data-pb-style=\"YOGP79C\"><\/div>\n<div class=\"pagebuilder-column\" data-content-type=\"column\" data-appearance=\"full-height\" data-background-images=\"{}\" data-element=\"main\" data-pb-style=\"NW3IKK3\">\n<figure data-content-type=\"image\" data-appearance=\"full-width\" data-element=\"main\" data-pb-style=\"XJFHNW8\"><img decoding=\"async\" class=\"pagebuilder-mobile-hidden\" title=\"S&amp;B MIGHTY+ Vaporizer: Patented convection and conduction heating\" src=\"https:\/\/www.storz-bickel.com\/media\/wysiwyg\/shot6_mighty_heating-dampf-desktop.jpg\" alt=\"Cross-section of STORZ &amp; BICKEL MIGHTY+ Vaporizer shows heating element and color-coded airflow and two lithium-ion batteries\" data-element=\"desktop_image\" data-pb-style=\"PD5DPW6\" \/><\/figure>\n<\/div>\n<div class=\"pagebuilder-column\" data-content-type=\"column\" data-appearance=\"align-center\" data-background-images=\"{}\" data-element=\"main\" data-pb-style=\"URNUX0O\">\n<div data-content-type=\"text\" data-appearance=\"default\" data-element=\"main\" data-pb-style=\"L7UIWT7\">\n<h3>Patentierte Technologie auf h\u00f6chstem Niveau<\/h3>\n<p>Der MIGHTY+ basiert auf der von S&amp;B patentierten Kombination aus Konvektions- und Konduktionsheizung, die folgendes garantiert<\/p>\n<ul>\n<li>Optimale Verdampfung vom ersten Zug an<\/li>\n<li>Beeindruckende Dampfwolken mit einem einzigartigen Aroma<\/li>\n<li>Geringer Widerstand gegen Luftabsaugung<\/li>\n<\/ul>\n<\/div>\n<\/div>\n<div class=\"pagebuilder-column\" data-content-type=\"column\" data-appearance=\"full-height\" data-background-images=\"{}\" data-element=\"main\" data-pb-style=\"VRRUQBY\"><\/div>\n<\/div>\n<div class=\"pagebuilder-column-line\" data-content-type=\"column-line\" data-element=\"main\" data-pb-style=\"MLNG4PO\">\n<div class=\"pagebuilder-column\" data-content-type=\"column\" data-appearance=\"full-height\" data-background-images=\"{}\" data-element=\"main\" data-pb-style=\"VAGQGCL\"><\/div>\n<div class=\"pagebuilder-column\" data-content-type=\"column\" data-appearance=\"full-height\" data-background-images=\"{}\" data-element=\"main\" data-pb-style=\"N2GWP39\">\n<figure data-content-type=\"image\" data-appearance=\"full-width\" data-element=\"main\" data-pb-style=\"BL14QWR\"><img decoding=\"async\" class=\"pagebuilder-mobile-hidden\" title=\"Ceramic-coated Filling Chamber for pure taste and easy cleaning\" src=\"https:\/\/www.storz-bickel.com\/media\/wysiwyg\/shot5_mighty_fuellkammer-desktop.jpg\" alt=\"Removed cooling unit of STORZ &amp; BICKEL MIGHTY+ with mouthpiece and open filling chamber with ceramic coating and seal ring\" data-element=\"desktop_image\" data-pb-style=\"QP1852N\" \/><\/figure>\n<\/div>\n<div class=\"pagebuilder-column\" data-content-type=\"column\" data-appearance=\"align-center\" data-background-images=\"{}\" data-element=\"main\" data-pb-style=\"JYAQ0CW\">\n<div data-content-type=\"text\" data-appearance=\"default\" data-element=\"main\" data-pb-style=\"IW445G5\">\n<h3>Hohe Leistung trifft auf kraftvolle MIGHTY-Funktionalit\u00e4t<\/h3>\n<ul>\n<li>\n<p>Leistungsstarkes Peek-Material<\/p>\n<p>\u279e H\u00e4ufig verwendet in der Medizin- und Raumfahrttechnik<\/p>\n<\/li>\n<li>\n<p>Keramisch beschichteter Beh\u00e4lter (1,4 cm&sup3;)<br \/>\u279e Sehr verschlei\u00dffest<\/p>\n<\/li>\n<li>\n<p>Effiziente K\u00fchleinheit<br \/>\u279e Durch einen labyrinthartigen Luftweg<\/p>\n<\/li>\n<li>\n<p>Zertifizierter Verdampfer<br \/>UL 8139 und IEC 60335-1<\/p>\n<\/li>\n<\/ul>\n<\/div>\n<\/div>\n<div class=\"pagebuilder-column\" data-content-type=\"column\" data-appearance=\"full-height\" data-background-images=\"{}\" data-element=\"main\" data-pb-style=\"HNJLNUK\"><\/div>\n<\/div>\n<div class=\"pagebuilder-column-line\" data-content-type=\"column-line\" data-element=\"main\" data-pb-style=\"SHSTWTW\">\n<div class=\"pagebuilder-column\" data-content-type=\"column\" data-appearance=\"full-height\" data-background-images=\"{}\" data-element=\"main\" data-pb-style=\"PITL9PY\"><\/div>\n<div class=\"pagebuilder-column\" data-content-type=\"column\" data-appearance=\"full-height\" data-background-images=\"{}\" data-element=\"main\" data-pb-style=\"R2EEGXQ\">\n<figure data-content-type=\"image\" data-appearance=\"full-width\" data-element=\"main\" data-pb-style=\"JWJK3I4\"><img decoding=\"async\" class=\"pagebuilder-mobile-hidden\" title=\"Precise temperature control on the S&amp;B MIGHTY+ with plus\/minus buttons\" src=\"https:\/\/www.storz-bickel.com\/media\/wysiwyg\/shot7_mighty_precise_control-desktop.jpg\" alt=\"Close-up of STORZ &amp; BICKEL MIGHTY+ vaporizer display with precise acutal and target temperature display and operation buttons\" data-element=\"desktop_image\" data-pb-style=\"R3A88UJ\" \/><\/figure>\n<\/div>\n<div class=\"pagebuilder-column\" data-content-type=\"column\" data-appearance=\"align-center\" data-background-images=\"{}\" data-element=\"main\" data-pb-style=\"GSSCJT0\">\n<div data-content-type=\"text\" data-appearance=\"default\" data-element=\"main\" data-pb-style=\"MXSD36E\">\n<h3>Pr\u00e4zise Temperaturregelung<\/h3>\n<p>Pr\u00e4zise Temperaturregelung zwischen 40&deg;C und 210&deg;C (104&deg;F &#8211; 410&deg;F) \u00fcber Soft-Touch-Tasten und LC-Display.<\/p>\n<\/p>\n<p>Booster und Superbooster: Ein Doppelklick auf den Ein-\/Ausschalter gen\u00fcgt, um zwei bequem voreingestellte Temperaturerh\u00f6hungen von 15&deg;C (27&deg;F) zu aktivieren.<\/p>\n<\/div>\n<\/div>\n<div class=\"pagebuilder-column\" data-content-type=\"column\" data-appearance=\"full-height\" data-background-images=\"{}\" data-element=\"main\" data-pb-style=\"HP9VBB6\"><\/div>\n<\/div>\n<div class=\"pagebuilder-column-line\" data-content-type=\"column-line\" data-element=\"main\" data-pb-style=\"N1KAM5X\">\n<div class=\"pagebuilder-column\" data-content-type=\"column\" data-appearance=\"full-height\" data-background-images=\"{}\" data-element=\"main\" data-pb-style=\"C1TXJ90\"><\/div>\n<div class=\"pagebuilder-column\" data-content-type=\"column\" data-appearance=\"full-height\" data-background-images=\"{}\" data-element=\"main\" data-pb-style=\"Y1FVML8\">\n<figure data-content-type=\"image\" data-appearance=\"full-width\" data-element=\"main\" data-pb-style=\"K26W29A\"><img decoding=\"async\" class=\"pagebuilder-mobile-hidden\" title=\"Fast charging via USB-C port on the STORZ &amp; BICKEL MIGHTY+ Vaporizer\" src=\"https:\/\/www.storz-bickel.com\/media\/wysiwyg\/shot8_mighty_usb-c-desktop.jpg\" alt=\"Lateral close-up of USB-C charging port on STORZ &amp; BICKEL MIGHTY+ Vaporizer\" data-element=\"desktop_image\" data-pb-style=\"DXOV075\" \/><\/figure>\n<\/div>\n<div class=\"pagebuilder-column\" data-content-type=\"column\" data-appearance=\"align-center\" data-background-images=\"{}\" data-element=\"main\" data-pb-style=\"J64R08N\">\n<div data-content-type=\"text\" data-appearance=\"default\" data-element=\"main\" data-pb-style=\"OBMXWKR\">\n<h3>Bequemes Aufladen, lang anhaltende Leistung<\/h3>\n<ul>\n<li>2 leistungsstarke Lithium-Ionen-Akkus<\/li>\n<li>USB-C-Buchse<\/li>\n<li>Schnellladefunktion (~80% in 40 Minuten)<\/li>\n<\/ul>\n<\/div>\n<\/div>\n<\/div>\n<\/div>\n<p><\/p>\n","protected":false},"excerpt":{"rendered":"<p>Der Mighty war schon immer das Arbeitspferd von Storz&amp;bickel, und jetzt, mit dem MIGHTY+, legt die deutsche Marke die Messlatte<\/p>\n","protected":false},"featured_media":129788,"comment_status":"open","ping_status":"closed","template":"","meta":[],"product_brand":[],"product_cat":[7907],"product_tag":[],"class_list":{"0":"post-129814","1":"product","2":"type-product","3":"status-publish","4":"has-post-thumbnail","6":"product_cat-verdampfer","8":"first","9":"instock","10":"sale","11":"taxable","12":"shipping-taxable","13":"purchasable","14":"product-type-simple"},"aioseo_notices":[],"_links":{"self":[{"href":"https:\/\/www.budream.com\/de\/wp-json\/wp\/v2\/product\/129814","targetHints":{"allow":["GET"]}}],"collection":[{"href":"https:\/\/www.budream.com\/de\/wp-json\/wp\/v2\/product"}],"about":[{"href":"https:\/\/www.budream.com\/de\/wp-json\/wp\/v2\/types\/product"}],"replies":[{"embeddable":true,"href":"https:\/\/www.budream.com\/de\/wp-json\/wp\/v2\/comments?post=129814"}],"version-history":[{"count":0,"href":"https:\/\/www.budream.com\/de\/wp-json\/wp\/v2\/product\/129814\/revisions"}],"wp:featuredmedia":[{"embeddable":true,"href":"https:\/\/www.budream.com\/de\/wp-json\/wp\/v2\/media\/129788"}],"wp:attachment":[{"href":"https:\/\/www.budream.com\/de\/wp-json\/wp\/v2\/media?parent=129814"}],"wp:term":[{"taxonomy":"product_brand","embeddable":true,"href":"https:\/\/www.budream.com\/de\/wp-json\/wp\/v2\/product_brand?post=129814"},{"taxonomy":"product_cat","embeddable":true,"href":"https:\/\/www.budream.com\/de\/wp-json\/wp\/v2\/product_cat?post=129814"},{"taxonomy":"product_tag","embeddable":true,"href":"https:\/\/www.budream.com\/de\/wp-json\/wp\/v2\/product_tag?post=129814"}],"curies":[{"name":"wp","href":"https:\/\/api.w.org\/{rel}","templated":true}]}}