{"id":130014,"date":"2025-07-30T22:42:41","date_gmt":"2025-07-30T20:42:41","guid":{"rendered":"https:\/\/www.budream.com\/shop\/impresind-eliturbo-uv-licht-sanitifizierer-und-lueftungsdestratifikator-100mc-h\/"},"modified":"2025-10-14T19:13:26","modified_gmt":"2025-10-14T17:13:26","slug":"impresind-eliturbo-uv-licht-sanitifizierer-und-lueftungsdestratifikator-100mc-h","status":"publish","type":"product","link":"https:\/\/www.budream.com\/de\/shop\/impresind-eliturbo-uv-licht-sanitifizierer-und-lueftungsdestratifikator-100mc-h\/","title":{"rendered":"IMPRESIND &#8211; ELITURBO UV-LICHT-SANITIFIZIERER UND L\u00dcFTUNGSDESTRATIFIKATOR | 100mc\/h"},"content":{"rendered":"<p>ELITURBO UV-Light nutzt die Technologie der kurzwelligen ultravioletten Strahlung, bekannt als UV-C, um die bakterielle und virale Belastung der Luft zu reduzieren. ELITURBO UV-Light <strong>kann dank seines einzigartigen UV-C-Abschirm- und Schutzsystems auch in Anwesenheit von Personen H24 betrieben werden. <\/strong>W\u00e4hrend des Nachtbetriebs in Abwesenheit von Personen ist die Neutralisierung von Bakterien und Viren abgeschlossen und am n\u00e4chsten Tag ist die Raumluft saniert.<\/p>\n<p>ELITURBO UV-Light <strong>nutzt ein spezielles Desinfektions- und Bel\u00fcftungsverfahren<\/strong>, um die Raumluft zu behandeln.<strong> Die Luft str\u00f6mt durch eine keimt\u00f6tende Kammer, in der sie mit UV-C-Strahlen aus mehreren Richtungen beschossen wird, die in der Lage sind, die vorhandenen Krankheitserreger zu erreichen und zu neutralisieren.<\/strong> Die desinfizierte Luft wird in alle Richtungen in den Raum zur\u00fcckgef\u00fchrt, um das Mikroklima im Raum auszugleichen. Im Gegensatz zu anderen Ger\u00e4ten, die den Raum nur in eine Richtung bestrahlen, <strong>erm\u00f6glicht die einzigartige Form von Eliturbo UV-Light mit ihren kreisf\u00f6rmigen Deflektoren die Behandlung der Luft in einem Winkel von 360&deg; und die Desinfektion des gesamten betroffenen Volumens.<\/strong> Die Bel\u00fcftung erfolgt sanft und leise.<\/p>\n<h2><strong><span style=\"text-decoration: underline\">Vorteile der Verwendung von Eliturbo UV-Light:<\/span><\/strong><\/h2>\n<ul style=\"list-style-type: disc\">\n<li>Konzipiert f\u00fcr den Einsatz in geschlossenen R\u00e4umen, auch in Anwesenheit von Personen (Verordnung \u00fcber Gesundheit und Sicherheit am Arbeitsplatz, Gesetzesverordnung vom 9. April 2008 Nr. 81)<\/li>\n<li>Hoher Wirkungsgrad der ultravioletten Strahlung<\/li>\n<li>Schutz vor der Einwirkung von UV-C-Quellen<\/li>\n<li>Keimt\u00f6tende Wirkung zur Neutralisierung von Viren und Bakterien<\/li>\n<li>Verringerung der Oberfl\u00e4chenverschmutzung<\/li>\n<li>Ersetzt die Verwendung von chemischen Sprays in der Luft<\/li>\n<li>Ozonfrei<\/li>\n<li>Gepr\u00fcfte und zertifizierte Materialien und Ger\u00e4te<\/li>\n<li>Kontinuierlicher Betrieb<\/li>\n<li>Einfacher Einbau<\/li>\n<\/ul>\n<p>Die Installation ist sehr einfach, ELITURBO UV-Light ist leicht und kann an der Decke des Raumes in einer <strong>H\u00f6he von mindestens 2,5 m \u00fcber dem Boden<\/strong> aufgeh\u00e4ngt werden <strong>.<\/strong> Es ben\u00f6tigt einen Anschluss an die Stromversorgung und einen Ein-\/Ausschalter. <strong>Bei Wartungsarbeiten am Produkt und anderen Arbeiten in der H\u00f6he im Aufstellungsraum<\/strong> muss <strong>das Ger\u00e4t<\/strong> ausgeschaltet werden. <strong><br \/><\/strong><\/p>\n<h2><strong><span style=\"text-decoration: underline\">Technische Daten Eliturbo UV-Light:<\/span><\/strong><\/h2>\n<ul style=\"list-style-type: disc\">\n<li><strong>Leistungsaufnahme<\/strong> 90W<\/li>\n<li><strong>Stromversorgung<\/strong> 220-240V<\/li>\n<li><strong>Typ Axialventilator<\/strong> <\/li>\n<li><strong>Gesamte bewegte Luft<\/strong> m3\/h 100<\/li>\n<li><strong>Schallleistung<\/strong> db(A) 35<\/li>\n<li><strong>Durchmesser &Oslash;<\/strong> mm 680<\/li>\n<li><strong>H\u00f6he<\/strong> h mm 260<\/li>\n<li><strong>Gewicht<\/strong> kg 10<\/li>\n<li><strong>\u00c4u\u00dfere Ausf\u00fchrung<\/strong> Pulverbeschichtung<\/li>\n<li><strong>Normen<\/strong> IEC60879 &#8211; EN ISO1680<\/li>\n<\/ul>\n<p><strong><br \/>ENTSORGUNG<\/strong><\/p>\n<ul style=\"list-style-type: disc\">\n<li><strong>UV-C-Lampen<\/strong> 2x36W<\/li>\n<li><strong>UV-C-Wellenl\u00e4nge<\/strong> 254nm<\/li>\n<li><strong>Lebensdauer der Lampen<\/strong> 9000 h<\/li>\n<li><strong>Einwirkungsbereich<\/strong> 100mc-40sqm<\/li>\n<\/ul>\n<h3><span style=\"text-decoration: underline\"><strong>Was ist UV-C<\/strong><\/span><\/h3>\n<p>Licht wird in sichtbare Strahlen, Infrarotstrahlen und ultraviolette Strahlen unterteilt. Ultraviolette Strahlen (unsichtbar) werden unterteilt in:<\/p>\n<ul style=\"list-style-type: disc\">\n<li>UV-A (br\u00e4unende Eigenschaften)<\/li>\n<li>UV-B (therapeutische Eigenschaften)<\/li>\n<li>UV-C (keimabt\u00f6tende Eigenschaften)<\/li>\n<\/ul>\n<p>UV-C eliminiert Bakterien, Viren, Pilze, Sporen, Schimmelpilze und Milben, indem es ihre DNA zerst\u00f6rt und ihre Reproduktion und Vermehrung hemmt. Die UV-C-Technologie ist eine kosteng\u00fcnstige physikalische Desinfektionsmethode, die umweltfreundlich ist und im Gegensatz zu chemischen Mitteln gegen alle Mikroorganismen wirkt, ohne Resistenzen zu erzeugen.<\/p>\n<p>Ausbringungszeiten: sind beim Hersteller zu erfragen.<\/p>\n","protected":false},"excerpt":{"rendered":"<p>ELITURBO UV-Light nutzt die Technologie der kurzwelligen ultravioletten Strahlung, bekannt als UV-C, um die bakterielle und virale Belastung der Luft<\/p>\n","protected":false},"featured_media":130003,"comment_status":"open","ping_status":"closed","template":"","meta":[],"product_brand":[],"product_cat":[7929],"product_tag":[],"class_list":{"0":"post-130014","1":"product","2":"type-product","3":"status-publish","4":"has-post-thumbnail","6":"product_cat-pflanzenschutz-und-abwehr","8":"first","9":"instock","10":"taxable","11":"shipping-taxable","12":"purchasable","13":"product-type-simple"},"aioseo_notices":[],"_links":{"self":[{"href":"https:\/\/www.budream.com\/de\/wp-json\/wp\/v2\/product\/130014","targetHints":{"allow":["GET"]}}],"collection":[{"href":"https:\/\/www.budream.com\/de\/wp-json\/wp\/v2\/product"}],"about":[{"href":"https:\/\/www.budream.com\/de\/wp-json\/wp\/v2\/types\/product"}],"replies":[{"embeddable":true,"href":"https:\/\/www.budream.com\/de\/wp-json\/wp\/v2\/comments?post=130014"}],"version-history":[{"count":0,"href":"https:\/\/www.budream.com\/de\/wp-json\/wp\/v2\/product\/130014\/revisions"}],"wp:featuredmedia":[{"embeddable":true,"href":"https:\/\/www.budream.com\/de\/wp-json\/wp\/v2\/media\/130003"}],"wp:attachment":[{"href":"https:\/\/www.budream.com\/de\/wp-json\/wp\/v2\/media?parent=130014"}],"wp:term":[{"taxonomy":"product_brand","embeddable":true,"href":"https:\/\/www.budream.com\/de\/wp-json\/wp\/v2\/product_brand?post=130014"},{"taxonomy":"product_cat","embeddable":true,"href":"https:\/\/www.budream.com\/de\/wp-json\/wp\/v2\/product_cat?post=130014"},{"taxonomy":"product_tag","embeddable":true,"href":"https:\/\/www.budream.com\/de\/wp-json\/wp\/v2\/product_tag?post=130014"}],"curies":[{"name":"wp","href":"https:\/\/api.w.org\/{rel}","templated":true}]}}