{"id":130024,"date":"2025-07-30T22:44:13","date_gmt":"2025-07-30T20:44:13","guid":{"rendered":"https:\/\/www.budream.com\/shop\/bubblextractor-waschmaschine-filterbeutel-klein-75l\/"},"modified":"2026-03-17T18:22:16","modified_gmt":"2026-03-17T16:22:16","slug":"bubblextractor-waschmaschine-filterbeutel-klein-75l","status":"publish","type":"product","link":"https:\/\/www.budream.com\/de\/shop\/bubblextractor-waschmaschine-filterbeutel-klein-75l\/","title":{"rendered":"BUBBLEXTRACTOR &#8211; WASCHMASCHINE FILTERBEUTEL KLEIN | 7,5L"},"content":{"rendered":"<p><span class=\"s1\">Der Bubblextractor-Filterbeutel wird verwendet, um das Material w\u00e4hrend der Extraktion mit dem Eisw\u00fcrfelbereiter einzuschlie\u00dfen und den Durchgang gr\u00f6\u00dferer, unerw\u00fcnschter Pflanzenfragmente zu verhindern. <\/span><\/p>\n<h2><span style=\"text-decoration: underline\">BUBBLEXTRACTOR kleine Waschmaschine Filterbeutel:<\/span><\/h2>\n<ul style=\"list-style-type: disc\">\n<li><span class=\"s1\"><span data-v-bfa84108=\"\">Beutelgr\u00f6\u00dfe: 29<\/span> x 25cm ;<\/span><\/li>\n<li><span class=\"s1\">Maschenweite: 220 Mikron ;<\/span><\/li>\n<li><span class=\"s1\">Volumen des Beutels: 7,5 Liter ;<\/span><\/li>\n<li>Fassungsverm\u00f6gen trockenes Material: 75gr Max ;<\/li>\n<li>Fassungsverm\u00f6gen f\u00fcr frisches Gefriergut: 300gr Max ;<\/li>\n<\/ul>\n","protected":false},"excerpt":{"rendered":"<p>Der Bubblextractor-Filterbeutel wird verwendet, um das Material w\u00e4hrend der Extraktion mit dem Eisw\u00fcrfelbereiter einzuschlie\u00dfen und den Durchgang gr\u00f6\u00dferer, unerw\u00fcnschter Pflanzenfragmente<\/p>\n","protected":false},"featured_media":130018,"comment_status":"open","ping_status":"closed","template":"","meta":[],"product_brand":[],"product_cat":[1173],"product_tag":[],"class_list":{"0":"post-130024","1":"product","2":"type-product","3":"status-publish","4":"has-post-thumbnail","6":"product_cat-headshop","8":"first","9":"instock","10":"taxable","11":"shipping-taxable","12":"purchasable","13":"product-type-simple"},"_links":{"self":[{"href":"https:\/\/www.budream.com\/de\/wp-json\/wp\/v2\/product\/130024","targetHints":{"allow":["GET"]}}],"collection":[{"href":"https:\/\/www.budream.com\/de\/wp-json\/wp\/v2\/product"}],"about":[{"href":"https:\/\/www.budream.com\/de\/wp-json\/wp\/v2\/types\/product"}],"replies":[{"embeddable":true,"href":"https:\/\/www.budream.com\/de\/wp-json\/wp\/v2\/comments?post=130024"}],"version-history":[{"count":0,"href":"https:\/\/www.budream.com\/de\/wp-json\/wp\/v2\/product\/130024\/revisions"}],"wp:featuredmedia":[{"embeddable":true,"href":"https:\/\/www.budream.com\/de\/wp-json\/wp\/v2\/media\/130018"}],"wp:attachment":[{"href":"https:\/\/www.budream.com\/de\/wp-json\/wp\/v2\/media?parent=130024"}],"wp:term":[{"taxonomy":"product_brand","embeddable":true,"href":"https:\/\/www.budream.com\/de\/wp-json\/wp\/v2\/product_brand?post=130024"},{"taxonomy":"product_cat","embeddable":true,"href":"https:\/\/www.budream.com\/de\/wp-json\/wp\/v2\/product_cat?post=130024"},{"taxonomy":"product_tag","embeddable":true,"href":"https:\/\/www.budream.com\/de\/wp-json\/wp\/v2\/product_tag?post=130024"}],"curies":[{"name":"wp","href":"https:\/\/api.w.org\/{rel}","templated":true}]}}