{"id":130034,"date":"2025-07-30T22:44:52","date_gmt":"2025-07-30T20:44:52","guid":{"rendered":"https:\/\/www.budream.com\/shop\/italia-cbd-post-tattooing-repairing-lotion-02-cbd-30ml\/"},"modified":"2025-10-14T19:14:59","modified_gmt":"2025-10-14T17:14:59","slug":"italia-cbd-post-tattooing-repairing-lotion-02-cbd-30ml","status":"publish","type":"product","link":"https:\/\/www.budream.com\/de\/shop\/italia-cbd-post-tattooing-repairing-lotion-02-cbd-30ml\/","title":{"rendered":"ITALIA CBD &#8211; POST TATTOOING REPAIRING LOTION | 0,2% CBD | 30ml"},"content":{"rendered":"<p><strong>CBD und<\/strong> Panthenol<strong>Repair Lotion f\u00fcr das neue Tattoo entwickelt<\/strong>, basierend auf Panthenol, f\u00f6rdert die Umstrukturierung der Haut und schnelle Wiederherstellung.<\/p>\n<p>Seine spezielle Formel hat eine beruhigende Wirkung und lindert Juckreiz und Irritationen.<\/p>\n<p>Es ist nicht fettig und macht keine Flecken.<\/p>\n<p>Panthenol ist ein Bestandteil von Vitamin B, dessen Haupteigenschaft in seiner F\u00e4higkeit besteht, zu desinfizieren und schnell zu heilen, Entz\u00fcndungen zu lindern und die Epithelisierung zu beschleunigen. CBD zeigt \u00e4hnliche aufbauende Wirkungen, die eine schnelle Heilung f\u00f6rdern und gleichzeitig antibakteriell wirken.<\/p>\n<p>Panthenol Lotion in Kombination mit CBD hat eine starke regenerative und entz\u00fcndungshemmende Wirkung, beruhigt gereizte Haut schnell und Sie erzielen in k\u00fcrzerer Zeit positive Ergebnisse.<\/p>\n<h2><span style=\"text-decoration: underline\"><strong>Zus\u00e4tzliche Vorteile von CBD:<\/strong><\/span><\/h2>\n<ul style=\"list-style-type: disc\">\n<li>Cannabidiol (CBD) ist nicht psychoaktiv und beeintr\u00e4chtigt nicht das Bewusstsein;<\/li>\n<li>Stellt sehr trockene und empfindliche Haut wieder her;<\/li>\n<li>Verbessert die Blutzirkulation in den Kapillaren;<\/li>\n<li>Wird bei Entz\u00fcndungen und Schwellungen eingesetzt;<\/li>\n<li>F\u00f6rdert die Zellregeneration;<\/li>\n<li>Bek\u00e4mpft aktiv die Pigmentierung;<\/li>\n<li>Wird bei der Behandlung von Psoriasis, Ekzemen und Akne eingesetzt.<\/li>\n<\/ul>\n<p>CBD-\u00d6l wird aus zertifizierten Cannabis sativa-Bl\u00fcten gewonnen, die aus zugelassenem und legalem Anbau stammen. Dieses Produkt enth\u00e4lt CBD ohne Farbstoffe und Konservierungsmittel. Au\u00dferhalb der Reichweite von Kindern aufbewahren. Nicht zur Verbrennung geeignet.<br \/>Nicht-narkotisches Produkt, das f\u00fcr die Verwendung gem\u00e4\u00df dem Gesetz Nr. 242\/16 und dem Rundschreiben des Gesundheitsministeriums vom 22\/05\/2009 zugelassen ist.<\/p>\n","protected":false},"excerpt":{"rendered":"<p>CBD und PanthenolRepair Lotion f\u00fcr das neue Tattoo entwickelt, basierend auf Panthenol, f\u00f6rdert die Umstrukturierung der Haut und schnelle Wiederherstellung.<\/p>\n","protected":false},"featured_media":130028,"comment_status":"open","ping_status":"closed","template":"","meta":[],"product_brand":[],"product_cat":[7912],"product_tag":[],"class_list":{"0":"post-130034","1":"product","2":"type-product","3":"status-publish","4":"has-post-thumbnail","6":"product_cat-kosmetik","8":"first","9":"instock","10":"taxable","11":"shipping-taxable","12":"purchasable","13":"product-type-simple"},"_links":{"self":[{"href":"https:\/\/www.budream.com\/de\/wp-json\/wp\/v2\/product\/130034","targetHints":{"allow":["GET"]}}],"collection":[{"href":"https:\/\/www.budream.com\/de\/wp-json\/wp\/v2\/product"}],"about":[{"href":"https:\/\/www.budream.com\/de\/wp-json\/wp\/v2\/types\/product"}],"replies":[{"embeddable":true,"href":"https:\/\/www.budream.com\/de\/wp-json\/wp\/v2\/comments?post=130034"}],"version-history":[{"count":0,"href":"https:\/\/www.budream.com\/de\/wp-json\/wp\/v2\/product\/130034\/revisions"}],"wp:featuredmedia":[{"embeddable":true,"href":"https:\/\/www.budream.com\/de\/wp-json\/wp\/v2\/media\/130028"}],"wp:attachment":[{"href":"https:\/\/www.budream.com\/de\/wp-json\/wp\/v2\/media?parent=130034"}],"wp:term":[{"taxonomy":"product_brand","embeddable":true,"href":"https:\/\/www.budream.com\/de\/wp-json\/wp\/v2\/product_brand?post=130034"},{"taxonomy":"product_cat","embeddable":true,"href":"https:\/\/www.budream.com\/de\/wp-json\/wp\/v2\/product_cat?post=130034"},{"taxonomy":"product_tag","embeddable":true,"href":"https:\/\/www.budream.com\/de\/wp-json\/wp\/v2\/product_tag?post=130034"}],"curies":[{"name":"wp","href":"https:\/\/api.w.org\/{rel}","templated":true}]}}