{"id":130044,"date":"2025-07-30T22:45:21","date_gmt":"2025-07-30T20:45:21","guid":{"rendered":"https:\/\/www.budream.com\/shop\/italien-cbd-sweet-orange-moisturising-lotion-1-cbd-30ml\/"},"modified":"2025-10-14T19:15:29","modified_gmt":"2025-10-14T17:15:29","slug":"italien-cbd-sweet-orange-moisturising-lotion-1-cbd-30ml","status":"publish","type":"product","link":"https:\/\/www.budream.com\/de\/shop\/italien-cbd-sweet-orange-moisturising-lotion-1-cbd-30ml\/","title":{"rendered":"ITALIEN CBD &#8211; SWEET ORANGE MOISTURISING LOTION | 1% CBD | 30ml"},"content":{"rendered":"<p><strong>Die CBD-Lotion ist ein hervorragendes Mittel f\u00fcr trockene und dehydrierte Haut<\/strong>. Die leichte Textur dieser Lotion revitalisiert die Haut sofort und verbessert ihr Aussehen. Und dank der leichten und kompakten Verpackung k\u00f6nnen Sie sie immer bei sich tragen.<\/p>\n<p>Orangen\u00f6l gilt als eines der wirksamsten Beruhigungsmittel f\u00fcr empfindliche Haut. Es stimuliert die Zellaktivit\u00e4t und das Zellwachstum und verleiht der Haut Spannkraft. CBD lindert Reizungen, indem es Hautausschl\u00e4ge verhindert, und hat antioxidative Eigenschaften, die die Zeichen der Hautalterung verlangsamen.<\/p>\n<\/p>\n<h2><span style=\"text-decoration: underline\"><strong>Zus\u00e4tzliche Vorteile von CBD<\/strong><\/span><\/h2>\n<ul style=\"list-style-type: disc\">\n<li>Cannabidiol (CBD) ist nicht psychoaktiv und beeinflusst das Bewusstsein nicht;<\/li>\n<li>Baut sehr trockene und empfindliche Haut wieder auf;<\/li>\n<li>Verbessert die Blutzirkulation in den Kapillaren;<\/li>\n<li>Wird bei Entz\u00fcndungen und Schwellungen eingesetzt;<\/li>\n<li>F\u00f6rdert die Zellregeneration;<\/li>\n<li>Bek\u00e4mpft aktiv die Pigmentierung;<\/li>\n<li>Wird bei der Behandlung von Psoriasis, Ekzemen und Akne eingesetzt.<\/li>\n<\/ul>\n<p>CBD-\u00d6l wird aus zertifizierten Cannabis sativa-Bl\u00fcten gewonnen, die aus zugelassenem und legalem Anbau stammen. Dieses Produkt enth\u00e4lt CBD ohne Farbstoffe und Konservierungsmittel. Au\u00dferhalb der Reichweite von Kindern aufbewahren. Nicht zur Verbrennung geeignet.<br \/>Nicht-narkotisches Produkt, das f\u00fcr die Verwendung gem\u00e4\u00df dem Gesetz Nr. 242\/16 und dem Rundschreiben des Gesundheitsministeriums vom 22\/05\/2009 zugelassen ist.<\/p>\n","protected":false},"excerpt":{"rendered":"<p>Die CBD-Lotion ist ein hervorragendes Mittel f\u00fcr trockene und dehydrierte Haut. Die leichte Textur dieser Lotion revitalisiert die Haut sofort<\/p>\n","protected":false},"featured_media":130038,"comment_status":"open","ping_status":"closed","template":"","meta":[],"product_brand":[],"product_cat":[7912],"product_tag":[],"class_list":{"0":"post-130044","1":"product","2":"type-product","3":"status-publish","4":"has-post-thumbnail","6":"product_cat-kosmetik","8":"first","9":"instock","10":"taxable","11":"shipping-taxable","12":"purchasable","13":"product-type-simple"},"_links":{"self":[{"href":"https:\/\/www.budream.com\/de\/wp-json\/wp\/v2\/product\/130044","targetHints":{"allow":["GET"]}}],"collection":[{"href":"https:\/\/www.budream.com\/de\/wp-json\/wp\/v2\/product"}],"about":[{"href":"https:\/\/www.budream.com\/de\/wp-json\/wp\/v2\/types\/product"}],"replies":[{"embeddable":true,"href":"https:\/\/www.budream.com\/de\/wp-json\/wp\/v2\/comments?post=130044"}],"version-history":[{"count":0,"href":"https:\/\/www.budream.com\/de\/wp-json\/wp\/v2\/product\/130044\/revisions"}],"wp:featuredmedia":[{"embeddable":true,"href":"https:\/\/www.budream.com\/de\/wp-json\/wp\/v2\/media\/130038"}],"wp:attachment":[{"href":"https:\/\/www.budream.com\/de\/wp-json\/wp\/v2\/media?parent=130044"}],"wp:term":[{"taxonomy":"product_brand","embeddable":true,"href":"https:\/\/www.budream.com\/de\/wp-json\/wp\/v2\/product_brand?post=130044"},{"taxonomy":"product_cat","embeddable":true,"href":"https:\/\/www.budream.com\/de\/wp-json\/wp\/v2\/product_cat?post=130044"},{"taxonomy":"product_tag","embeddable":true,"href":"https:\/\/www.budream.com\/de\/wp-json\/wp\/v2\/product_tag?post=130044"}],"curies":[{"name":"wp","href":"https:\/\/api.w.org\/{rel}","templated":true}]}}