{"id":130054,"date":"2025-07-30T22:45:49","date_gmt":"2025-07-30T20:45:49","guid":{"rendered":"https:\/\/www.budream.com\/shop\/italia-cbd-anti-age-nutrition-creme-15-cbd-50ml\/"},"modified":"2025-10-14T19:15:55","modified_gmt":"2025-10-14T17:15:55","slug":"italia-cbd-anti-age-nutrition-creme-15-cbd-50ml","status":"publish","type":"product","link":"https:\/\/www.budream.com\/de\/shop\/italia-cbd-anti-age-nutrition-creme-15-cbd-50ml\/","title":{"rendered":"ITALIA CBD &#8211; ANTI-AGE NUTRITION CR\u00c8ME | 1,5% CBD | 50ml"},"content":{"rendered":"<p>Die beruhigende und stabilisierende Wirkung von CBD auf die Haut in Kombination mit den verj\u00fcngenden Eigenschaften von Nicotinamid.<\/p>\n<p>Mit zunehmendem Alter speichert die Haut weniger Wasser und wird trockener und d\u00fcnner, Blutgef\u00e4\u00dfe werden sichtbar und die Hyperpigmentierung wird durch Sonnenlicht immer st\u00e4rker. All diese und andere Anzeichen der Hautalterung sind Indikatoren f\u00fcr die Verwendung einer regenerierenden CBD-Nahrungscreme.<\/p>\n<p>Das in der Zusammensetzung enthaltene Nikotinamid (Vitamin PP oder B3) wirkt stabilisierend auf die Barrierefunktion der Epidermis, reduziert den transepidermalen Wasserverlust und verbessert den Feuchtigkeitsgehalt im Stratum corneum, indem es die Synthese von freien Fetts\u00e4uren und Ceramiden im Stratum corneum erh\u00f6ht. Mit anderen Worten: Es tr\u00e4gt zur Regulierung des Fettstoffwechsels bei, verringert die Trockenheit und Empfindlichkeit der Haut und verbessert so den allgemeinen Zustand der Haut.<\/p>\n<p>CBD hat starke antioxidative Eigenschaften.<\/p>\n<p>Da alle Hauttypen t\u00e4glich mit Umweltbelastungen konfrontiert werden, reduziert der beruhigende Mechanismus von CBD in Verbindung mit seiner entz\u00fcndungshemmenden Wirkung das Aufflackern von R\u00f6tungen und hilft reaktiver Haut, sich besser zu f\u00fchlen und auszusehen.<\/p>\n<\/p>\n<h2><span style=\"text-decoration: underline\"><strong>Zus\u00e4tzliche Vorteile von CBD<\/strong><\/span><\/h2>\n<ul style=\"list-style-type: disc\">\n<li>Cannabidiol (CBD) ist nicht psychoaktiv und beeinflusst das Bewusstsein nicht;<\/li>\n<li>Baut sehr trockene und empfindliche Haut wieder auf;<\/li>\n<li>Verbessert die Blutzirkulation in den Kapillaren;<\/li>\n<li>Wird bei Entz\u00fcndungen und Schwellungen eingesetzt;<\/li>\n<li>F\u00f6rdert die Zellregeneration;<\/li>\n<li>Bek\u00e4mpft aktiv die Pigmentierung;<\/li>\n<li>Wird bei der Behandlung von Psoriasis, Ekzemen und Akne eingesetzt.<\/li>\n<\/ul>\n<p>CBD-\u00d6l wird aus zertifizierten Cannabis sativa-Bl\u00fcten gewonnen, die aus zugelassenem und legalem Anbau stammen. Dieses Produkt enth\u00e4lt CBD ohne Farbstoffe und Konservierungsmittel. Au\u00dferhalb der Reichweite von Kindern aufbewahren. Nicht zur Verbrennung geeignet.<br \/>Nicht-narkotisches Produkt, das f\u00fcr die Verwendung gem\u00e4\u00df dem Gesetz Nr. 242\/16 und dem Rundschreiben des Gesundheitsministeriums vom 22\/05\/2009 zugelassen ist.<\/p>\n","protected":false},"excerpt":{"rendered":"<p>Die beruhigende und stabilisierende Wirkung von CBD auf die Haut in Kombination mit den verj\u00fcngenden Eigenschaften von Nicotinamid. Mit zunehmendem<\/p>\n","protected":false},"featured_media":130048,"comment_status":"open","ping_status":"closed","template":"","meta":[],"product_brand":[],"product_cat":[1171],"product_tag":[],"class_list":{"0":"post-130054","1":"product","2":"type-product","3":"status-publish","4":"has-post-thumbnail","6":"product_cat-cosmetici","8":"first","9":"outofstock","10":"taxable","11":"shipping-taxable","12":"purchasable","13":"product-type-simple"},"_links":{"self":[{"href":"https:\/\/www.budream.com\/de\/wp-json\/wp\/v2\/product\/130054","targetHints":{"allow":["GET"]}}],"collection":[{"href":"https:\/\/www.budream.com\/de\/wp-json\/wp\/v2\/product"}],"about":[{"href":"https:\/\/www.budream.com\/de\/wp-json\/wp\/v2\/types\/product"}],"replies":[{"embeddable":true,"href":"https:\/\/www.budream.com\/de\/wp-json\/wp\/v2\/comments?post=130054"}],"version-history":[{"count":0,"href":"https:\/\/www.budream.com\/de\/wp-json\/wp\/v2\/product\/130054\/revisions"}],"wp:featuredmedia":[{"embeddable":true,"href":"https:\/\/www.budream.com\/de\/wp-json\/wp\/v2\/media\/130048"}],"wp:attachment":[{"href":"https:\/\/www.budream.com\/de\/wp-json\/wp\/v2\/media?parent=130054"}],"wp:term":[{"taxonomy":"product_brand","embeddable":true,"href":"https:\/\/www.budream.com\/de\/wp-json\/wp\/v2\/product_brand?post=130054"},{"taxonomy":"product_cat","embeddable":true,"href":"https:\/\/www.budream.com\/de\/wp-json\/wp\/v2\/product_cat?post=130054"},{"taxonomy":"product_tag","embeddable":true,"href":"https:\/\/www.budream.com\/de\/wp-json\/wp\/v2\/product_tag?post=130054"}],"curies":[{"name":"wp","href":"https:\/\/api.w.org\/{rel}","templated":true}]}}