{"id":130064,"date":"2025-07-30T22:46:16","date_gmt":"2025-07-30T20:46:16","guid":{"rendered":"https:\/\/www.budream.com\/shop\/italia-cbd-rapid-refrigerant-cream-3-cbd-50ml\/"},"modified":"2025-10-14T19:16:21","modified_gmt":"2025-10-14T17:16:21","slug":"italia-cbd-rapid-refrigerant-cream-3-cbd-50ml","status":"publish","type":"product","link":"https:\/\/www.budream.com\/de\/shop\/italia-cbd-rapid-refrigerant-cream-3-cbd-50ml\/","title":{"rendered":"ITALIA CBD &#8211; RAPID REFRIGERANT CREAM | 3% CBD | 50ml"},"content":{"rendered":"<p>CBD Fast Relief Cream ist ideal f\u00fcr die Linderung verschiedener Arten von Beschwerden.<\/p>\n<p>CBD bietet entz\u00fcndungshemmende Eigenschaften, wenn es topisch angewendet wird. CBD-Creme ist eine bessere Alternative zur Schmerzlinderung als CBD-\u00d6l, da sie direkt auf den Bereich aufgetragen werden kann, in dem der Schmerz empfunden wird, und in diesem speziellen Bereich wirksamer ist, da Cremes schneller aufgenommen werden.<\/p>\n<p>CBD-Creme hat eine lokale Wirkung, die eine gute L\u00f6sung f\u00fcr die Linderung verschiedener Muskelverspannungen nach dem Training oder Sport ist.<\/p>\n<p>Sie ist v\u00f6llig nat\u00fcrlich und biologisch und hat nicht die Nebenwirkungen der meisten Schmerzmittel.<\/p>\n<p>Diese CBD-Creme hilft nicht nur bei chronischen oder akuten Schmerzen, arthritischen Schmerzen, Muskel- und Gelenkschmerzen, sondern wird auch zur Linderung der Symptome einer Reihe von Hautkrankheiten wie Ekzemen, Schuppenflechte, Hautausschl\u00e4gen, Hautinfektionen und Sonnenbrand eingesetzt. Sie hilft auch, die Ansammlung von abgestorbenen Hautzellen zu verhindern und lindert die durch verschiedene Hautinfektionen verursachten Schmerzen.<\/p>\n<\/p>\n<h2><span style=\"text-decoration: underline\"><strong>Zus\u00e4tzliche Vorteile von CBD<\/strong><\/span><\/h2>\n<ul style=\"list-style-type: disc\">\n<li>Cannabidiol (CBD) ist nicht psychoaktiv und beeinflusst das Bewusstsein nicht;<\/li>\n<li>Baut sehr trockene und empfindliche Haut wieder auf;<\/li>\n<li>Verbessert die Blutzirkulation in den Kapillaren;<\/li>\n<li>Wird bei Entz\u00fcndungen und Schwellungen eingesetzt;<\/li>\n<li>F\u00f6rdert die Zellregeneration;<\/li>\n<li>Bek\u00e4mpft aktiv die Pigmentierung;<\/li>\n<li>Wird bei der Behandlung von Psoriasis, Ekzemen und Akne eingesetzt.<\/li>\n<\/ul>\n<p>CBD-\u00d6l wird aus zertifizierten Cannabis sativa-Bl\u00fcten gewonnen, die aus zugelassenem und legalem Anbau stammen. Dieses Produkt enth\u00e4lt CBD ohne Farbstoffe und Konservierungsmittel. Au\u00dferhalb der Reichweite von Kindern aufbewahren. Nicht zur Verbrennung geeignet.<br \/>Nicht-narkotisches Produkt, das f\u00fcr die Verwendung gem\u00e4\u00df dem Gesetz Nr. 242\/16 und dem Rundschreiben des Gesundheitsministeriums vom 22\/05\/2009 zugelassen ist.<\/p>\n","protected":false},"excerpt":{"rendered":"<p>CBD Fast Relief Cream ist ideal f\u00fcr die Linderung verschiedener Arten von Beschwerden. CBD bietet entz\u00fcndungshemmende Eigenschaften, wenn es topisch<\/p>\n","protected":false},"featured_media":130058,"comment_status":"open","ping_status":"closed","template":"","meta":[],"product_brand":[],"product_cat":[7912],"product_tag":[],"class_list":{"0":"post-130064","1":"product","2":"type-product","3":"status-publish","4":"has-post-thumbnail","6":"product_cat-kosmetik","8":"first","9":"instock","10":"taxable","11":"shipping-taxable","12":"purchasable","13":"product-type-simple"},"_links":{"self":[{"href":"https:\/\/www.budream.com\/de\/wp-json\/wp\/v2\/product\/130064","targetHints":{"allow":["GET"]}}],"collection":[{"href":"https:\/\/www.budream.com\/de\/wp-json\/wp\/v2\/product"}],"about":[{"href":"https:\/\/www.budream.com\/de\/wp-json\/wp\/v2\/types\/product"}],"replies":[{"embeddable":true,"href":"https:\/\/www.budream.com\/de\/wp-json\/wp\/v2\/comments?post=130064"}],"version-history":[{"count":0,"href":"https:\/\/www.budream.com\/de\/wp-json\/wp\/v2\/product\/130064\/revisions"}],"wp:featuredmedia":[{"embeddable":true,"href":"https:\/\/www.budream.com\/de\/wp-json\/wp\/v2\/media\/130058"}],"wp:attachment":[{"href":"https:\/\/www.budream.com\/de\/wp-json\/wp\/v2\/media?parent=130064"}],"wp:term":[{"taxonomy":"product_brand","embeddable":true,"href":"https:\/\/www.budream.com\/de\/wp-json\/wp\/v2\/product_brand?post=130064"},{"taxonomy":"product_cat","embeddable":true,"href":"https:\/\/www.budream.com\/de\/wp-json\/wp\/v2\/product_cat?post=130064"},{"taxonomy":"product_tag","embeddable":true,"href":"https:\/\/www.budream.com\/de\/wp-json\/wp\/v2\/product_tag?post=130064"}],"curies":[{"name":"wp","href":"https:\/\/api.w.org\/{rel}","templated":true}]}}