{"id":130139,"date":"2025-07-30T22:47:41","date_gmt":"2025-07-30T20:47:41","guid":{"rendered":"https:\/\/www.budream.com\/shop\/qnubu-mix-silikonbehaelter-mit-anzeige-groesse-xl-139st\/"},"modified":"2026-04-14T15:02:54","modified_gmt":"2026-04-14T13:02:54","slug":"qnubu-mix-silikonbehaelter-mit-anzeige-groesse-xl-139st","status":"publish","type":"product","link":"https:\/\/www.budream.com\/de\/shop\/qnubu-mix-silikonbehaelter-mit-anzeige-groesse-xl-139st\/","title":{"rendered":"QNUBU &#8211; MIX SILIKONBEH\u00c4LTER MIT ANZEIGE | GR\u00d6SSE XL 139St."},"content":{"rendered":"<p>Qnubu-Beh\u00e4lter werden zur Aufbewahrung Ihrer wertvollen Extrakte verwendet! Dank dieses fantastischen Displays k\u00f6nnen Sie dieses Sortiment an Beh\u00e4ltern in verschiedenen Formen und Farben ausstellen.<\/p>\n<h2><span style=\"text-decoration: underline\">Mix Silikonbeh\u00e4lter Gr\u00f6\u00dfe XL:<\/span><\/h2>\n<ul style=\"list-style-type: disc\">\n<li>Mix von Beh\u00e4ltern f\u00fcr Extrakte;<\/li>\n<li>Transparentes Kunststoffdisplay\/Display;<\/li>\n<li>Display mit 139 Einheiten;<\/li>\n<li>Gro\u00dfe Auswahl an Formen, Farben und Fassungsverm\u00f6gen;<\/li>\n<\/ul>\n","protected":false},"excerpt":{"rendered":"<p>Qnubu-Beh\u00e4lter werden zur Aufbewahrung Ihrer wertvollen Extrakte verwendet! Dank dieses fantastischen Displays k\u00f6nnen Sie dieses Sortiment an Beh\u00e4ltern in verschiedenen<\/p>\n","protected":false},"featured_media":130128,"comment_status":"open","ping_status":"closed","template":"","meta":[],"product_brand":[],"product_cat":[7947],"product_tag":[],"class_list":{"0":"post-130139","1":"product","2":"type-product","3":"status-publish","4":"has-post-thumbnail","6":"product_cat-headshop-de","8":"first","9":"instock","10":"taxable","11":"shipping-taxable","12":"purchasable","13":"product-type-simple"},"_links":{"self":[{"href":"https:\/\/www.budream.com\/de\/wp-json\/wp\/v2\/product\/130139","targetHints":{"allow":["GET"]}}],"collection":[{"href":"https:\/\/www.budream.com\/de\/wp-json\/wp\/v2\/product"}],"about":[{"href":"https:\/\/www.budream.com\/de\/wp-json\/wp\/v2\/types\/product"}],"replies":[{"embeddable":true,"href":"https:\/\/www.budream.com\/de\/wp-json\/wp\/v2\/comments?post=130139"}],"version-history":[{"count":1,"href":"https:\/\/www.budream.com\/de\/wp-json\/wp\/v2\/product\/130139\/revisions"}],"predecessor-version":[{"id":262729,"href":"https:\/\/www.budream.com\/de\/wp-json\/wp\/v2\/product\/130139\/revisions\/262729"}],"wp:featuredmedia":[{"embeddable":true,"href":"https:\/\/www.budream.com\/de\/wp-json\/wp\/v2\/media\/130128"}],"wp:attachment":[{"href":"https:\/\/www.budream.com\/de\/wp-json\/wp\/v2\/media?parent=130139"}],"wp:term":[{"taxonomy":"product_brand","embeddable":true,"href":"https:\/\/www.budream.com\/de\/wp-json\/wp\/v2\/product_brand?post=130139"},{"taxonomy":"product_cat","embeddable":true,"href":"https:\/\/www.budream.com\/de\/wp-json\/wp\/v2\/product_cat?post=130139"},{"taxonomy":"product_tag","embeddable":true,"href":"https:\/\/www.budream.com\/de\/wp-json\/wp\/v2\/product_tag?post=130139"}],"curies":[{"name":"wp","href":"https:\/\/api.w.org\/{rel}","templated":true}]}}