{"id":130514,"date":"2025-07-30T22:59:42","date_gmt":"2025-07-30T20:59:42","guid":{"rendered":"https:\/\/www.budream.com\/shop\/qnubu-silikonbehaelter-mit-anzeige-rund-22ml-30st\/"},"modified":"2026-04-14T15:22:22","modified_gmt":"2026-04-14T13:22:22","slug":"qnubu-silikonbehaelter-mit-anzeige-rund-22ml-30st","status":"publish","type":"product","link":"https:\/\/www.budream.com\/de\/shop\/qnubu-silikonbehaelter-mit-anzeige-rund-22ml-30st\/","title":{"rendered":"QNUBU &#8211; SILIKONBEH\u00c4LTER MIT ANZEIGE | RUND 22ml 30St."},"content":{"rendered":"<p>Die Qnubu-Beh\u00e4lter werden zur Aufbewahrung Ihrer wertvollen Extrakte verwendet! Dank dieses fantastischen Displays k\u00f6nnen Sie dieses Sortiment an Beh\u00e4ltern in verschiedenen Formen und Farben ausstellen.<\/p>\n<h2><span style=\"text-decoration: underline\">Silikonbeh\u00e4lter mit rundem Display f\u00fcr 22 ml:<\/span><\/h2>\n<ul style=\"list-style-type: disc\">\n<li>Gef\u00e4\u00dfe f\u00fcr runde Extrakte;<\/li>\n<li>Fassungsverm\u00f6gen: 22 ml;<\/li>\n<li>Display\/Spender aus klarem Kunststoff;<\/li>\n<li>Display mit 30 Einheiten;<\/li>\n<li>Farblich sortiert;<\/li>\n<\/ul>\n","protected":false},"excerpt":{"rendered":"<p>Die Qnubu-Beh\u00e4lter werden zur Aufbewahrung Ihrer wertvollen Extrakte verwendet! Dank dieses fantastischen Displays k\u00f6nnen Sie dieses Sortiment an Beh\u00e4ltern in<\/p>\n","protected":false},"featured_media":130493,"comment_status":"open","ping_status":"closed","template":"","meta":[],"product_brand":[],"product_cat":[7947],"product_tag":[],"class_list":{"0":"post-130514","1":"product","2":"type-product","3":"status-publish","4":"has-post-thumbnail","6":"product_cat-headshop-de","8":"first","9":"instock","10":"taxable","11":"shipping-taxable","12":"purchasable","13":"product-type-simple"},"_links":{"self":[{"href":"https:\/\/www.budream.com\/de\/wp-json\/wp\/v2\/product\/130514","targetHints":{"allow":["GET"]}}],"collection":[{"href":"https:\/\/www.budream.com\/de\/wp-json\/wp\/v2\/product"}],"about":[{"href":"https:\/\/www.budream.com\/de\/wp-json\/wp\/v2\/types\/product"}],"replies":[{"embeddable":true,"href":"https:\/\/www.budream.com\/de\/wp-json\/wp\/v2\/comments?post=130514"}],"version-history":[{"count":1,"href":"https:\/\/www.budream.com\/de\/wp-json\/wp\/v2\/product\/130514\/revisions"}],"predecessor-version":[{"id":262888,"href":"https:\/\/www.budream.com\/de\/wp-json\/wp\/v2\/product\/130514\/revisions\/262888"}],"wp:featuredmedia":[{"embeddable":true,"href":"https:\/\/www.budream.com\/de\/wp-json\/wp\/v2\/media\/130493"}],"wp:attachment":[{"href":"https:\/\/www.budream.com\/de\/wp-json\/wp\/v2\/media?parent=130514"}],"wp:term":[{"taxonomy":"product_brand","embeddable":true,"href":"https:\/\/www.budream.com\/de\/wp-json\/wp\/v2\/product_brand?post=130514"},{"taxonomy":"product_cat","embeddable":true,"href":"https:\/\/www.budream.com\/de\/wp-json\/wp\/v2\/product_cat?post=130514"},{"taxonomy":"product_tag","embeddable":true,"href":"https:\/\/www.budream.com\/de\/wp-json\/wp\/v2\/product_tag?post=130514"}],"curies":[{"name":"wp","href":"https:\/\/api.w.org\/{rel}","templated":true}]}}