{"id":130554,"date":"2025-07-30T23:00:18","date_gmt":"2025-07-30T21:00:18","guid":{"rendered":"https:\/\/www.budream.com\/shop\/storzbickel-crafty-v2-verdampfer\/"},"modified":"2026-02-23T19:45:55","modified_gmt":"2026-02-23T17:45:55","slug":"storzbickel-crafty-v2-verdampfer","status":"publish","type":"product","link":"https:\/\/www.budream.com\/de\/shop\/storzbickel-crafty-v2-verdampfer\/","title":{"rendered":"STORZ&amp;BICKEL &#8211; CRAFTY+ V2 | VERDAMPFER"},"content":{"rendered":"<p>Der <strong>CRAFTY+<\/strong> Verdampfer ist der perfekte Begleiter f\u00fcr alle Ihre Aktivit\u00e4ten. Handlich und kompakt, bietet Ihnen der <strong>CRAFTY+<\/strong> Dampf von hervorragender Qualit\u00e4t und Geschmack und einen optimalen Luftstrom f\u00fcr eine erstklassige t\u00e4gliche Erfahrung.<br \/>Warum sollte man die Qualit\u00e4t f\u00fcr die Tragbarkeit opfern?<\/p>\n<p><a href=\"https:\/\/www.storz-bickel.com\/it\/crafty-plus-c\">CRAFTY+<\/a> nutzt eine patentierte Kombination aus Konvektions- und Konduktionsheizung &#8211; eine Technologie von absoluter Exzellenz und Effektivit\u00e4t, um Kr\u00e4uter gleichm\u00e4\u00dfig zu erhitzen.<br \/>Dar\u00fcber hinaus sorgt das neue leistungsstarke Heizsystem f\u00fcr einen au\u00dfergew\u00f6hnlichen Luftstrom und Dampf <strong>in nur 60 Sekunden!<\/strong> <\/p>\n<p><strong>Neue Version mit USB-C-Ladebuchse.<br \/><\/strong><\/p>\n<h2><strong><span style=\"text-decoration: underline\">Eigenschaften Crafty+ Verdampfer Storz&amp;Bickel:<br \/><\/span><\/strong><\/h2>\n<h3><span style=\"text-decoration: underline\"><br \/><strong>Ladeanschluss mit USB-C Verbindung<\/strong><\/span><\/h3>\n<p>Nach der Aufr\u00fcstung des Akkus mit der neuen &#8218;plus&#8216;-Version verk\u00fcrzt sich die Ladezeit des Crafty+ dank des neuen USB-C-Ladeanschlusses nochmals um 25 Minuten und macht ihn damit zum perfekten Reisebegleiter!<\/p>\n<h3><strong><span style=\"text-decoration: underline\">Abk\u00fchlung<\/span><\/strong><\/h3>\n<p>Um das Dampferlebnis noch angenehmer zu gestalten, ist er mit einer ausgekl\u00fcgelten Cooling Unit ausgestattet, die den Dampf auf eine angenehme Temperatur abk\u00fchlt. Die <strong>K\u00fchleinheit besteht aus PEEK<\/strong>, einem hochwertigen, hitzebest\u00e4ndigen und f\u00fcr den Kontakt mit Lebensmitteln geeigneten Kunststoff, der auch im medizinischen Bereich f\u00fcr chirurgische Implantate verwendet wird.<\/p>\n<h3><strong><span style=\"text-decoration: underline\">Intuitives Design<\/span><\/strong><\/h3>\n<p>CRAFTY+ verf\u00fcgt \u00fcber ein Geh\u00e4use mit einem modernen und raffinierten Design. Die Materialien wurden sorgf\u00e4ltig ausgew\u00e4hlt und entsprechend Ihren t\u00e4glichen Anforderungen in das neue Design integriert. Die intuitive Ein-Knopf-Bedienung bietet nicht nur 2, sondern gleich <strong>3 voreingestellte Temperaturstufen<\/strong>, die die Nutzung besonders komfortabel und noch bequemer machen.<\/p>\n<h3><strong><span style=\"text-decoration: underline\">Steuerung \u00fcber APP<\/span><\/strong><\/h3>\n<p>Mit der STORZ &amp; BICKEL App haben Sie immer die volle Kontrolle. Via <strong>Bluetooth-Verbindung<\/strong> k\u00f6nnen Sie alle Einstellungen aus der Ferne vornehmen. Nutzen Sie einfach Ihr Smartphone, um die Einstellungen des CRAFTY+ nach Ihrem pers\u00f6nlichen Geschmack zu optimieren.<\/p>\n<p><span style=\"text-decoration: underline\"><strong>IM KARTON ENTHALTEN:<\/strong><\/span><\/p>\n<ul style=\"list-style-type: disc\">\n<li><span style=\"font-size: 11pt\">CRAFTY+ Verdampfer;<\/span><\/li>\n<li><span style=\"font-size: 14.6667px\">USB-C-Ladebuchse;<\/span><\/li>\n<li><span style=\"font-size: 11pt\">Unterer Dichtungsring;<\/span><\/li>\n<li><span style=\"font-size: 11pt\">Standard-Mesh-Filter;<\/span><\/li>\n<li><span style=\"font-size: 11pt\">Grobmaschiger Filter;<\/span><\/li>\n<li><span style=\"font-size: 11pt\">Extrakt-Puffer;<\/span><\/li>\n<li><span style=\"font-size: 11pt\">Dosierkapsel;<\/span><\/li>\n<li><span style=\"font-size: 11pt\">Gebrauchsanweisung;<\/span><\/li>\n<\/ul>\n<p><\/p>\n<div class=\"pagebuilder-column-line\" data-content-type=\"column-line\" data-element=\"main\" data-pb-style=\"KYL1SXY\">\n<div class=\"pagebuilder-column\" data-content-type=\"column\" data-appearance=\"full-height\" data-background-images=\"{}\" data-element=\"main\" data-pb-style=\"CF553OH\">\n<figure data-content-type=\"image\" data-appearance=\"full-width\" data-element=\"main\" data-pb-style=\"OWLSU4D\"><img decoding=\"async\" class=\"pagebuilder-mobile-hidden\" title=\"S&amp;B CRAFTY+ Vaporizer: Patented convection and conduction heating\" src=\"https:\/\/www.storz-bickel.com\/media\/wysiwyg\/shot9_crafty_heating-desktop.jpg\" alt=\"Cross-section of STORZ &amp; BICKEL CRAFTY+ Vaporizer shows heating element and color-coded airflow and lithium-ion battery\" data-element=\"desktop_image\" data-pb-style=\"K9VQ7Y5\" \/><\/figure>\n<\/div>\n<div class=\"pagebuilder-column\" data-content-type=\"column\" data-appearance=\"align-center\" data-background-images=\"{}\" data-element=\"main\" data-pb-style=\"Q1U00TB\">\n<div data-content-type=\"text\" data-appearance=\"default\" data-element=\"main\" data-pb-style=\"T391R6N\">\n<h3>Patentierte Spitzentechnologie f\u00fcr unterwegs<\/h3>\n<p>Der CRAFTY+ verf\u00fcgt \u00fcber eine kombinierte Konvektions- und Konduktionsheizung, patentiert von S&amp;B<\/p>\n<ul>\n<li>Gleichm\u00e4\u00dfige und effiziente Verdampfung f\u00fcr un\u00fcbertroffenen Geschmack<\/li>\n<li>Angenehm niedriger Luftzugwiderstand<\/li>\n<li>Gro\u00dfe, aromatische Dampfwolken vom ersten Zug an<\/li>\n<li>Luftdurchsatz von 10 Litern\/Minute<\/li>\n<\/ul>\n<\/div>\n<\/div>\n<div class=\"pagebuilder-column\" data-content-type=\"column\" data-appearance=\"full-height\" data-background-images=\"{}\" data-element=\"main\" data-pb-style=\"G9IG0XG\"><\/div>\n<\/div>\n<div class=\"pagebuilder-column-line\" data-content-type=\"column-line\" data-element=\"main\" data-pb-style=\"QN6EKPF\">\n<div class=\"pagebuilder-column\" data-content-type=\"column\" data-appearance=\"full-height\" data-background-images=\"{}\" data-element=\"main\" data-pb-style=\"W8CNJWM\"><\/div>\n<div class=\"pagebuilder-column\" data-content-type=\"column\" data-appearance=\"full-height\" data-background-images=\"{}\" data-element=\"main\" data-pb-style=\"BBVQ3BY\">\n<figure data-content-type=\"image\" data-appearance=\"full-width\" data-element=\"main\" data-pb-style=\"WAUEM8Q\"><img decoding=\"async\" class=\"pagebuilder-mobile-hidden\" title=\"STORZ &amp; BICKEL CRAFTY+: Smart control via Bluetooth and S&amp;B WebApp\" src=\"https:\/\/www.storz-bickel.com\/media\/wysiwyg\/shot11_crafty_app-desktop.jpg\" alt=\"Front view of STORZ &amp; BICKEL CRAFTY+ Vaporizer in front of S&amp;B WebApp on Smartphone with temperature and booster settings\" data-element=\"desktop_image\" data-pb-style=\"OS5HJ4B\" \/><\/figure>\n<\/div>\n<div class=\"pagebuilder-column\" data-content-type=\"column\" data-appearance=\"align-center\" data-background-images=\"{}\" data-element=\"main\" data-pb-style=\"U6CQGYN\">\n<div data-content-type=\"text\" data-appearance=\"default\" data-element=\"main\" data-pb-style=\"GPSNBSX\">\n<h3>Ein-Knopf-Steuerung und intelligente Personalisierung<\/h3>\n<p>Aktivieren Sie drei bequeme voreingestellte Temperaturstufen \u00fcber den Ein\/Aus-Schalter.<\/p>\n<p>Booster und Superbooster (+15&deg;C \/ 27&deg;F): Doppelklick auf den Ein\/Aus-Schalter<\/p>\n<p>Bluetooth&reg;-Konnektivit\u00e4t und S&amp;B Web App: Verwenden Sie Ihr Smartphone, um:<\/p>\n<ul>\n<li>die Temperatur (40&deg;C &#8211; 210&deg;C \/104&deg;F &#8211; 410&deg;F) pr\u00e4zise einzustellen<\/li>\n<li>Anpassen von Basis-, Booster- und Superbooster-Temperaturen<\/li>\n<li>Einstellungen \u00e4ndern und Zugangsinformationen anzeigen<\/li>\n<\/ul>\n<\/div>\n<\/div>\n<div class=\"pagebuilder-column\" data-content-type=\"column\" data-appearance=\"full-height\" data-background-images=\"{}\" data-element=\"main\" data-pb-style=\"XGL6V44\"><\/div>\n<\/div>\n<div class=\"pagebuilder-column-line\" data-content-type=\"column-line\" data-element=\"main\" data-pb-style=\"DGUQ855\">\n<div class=\"pagebuilder-column\" data-content-type=\"column\" data-appearance=\"full-height\" data-background-images=\"{}\" data-element=\"main\" data-pb-style=\"Y3R444X\"><\/div>\n<div class=\"pagebuilder-column\" data-content-type=\"column\" data-appearance=\"full-height\" data-background-images=\"{}\" data-element=\"main\" data-pb-style=\"ELR8OKY\">\n<figure data-content-type=\"image\" data-appearance=\"full-width\" data-element=\"main\" data-pb-style=\"US6G8EY\"><img decoding=\"async\" class=\"pagebuilder-mobile-hidden\" title=\"Ceramic-coated Filling Chamber for pure taste and easy cleaning\" src=\"https:\/\/www.storz-bickel.com\/media\/wysiwyg\/shot10_crafty_f_llkammer-desktop.jpg\" alt=\"Removed cooling unit of STORZ &amp; BICKEL CRAFTY+ with mouthpiece and open filling chamber with ceramic coating and seal ring\" data-element=\"desktop_image\" data-pb-style=\"XG3KBYB\" \/><\/figure>\n<\/div>\n<div class=\"pagebuilder-column\" data-content-type=\"column\" data-appearance=\"align-center\" data-background-images=\"{}\" data-element=\"main\" data-pb-style=\"YOU2VGH\">\n<div data-content-type=\"text\" data-appearance=\"default\" data-element=\"main\" data-pb-style=\"JEKPR0L\">\n<h3>Handwerkskunst, Made in Germany<\/h3>\n<ul>\n<li>Leichtes Design<br \/>\u279e Nur 135 g | 0,3 lb<\/li>\n<li>Peek-Material<br \/>\u279e Gepr\u00fcftes Material in medizinischer Qualit\u00e4t<\/li>\n<li>Beh\u00e4lter 1,4 cm&sup3;<br \/>\u279e keramikbeschichtet und langlebig<\/li>\n<li>Zertifizierte Qualit\u00e4t<br \/>\u279e Gem\u00e4\u00df IEC 60335-1<\/li>\n<\/ul>\n<\/div>\n<\/div>\n<\/div>\n","protected":false},"excerpt":{"rendered":"<p>Der CRAFTY+ Verdampfer ist der perfekte Begleiter f\u00fcr alle Ihre Aktivit\u00e4ten. Handlich und kompakt, bietet Ihnen der CRAFTY+ Dampf von<\/p>\n","protected":false},"featured_media":130518,"comment_status":"open","ping_status":"closed","template":"","meta":[],"product_brand":[],"product_cat":[7907],"product_tag":[],"class_list":{"0":"post-130554","1":"product","2":"type-product","3":"status-publish","4":"has-post-thumbnail","6":"product_cat-verdampfer","8":"first","9":"instock","10":"taxable","11":"shipping-taxable","12":"purchasable","13":"product-type-simple"},"_links":{"self":[{"href":"https:\/\/www.budream.com\/de\/wp-json\/wp\/v2\/product\/130554","targetHints":{"allow":["GET"]}}],"collection":[{"href":"https:\/\/www.budream.com\/de\/wp-json\/wp\/v2\/product"}],"about":[{"href":"https:\/\/www.budream.com\/de\/wp-json\/wp\/v2\/types\/product"}],"replies":[{"embeddable":true,"href":"https:\/\/www.budream.com\/de\/wp-json\/wp\/v2\/comments?post=130554"}],"version-history":[{"count":0,"href":"https:\/\/www.budream.com\/de\/wp-json\/wp\/v2\/product\/130554\/revisions"}],"wp:featuredmedia":[{"embeddable":true,"href":"https:\/\/www.budream.com\/de\/wp-json\/wp\/v2\/media\/130518"}],"wp:attachment":[{"href":"https:\/\/www.budream.com\/de\/wp-json\/wp\/v2\/media?parent=130554"}],"wp:term":[{"taxonomy":"product_brand","embeddable":true,"href":"https:\/\/www.budream.com\/de\/wp-json\/wp\/v2\/product_brand?post=130554"},{"taxonomy":"product_cat","embeddable":true,"href":"https:\/\/www.budream.com\/de\/wp-json\/wp\/v2\/product_cat?post=130554"},{"taxonomy":"product_tag","embeddable":true,"href":"https:\/\/www.budream.com\/de\/wp-json\/wp\/v2\/product_tag?post=130554"}],"curies":[{"name":"wp","href":"https:\/\/api.w.org\/{rel}","templated":true}]}}