{"id":130744,"date":"2025-07-30T23:10:10","date_gmt":"2025-07-30T21:10:10","guid":{"rendered":"https:\/\/www.budream.com\/shop\/biomagne-hemmage-500ml-gegen-pilzkrankheiten\/"},"modified":"2026-03-30T12:44:43","modified_gmt":"2026-03-30T10:44:43","slug":"biomagne-hemmage-500ml-gegen-pilzkrankheiten","status":"publish","type":"product","link":"https:\/\/www.budream.com\/de\/shop\/biomagne-hemmage-500ml-gegen-pilzkrankheiten\/","title":{"rendered":"BIOMAGNE &#8211; HEMMAGE | 500ml GEGEN PILZKRANKHEITEN"},"content":{"rendered":"<p>Equimagno von Biomagno ist ein konzentrierter Equisetum-Extrakt. Ein nat\u00fcrlich vorkommender Wirkstoff, der f\u00fcr seine fungiziden Eigenschaften bekannt ist. <strong>Er wirkt gegen Echten Mehltau, Falschen Mehltau, Pfirsichf\u00e4ule, Alternaria und Septoria.<\/strong> Er ist auf Obst (Apfel, Pfirsich), Gem\u00fcse (Gurke, Tomate), Wein und Hanfb\u00e4umen anwendbar.<\/p>\n<p>Der Grundstoff hat weder eine sofortige noch eine sp\u00e4tere sch\u00e4dliche Wirkung auf die Gesundheit von Mensch oder Tier oder eine unannehmbare Auswirkung auf die Umwelt. Er ist kein bedenklicher Stoff und hat keine inh\u00e4rente F\u00e4higkeit, endokrine, neurotoxische oder immunotoxische Wirkungen zu verursachen.<\/p>\n<p><strong>Zugelassen im \u00f6kologischen Landbau gem\u00e4\u00df EG-Verordnung Nr. 834\/2007 und\/oder EG-Verordnung Nr. 889\/2008<\/strong><\/p>\n<h2><span style=\"text-decoration: underline\"><strong>Wie Biomagno zu verwenden ist:<\/strong><\/span><\/h2>\n<p>Nach Ansetzen der L\u00f6sung gut sch\u00fctteln und die Pflanze aus 40-50 cm Entfernung gleichm\u00e4\u00dfig bespr\u00fchen, auch die Unterseite der Bl\u00e4tter. Die vollst\u00e4ndige Benetzung aller empfindlichen Teile (Bl\u00e4tter und Fr\u00fcchte) muss gew\u00e4hrleistet sein. Die Dosierung darf nicht \u00fcberschritten werden. F\u00fchren Sie die Eingriffe in den k\u00fchlsten Stunden des Tages durch. Nicht bei \u00fcberm\u00e4\u00dfig hohen Temperaturen anwenden. Kann auch w\u00e4hrend sehr regnerischer Perioden angewendet werden. Es ist ratsam, vor einer gro\u00dffl\u00e4chigen Behandlung einen Test an kleinen Teilen der Kultur durchzuf\u00fchren.<\/p>\n<p><strong>Anwendungsweise:<\/strong> von der Blattbildung bis zur Fruchtbildung.<\/p>\n<p><strong>Anzahl der Behandlungen:<\/strong> 2 bis 6.<\/p>\n<p><strong>Intervall vor der Ernte:<\/strong> 15 Tage. Intervall zwischen den Behandlungen: 7 bis 14 Tage.<\/p>\n<p><strong>Dosierung:<\/strong> 50ml\/l<\/p>\n<p><strong>Kompatibilit\u00e4t\/Mischbarkeit:<\/strong> Das Produkt hat keine Kontraindikationen hinsichtlich der Mischbarkeit mit anderen Formulierungen, es ist jedoch immer ratsam, kleine Tests durchzuf\u00fchren, um die Kompatibilit\u00e4t zu \u00fcberpr\u00fcfen.<\/p>\n","protected":false},"excerpt":{"rendered":"<p>Equimagno von Biomagno ist ein konzentrierter Equisetum-Extrakt. Ein nat\u00fcrlich vorkommender Wirkstoff, der f\u00fcr seine fungiziden Eigenschaften bekannt ist. Er wirkt<\/p>\n","protected":false},"featured_media":130738,"comment_status":"open","ping_status":"closed","template":"","meta":[],"product_brand":[],"product_cat":[7929],"product_tag":[],"class_list":{"0":"post-130744","1":"product","2":"type-product","3":"status-publish","4":"has-post-thumbnail","6":"product_cat-pflanzenschutz-und-abwehr","8":"first","9":"instock","10":"taxable","11":"shipping-taxable","12":"purchasable","13":"product-type-simple"},"_links":{"self":[{"href":"https:\/\/www.budream.com\/de\/wp-json\/wp\/v2\/product\/130744","targetHints":{"allow":["GET"]}}],"collection":[{"href":"https:\/\/www.budream.com\/de\/wp-json\/wp\/v2\/product"}],"about":[{"href":"https:\/\/www.budream.com\/de\/wp-json\/wp\/v2\/types\/product"}],"replies":[{"embeddable":true,"href":"https:\/\/www.budream.com\/de\/wp-json\/wp\/v2\/comments?post=130744"}],"version-history":[{"count":0,"href":"https:\/\/www.budream.com\/de\/wp-json\/wp\/v2\/product\/130744\/revisions"}],"wp:featuredmedia":[{"embeddable":true,"href":"https:\/\/www.budream.com\/de\/wp-json\/wp\/v2\/media\/130738"}],"wp:attachment":[{"href":"https:\/\/www.budream.com\/de\/wp-json\/wp\/v2\/media?parent=130744"}],"wp:term":[{"taxonomy":"product_brand","embeddable":true,"href":"https:\/\/www.budream.com\/de\/wp-json\/wp\/v2\/product_brand?post=130744"},{"taxonomy":"product_cat","embeddable":true,"href":"https:\/\/www.budream.com\/de\/wp-json\/wp\/v2\/product_cat?post=130744"},{"taxonomy":"product_tag","embeddable":true,"href":"https:\/\/www.budream.com\/de\/wp-json\/wp\/v2\/product_tag?post=130744"}],"curies":[{"name":"wp","href":"https:\/\/api.w.org\/{rel}","templated":true}]}}