{"id":130839,"date":"2025-07-30T23:14:32","date_gmt":"2025-07-30T21:14:32","guid":{"rendered":"https:\/\/www.budream.com\/shop\/arizer-glas-krautfach-arizer-xq2-v-tower-exteme-q\/"},"modified":"2026-01-19T11:34:07","modified_gmt":"2026-01-19T09:34:07","slug":"arizer-glas-krautfach-arizer-xq2-v-tower-exteme-q","status":"publish","type":"product","link":"https:\/\/www.budream.com\/de\/shop\/arizer-glas-krautfach-arizer-xq2-v-tower-exteme-q\/","title":{"rendered":"ARIZER &#8211; GLAS KRAUTFACH | ARIZER XQ2 &#8211; V-TOWER &#8211; EXTEME-Q"},"content":{"rendered":"<p>Glas Cyclone Bowl f\u00fcr Kr\u00e4uter f\u00fcr ARIZER XQ2, ARIZER V-TOWER und ARIZER EXTEME-Q<\/p>\n<p>Glas Cyclone Bowl f\u00fcr Kr\u00e4uter ARIZER Modelle XQ2\/V-TOWER\/EXTEME-Q.<\/p>\n","protected":false},"excerpt":{"rendered":"<p>Glas Cyclone Bowl f\u00fcr Kr\u00e4uter f\u00fcr ARIZER XQ2, ARIZER V-TOWER und ARIZER EXTEME-Q Glas Cyclone Bowl f\u00fcr Kr\u00e4uter ARIZER Modelle<\/p>\n","protected":false},"featured_media":130833,"comment_status":"open","ping_status":"closed","template":"","meta":[],"product_brand":[],"product_cat":[7907],"product_tag":[],"class_list":{"0":"post-130839","1":"product","2":"type-product","3":"status-publish","4":"has-post-thumbnail","6":"product_cat-verdampfer","8":"first","9":"instock","10":"sale","11":"taxable","12":"shipping-taxable","13":"purchasable","14":"product-type-simple"},"aioseo_notices":[],"_links":{"self":[{"href":"https:\/\/www.budream.com\/de\/wp-json\/wp\/v2\/product\/130839","targetHints":{"allow":["GET"]}}],"collection":[{"href":"https:\/\/www.budream.com\/de\/wp-json\/wp\/v2\/product"}],"about":[{"href":"https:\/\/www.budream.com\/de\/wp-json\/wp\/v2\/types\/product"}],"replies":[{"embeddable":true,"href":"https:\/\/www.budream.com\/de\/wp-json\/wp\/v2\/comments?post=130839"}],"version-history":[{"count":0,"href":"https:\/\/www.budream.com\/de\/wp-json\/wp\/v2\/product\/130839\/revisions"}],"wp:featuredmedia":[{"embeddable":true,"href":"https:\/\/www.budream.com\/de\/wp-json\/wp\/v2\/media\/130833"}],"wp:attachment":[{"href":"https:\/\/www.budream.com\/de\/wp-json\/wp\/v2\/media?parent=130839"}],"wp:term":[{"taxonomy":"product_brand","embeddable":true,"href":"https:\/\/www.budream.com\/de\/wp-json\/wp\/v2\/product_brand?post=130839"},{"taxonomy":"product_cat","embeddable":true,"href":"https:\/\/www.budream.com\/de\/wp-json\/wp\/v2\/product_cat?post=130839"},{"taxonomy":"product_tag","embeddable":true,"href":"https:\/\/www.budream.com\/de\/wp-json\/wp\/v2\/product_tag?post=130839"}],"curies":[{"name":"wp","href":"https:\/\/api.w.org\/{rel}","templated":true}]}}