{"id":130884,"date":"2025-07-30T23:16:02","date_gmt":"2025-07-30T21:16:02","guid":{"rendered":"https:\/\/www.budream.com\/shop\/arizer-xq2-verdampfer\/"},"modified":"2026-02-13T16:12:40","modified_gmt":"2026-02-13T14:12:40","slug":"arizer-xq2-verdampfer","status":"publish","type":"product","link":"https:\/\/www.budream.com\/de\/shop\/arizer-xq2-verdampfer\/","title":{"rendered":"ARIZER &#8211; XQ2 VERDAMPFER"},"content":{"rendered":"<p>Der brandneue Arizer XQ2 ist der H\u00f6hepunkt von mehr als 15 Jahren Erfahrung in der Entwicklung und Herstellung von <strong>hochwertigen<\/strong> Desktop- und tragbaren Verdampfern und dem H\u00f6ren auf das \u00fcber die Jahre gesammelte Kundenfeedback.<\/p>\n<h2><strong><span style=\"text-decoration: underline\">Die Wahl ist einfach, entdecken Sie alle Funktionen des XQ2:<\/span><\/strong><\/h2>\n<h3><span style=\"text-decoration: underline\"><br \/><\/span>Arizer XQ2 Silikonschlauch-Modus<\/h3>\n<p>Genie\u00dfen Sie den 90-cm-Silikonschlauchmodus f\u00fcr die direkte Absaugung bei Bedarf und probieren Sie den 3-stufigen Ventilator f\u00fcr die unterst\u00fctzte Absaugung aus.<\/p>\n<p>Glasabschl\u00fcsse f\u00fcr eine einfache Reinigung und Wartung, hochwertige Silikonschl\u00e4uche f\u00fcr eine gleichm\u00e4\u00dfige Dampfabgabe und eine praktische <strong>360&deg;-Schwenkfunktion<\/strong> f\u00fcr eine einfache gemeinsame Nutzung!<\/p>\n<h3>Arizer XQ2 Aromatherapie-Modus<\/h3>\n<p>Pflanzen wie Lavendel, Kamille, Orangenschalen und viele andere k\u00f6nnen in der gl\u00e4sernen Aromatherapieschale f\u00fcr die Aromatherapie ged\u00e4mpft werden.<\/p>\n<p>Erhitzen Sie Ihre Lieblingskr\u00e4uter und -blumen auf eine pr\u00e4zise Temperatur und genie\u00dfen Sie die angenehmen Aromen und Pflanzenstoffe, die Ihre Umgebung beleben oder entspannen, indem Sie den XQ2 als einfachen <strong>Raumdiffusor<\/strong> verwenden.<\/p>\n<h3>Arizer XQ2 Ballon-Modus<\/h3>\n<p>Verwenden Sie das praktische Ballonsystem, um die Auffangbeutel nach Ihren W\u00fcnschen mit Dampf zu f\u00fcllen. Perfekt f\u00fcr den Hausgebrauch und zum <strong>Teilen von<\/strong> Qualit\u00e4tsdampf mit Freunden!<br \/>Sie k\u00f6nnen auch die Gr\u00f6\u00dfe des Beutels\/Ballons an Ihre Bed\u00fcrfnisse anpassen.<\/p>\n<h3>Dynamische LED-Farben<\/h3>\n<p>Die LED-Leuchten an der Basis des Ger\u00e4ts und in der internen Heizung k\u00f6nnen auf den dynamischen Modus, den Spektralmodus oder eine von acht individuellen Farboptionen eingestellt werden; Sie k\u00f6nnen sie auch einfach ausschalten. Der Spektralmodus wechselt die Farbe alle zwei Sekunden in einem kontinuierlichen Zyklus.<\/p>\n<p><strong>Der dynamische Modus erm\u00f6glicht es, den Status des Ger\u00e4ts auf einen Blick zu erkennen:<\/strong> <\/p>\n<ul style=\"list-style-type: disc\">\n<li><strong>Aufw\u00e4rmen<\/strong> &#8211; pulsiert von gelb nach orange<\/li>\n<li><strong>Erreichen der Solltemperatur<\/strong> &#8211; Blinkt zweimal gr\u00fcn<\/li>\n<li><strong>Stabile Temperatur<\/strong> &#8211; Blinkt kontinuierlich in Orange<\/li>\n<li><strong>L\u00fcfterbetrieb<\/strong> &#8211; Blinkt violett<\/li>\n<li><strong>K\u00fchlen<\/strong> &#8211; pulsiert cyanfarben<\/li>\n<li><strong>K\u00fchlen mit L\u00fcfter<\/strong> &#8211; Blinkt blau<\/li>\n<\/ul>\n<p><\/p>\n<h2><strong><span style=\"text-decoration: underline\">Eigenschaften Arizer XQ2:<\/span><\/strong><\/h2>\n<ul style=\"list-style-type: disc\">\n<li>3 Modi: Aromatherapie, Inhalation mit Silikonschlauch und Ballonmodus;<\/li>\n<li>Visuelles Feedback mit dynamischen Farb-LEDs;<\/li>\n<li>Einfaches und intuitives Bediensystem;<\/li>\n<li>Hochwertige Komponenten aus Borosilikatglas;<\/li>\n<li>Fernbedienung mit Fernsteuerung;<\/li>\n<li>Leiser dreistufiger Ventilator;<\/li>\n<\/ul>\n","protected":false},"excerpt":{"rendered":"<p>Der brandneue Arizer XQ2 ist der H\u00f6hepunkt von mehr als 15 Jahren Erfahrung in der Entwicklung und Herstellung von hochwertigen<\/p>\n","protected":false},"featured_media":130863,"comment_status":"open","ping_status":"closed","template":"","meta":[],"product_brand":[],"product_cat":[1179],"product_tag":[],"class_list":{"0":"post-130884","1":"product","2":"type-product","3":"status-publish","4":"has-post-thumbnail","6":"product_cat-vaporizzatori","8":"first","9":"outofstock","10":"taxable","11":"shipping-taxable","12":"purchasable","13":"product-type-simple"},"aioseo_notices":[],"_links":{"self":[{"href":"https:\/\/www.budream.com\/de\/wp-json\/wp\/v2\/product\/130884","targetHints":{"allow":["GET"]}}],"collection":[{"href":"https:\/\/www.budream.com\/de\/wp-json\/wp\/v2\/product"}],"about":[{"href":"https:\/\/www.budream.com\/de\/wp-json\/wp\/v2\/types\/product"}],"replies":[{"embeddable":true,"href":"https:\/\/www.budream.com\/de\/wp-json\/wp\/v2\/comments?post=130884"}],"version-history":[{"count":0,"href":"https:\/\/www.budream.com\/de\/wp-json\/wp\/v2\/product\/130884\/revisions"}],"wp:featuredmedia":[{"embeddable":true,"href":"https:\/\/www.budream.com\/de\/wp-json\/wp\/v2\/media\/130863"}],"wp:attachment":[{"href":"https:\/\/www.budream.com\/de\/wp-json\/wp\/v2\/media?parent=130884"}],"wp:term":[{"taxonomy":"product_brand","embeddable":true,"href":"https:\/\/www.budream.com\/de\/wp-json\/wp\/v2\/product_brand?post=130884"},{"taxonomy":"product_cat","embeddable":true,"href":"https:\/\/www.budream.com\/de\/wp-json\/wp\/v2\/product_cat?post=130884"},{"taxonomy":"product_tag","embeddable":true,"href":"https:\/\/www.budream.com\/de\/wp-json\/wp\/v2\/product_tag?post=130884"}],"curies":[{"name":"wp","href":"https:\/\/api.w.org\/{rel}","templated":true}]}}