{"id":130934,"date":"2025-07-30T23:18:29","date_gmt":"2025-07-30T21:18:29","guid":{"rendered":"https:\/\/www.budream.com\/shop\/sensi-seeds-research-kuerbisgewuerz-fem-3-samen\/"},"modified":"2026-03-21T12:27:27","modified_gmt":"2026-03-21T10:27:27","slug":"sensi-seeds-research-kuerbisgewuerz-fem-3-samen","status":"publish","type":"product","link":"https:\/\/www.budream.com\/de\/shop\/sensi-seeds-research-kuerbisgewuerz-fem-3-samen\/","title":{"rendered":"SENSI SEEDS RESEARCH &#8211; K\u00dcRBISGEW\u00dcRZ FEM | 3 SAMEN"},"content":{"rendered":"<p><strong>K\u00dcRBISGEW\u00dcRZ<\/strong> ist ein ausgewogener Hybrid zwischen Indica und Sativa, vielseitig und f\u00fcr jede Gelegenheit geeignet von SENSI SEEDS BANK. Verf\u00fcgbar in Packungen mit 3 Samen feminisiert. Im Anbau, hat einen mittleren Bl\u00fctezyklus von 10-12 Wochen und bietet au\u00dfergew\u00f6hnlich reichlich Ertr\u00e4ge.<\/p>\n","protected":false},"excerpt":{"rendered":"<p>\ud83c\udf3f K\u00dcRBISGEW\u00dcRZ von SENSI SEEDS BANK \u00b7 \ud83e\uddec Indica \/ Sativa \u00b7 \ud83c\udfc6 Ertrag XXL.<\/p>\n","protected":false},"featured_media":197459,"comment_status":"open","ping_status":"closed","template":"","meta":[],"product_brand":[],"product_cat":[7952],"product_tag":[8510,8511,8526,9931,10125,10126,10128,10162],"class_list":{"0":"post-130934","1":"product","2":"type-product","3":"status-publish","4":"has-post-thumbnail","6":"product_cat-seedshop-de","7":"product_tag-indica","8":"product_tag-sativa","9":"product_tag-sensi-seeds-bank","10":"product_tag-hybrid","11":"product_tag-ertrag-xxl","12":"product_tag-cannabis-samen","13":"product_tag-feminisierte-samen","14":"product_tag-kuerbisgewuerz-fem-3-samen","16":"first","17":"instock","18":"sale","19":"taxable","20":"shipping-taxable","21":"purchasable","22":"product-type-simple"},"aioseo_notices":[],"_links":{"self":[{"href":"https:\/\/www.budream.com\/de\/wp-json\/wp\/v2\/product\/130934","targetHints":{"allow":["GET"]}}],"collection":[{"href":"https:\/\/www.budream.com\/de\/wp-json\/wp\/v2\/product"}],"about":[{"href":"https:\/\/www.budream.com\/de\/wp-json\/wp\/v2\/types\/product"}],"replies":[{"embeddable":true,"href":"https:\/\/www.budream.com\/de\/wp-json\/wp\/v2\/comments?post=130934"}],"version-history":[{"count":1,"href":"https:\/\/www.budream.com\/de\/wp-json\/wp\/v2\/product\/130934\/revisions"}],"predecessor-version":[{"id":258695,"href":"https:\/\/www.budream.com\/de\/wp-json\/wp\/v2\/product\/130934\/revisions\/258695"}],"wp:featuredmedia":[{"embeddable":true,"href":"https:\/\/www.budream.com\/de\/wp-json\/wp\/v2\/media\/197459"}],"wp:attachment":[{"href":"https:\/\/www.budream.com\/de\/wp-json\/wp\/v2\/media?parent=130934"}],"wp:term":[{"taxonomy":"product_brand","embeddable":true,"href":"https:\/\/www.budream.com\/de\/wp-json\/wp\/v2\/product_brand?post=130934"},{"taxonomy":"product_cat","embeddable":true,"href":"https:\/\/www.budream.com\/de\/wp-json\/wp\/v2\/product_cat?post=130934"},{"taxonomy":"product_tag","embeddable":true,"href":"https:\/\/www.budream.com\/de\/wp-json\/wp\/v2\/product_tag?post=130934"}],"curies":[{"name":"wp","href":"https:\/\/api.w.org\/{rel}","templated":true}]}}