{"id":130964,"date":"2025-07-30T23:19:58","date_gmt":"2025-07-30T21:19:58","guid":{"rendered":"https:\/\/www.budream.com\/shop\/sensi-samen-forschung-schraubenzieher-og-fem-3-samen\/"},"modified":"2026-03-21T12:27:46","modified_gmt":"2026-03-21T10:27:46","slug":"sensi-samen-forschung-schraubenzieher-og-fem-3-samen","status":"publish","type":"product","link":"https:\/\/www.budream.com\/de\/shop\/sensi-samen-forschung-schraubenzieher-og-fem-3-samen\/","title":{"rendered":"SENSI SAMEN FORSCHUNG &#8211; SCHRAUBENZIEHER OG FEM | 3 SAMEN"},"content":{"rendered":"<p><strong>SCHRAUBENZIEHER OG<\/strong> ist ein Sativa-dominanter Hybrid, ideal f\u00fcr diejenigen, die Klarheit und Kreativit\u00e4t suchen von SENSI SEEDS BANK. Verf\u00fcgbar in Packungen mit 3 Samen feminisiert. Im Anbau, hat einen mittleren Bl\u00fctezyklus von 10-12 Wochen und bietet au\u00dfergew\u00f6hnlich reichlich Ertr\u00e4ge.<\/p>\n","protected":false},"excerpt":{"rendered":"<p>\ud83c\udf3f SCHRAUBENZIEHER OG von SENSI SEEDS BANK \u00b7 \ud83e\uddec Sativa Dominant (60%+) \u00b7 \ud83c\udfc6 Ertrag XXL.<\/p>\n","protected":false},"featured_media":197474,"comment_status":"open","ping_status":"closed","template":"","meta":[],"product_brand":[],"product_cat":[7952],"product_tag":[8511,8526,10125,10126,10128,10165],"class_list":{"0":"post-130964","1":"product","2":"type-product","3":"status-publish","4":"has-post-thumbnail","6":"product_cat-seedshop-de","7":"product_tag-sativa","8":"product_tag-sensi-seeds-bank","9":"product_tag-ertrag-xxl","10":"product_tag-cannabis-samen","11":"product_tag-feminisierte-samen","12":"product_tag-schraubenzieher-og-fem-3-samen","14":"first","15":"instock","16":"sale","17":"taxable","18":"shipping-taxable","19":"purchasable","20":"product-type-simple"},"aioseo_notices":[],"_links":{"self":[{"href":"https:\/\/www.budream.com\/de\/wp-json\/wp\/v2\/product\/130964","targetHints":{"allow":["GET"]}}],"collection":[{"href":"https:\/\/www.budream.com\/de\/wp-json\/wp\/v2\/product"}],"about":[{"href":"https:\/\/www.budream.com\/de\/wp-json\/wp\/v2\/types\/product"}],"replies":[{"embeddable":true,"href":"https:\/\/www.budream.com\/de\/wp-json\/wp\/v2\/comments?post=130964"}],"version-history":[{"count":1,"href":"https:\/\/www.budream.com\/de\/wp-json\/wp\/v2\/product\/130964\/revisions"}],"predecessor-version":[{"id":258697,"href":"https:\/\/www.budream.com\/de\/wp-json\/wp\/v2\/product\/130964\/revisions\/258697"}],"wp:featuredmedia":[{"embeddable":true,"href":"https:\/\/www.budream.com\/de\/wp-json\/wp\/v2\/media\/197474"}],"wp:attachment":[{"href":"https:\/\/www.budream.com\/de\/wp-json\/wp\/v2\/media?parent=130964"}],"wp:term":[{"taxonomy":"product_brand","embeddable":true,"href":"https:\/\/www.budream.com\/de\/wp-json\/wp\/v2\/product_brand?post=130964"},{"taxonomy":"product_cat","embeddable":true,"href":"https:\/\/www.budream.com\/de\/wp-json\/wp\/v2\/product_cat?post=130964"},{"taxonomy":"product_tag","embeddable":true,"href":"https:\/\/www.budream.com\/de\/wp-json\/wp\/v2\/product_tag?post=130964"}],"curies":[{"name":"wp","href":"https:\/\/api.w.org\/{rel}","templated":true}]}}