{"id":130979,"date":"2025-07-30T23:20:59","date_gmt":"2025-07-30T21:20:59","guid":{"rendered":"https:\/\/www.budream.com\/shop\/sensi-seeds-research-lockdown-kush-fem-3-samen\/"},"modified":"2026-03-21T12:28:19","modified_gmt":"2026-03-21T10:28:19","slug":"sensi-seeds-research-lockdown-kush-fem-3-samen","status":"publish","type":"product","link":"https:\/\/www.budream.com\/de\/shop\/sensi-seeds-research-lockdown-kush-fem-3-samen\/","title":{"rendered":"SENSI SEEDS RESEARCH &#8211; LOCKDOWN KUSH FEM | 3 SAMEN"},"content":{"rendered":"<p><strong>LOCKDOWN KUSH<\/strong> ist ein Sativa-dominanter Hybrid, ideal f\u00fcr diejenigen, die Klarheit und Kreativit\u00e4t suchen von SENSI SEEDS BANK. Verf\u00fcgbar in Packungen mit 3 Samen feminisiert. Im Anbau, bl\u00fcht schnell in 7-9 Wochen und garantiert reichlich Ertr\u00e4ge.<\/p>\n","protected":false},"excerpt":{"rendered":"<p>\ud83c\udf3f LOCKDOWN KUSH von SENSI SEEDS BANK \u00b7 \ud83e\uddec Sativa Dominant (60%+) \u00b7 \ud83d\udce6 Ertrag XL.<\/p>\n","protected":false},"featured_media":197429,"comment_status":"open","ping_status":"closed","template":"","meta":[],"product_brand":[],"product_cat":[7952],"product_tag":[8511,8526,10126,10128,10167],"class_list":{"0":"post-130979","1":"product","2":"type-product","3":"status-publish","4":"has-post-thumbnail","6":"product_cat-seedshop-de","7":"product_tag-sativa","8":"product_tag-sensi-seeds-bank","9":"product_tag-cannabis-samen","10":"product_tag-feminisierte-samen","11":"product_tag-lockdown-kush-fem-3-samen","13":"first","14":"instock","15":"sale","16":"taxable","17":"shipping-taxable","18":"purchasable","19":"product-type-simple"},"aioseo_notices":[],"_links":{"self":[{"href":"https:\/\/www.budream.com\/de\/wp-json\/wp\/v2\/product\/130979","targetHints":{"allow":["GET"]}}],"collection":[{"href":"https:\/\/www.budream.com\/de\/wp-json\/wp\/v2\/product"}],"about":[{"href":"https:\/\/www.budream.com\/de\/wp-json\/wp\/v2\/types\/product"}],"replies":[{"embeddable":true,"href":"https:\/\/www.budream.com\/de\/wp-json\/wp\/v2\/comments?post=130979"}],"version-history":[{"count":1,"href":"https:\/\/www.budream.com\/de\/wp-json\/wp\/v2\/product\/130979\/revisions"}],"predecessor-version":[{"id":258699,"href":"https:\/\/www.budream.com\/de\/wp-json\/wp\/v2\/product\/130979\/revisions\/258699"}],"wp:featuredmedia":[{"embeddable":true,"href":"https:\/\/www.budream.com\/de\/wp-json\/wp\/v2\/media\/197429"}],"wp:attachment":[{"href":"https:\/\/www.budream.com\/de\/wp-json\/wp\/v2\/media?parent=130979"}],"wp:term":[{"taxonomy":"product_brand","embeddable":true,"href":"https:\/\/www.budream.com\/de\/wp-json\/wp\/v2\/product_brand?post=130979"},{"taxonomy":"product_cat","embeddable":true,"href":"https:\/\/www.budream.com\/de\/wp-json\/wp\/v2\/product_cat?post=130979"},{"taxonomy":"product_tag","embeddable":true,"href":"https:\/\/www.budream.com\/de\/wp-json\/wp\/v2\/product_tag?post=130979"}],"curies":[{"name":"wp","href":"https:\/\/api.w.org\/{rel}","templated":true}]}}