{"id":130989,"date":"2025-07-30T23:21:27","date_gmt":"2025-07-30T21:21:27","guid":{"rendered":"https:\/\/www.budream.com\/shop\/sensi-samen-forschung-honig-melone-kush-auto-fem-3-samen\/"},"modified":"2026-04-07T10:15:18","modified_gmt":"2026-04-07T08:15:18","slug":"sensi-samen-forschung-honig-melone-kush-auto-fem-3-samen","status":"publish","type":"product","link":"https:\/\/www.budream.com\/de\/shop\/sensi-samen-forschung-honig-melone-kush-auto-fem-3-samen\/","title":{"rendered":"SENSI SAMEN FORSCHUNG &#8211; HONIG MELONE KUSH AUTO FEM | 3 SAMEN"},"content":{"rendered":"<div style=\"text-align: justify\">Honey Melon Kush Autoflowering ist eine 70% Indica, 30% Sativa Sorte. Entstanden durch die Kreuzung von Blueberry, Girl Scout Cookies und Ruderalis, ist dies die 10&amp;1-Sorte, nach der Kenner suchen.<\/p>\n<\/div>\n<h2><strong>Eigenschaften Honey Melon Kush Auto Fem Sensi Seeds Bank:<\/strong><\/h2>\n<ul style=\"list-style-type: disc\">\n<li><strong>Gattung:<\/strong> Feminisiert<\/li>\n<li><strong>Genotyp:<\/strong> Hybrid 70% Indica 30% Sativa<\/li>\n<li><strong>Genetik:<\/strong> Blueberry x Girl Scout Cookies x Ruderalis<\/li>\n<li><strong>Tage:<\/strong> 55-70 Tage<\/li>\n<\/ul>\n<p><strong>WARNUNG:<\/strong> Hanfsamen sind vom gesetzlichen Begriff Cannabis ausgenommen, was bedeutet, dass sie nicht als Bet\u00e4ubungsmittel gelten (L. 412 von 1974, Art. 1, Absatz 1, Buchstabe B; Einheits\u00fcbereinkommen \u00fcber Bet\u00e4ubungsmittel von New York von 1961 und Tabelle II des Ministerialerlasses vom 27.7.1992). In Italien ist der Anbau von Hanf verboten (Artikel 28 und 73 des Pr\u00e4sidialdekrets 309\/90), es sei denn, es liegt eine Sondergenehmigung vor (Artikel 17 des Pr\u00e4sidialdekrets 309\/90). In Ermangelung einer solchen Genehmigung darf das Saatgut nur f\u00fcr andere Zwecke verwendet werden (zootechnische Zwecke, Sammeln usw.). Das Saatgut wird unter dem Vorbehalt verkauft, dass es nicht von Dritten im Widerspruch zu den gesetzlichen Bestimmungen verwendet wird.<\/p>\n","protected":false},"excerpt":{"rendered":"<p>\ud83c\udf3f HONIG MELONE KUSH AUTO von SENSI SEEDS BANK \u00b7 \ud83e\uddec Indica Dominant (60%+) \u00b7 \ud83d\udce6 Ertrag XL.<\/p>\n","protected":false},"featured_media":197419,"comment_status":"open","ping_status":"closed","template":"","meta":[],"product_brand":[],"product_cat":[7952],"product_tag":[10169,8510,8526,10126,10128],"class_list":{"0":"post-130989","1":"product","2":"type-product","3":"status-publish","4":"has-post-thumbnail","6":"product_cat-seedshop-de","7":"product_tag-honig-melone-kush-auto-fem-3-samen","8":"product_tag-indica","9":"product_tag-sensi-seeds-bank","10":"product_tag-cannabis-samen","11":"product_tag-feminisierte-samen","13":"first","14":"outofstock","15":"sale","16":"taxable","17":"shipping-taxable","18":"purchasable","19":"product-type-simple"},"aioseo_notices":[],"_links":{"self":[{"href":"https:\/\/www.budream.com\/de\/wp-json\/wp\/v2\/product\/130989","targetHints":{"allow":["GET"]}}],"collection":[{"href":"https:\/\/www.budream.com\/de\/wp-json\/wp\/v2\/product"}],"about":[{"href":"https:\/\/www.budream.com\/de\/wp-json\/wp\/v2\/types\/product"}],"replies":[{"embeddable":true,"href":"https:\/\/www.budream.com\/de\/wp-json\/wp\/v2\/comments?post=130989"}],"version-history":[{"count":2,"href":"https:\/\/www.budream.com\/de\/wp-json\/wp\/v2\/product\/130989\/revisions"}],"predecessor-version":[{"id":262179,"href":"https:\/\/www.budream.com\/de\/wp-json\/wp\/v2\/product\/130989\/revisions\/262179"}],"wp:featuredmedia":[{"embeddable":true,"href":"https:\/\/www.budream.com\/de\/wp-json\/wp\/v2\/media\/197419"}],"wp:attachment":[{"href":"https:\/\/www.budream.com\/de\/wp-json\/wp\/v2\/media?parent=130989"}],"wp:term":[{"taxonomy":"product_brand","embeddable":true,"href":"https:\/\/www.budream.com\/de\/wp-json\/wp\/v2\/product_brand?post=130989"},{"taxonomy":"product_cat","embeddable":true,"href":"https:\/\/www.budream.com\/de\/wp-json\/wp\/v2\/product_cat?post=130989"},{"taxonomy":"product_tag","embeddable":true,"href":"https:\/\/www.budream.com\/de\/wp-json\/wp\/v2\/product_tag?post=130989"}],"curies":[{"name":"wp","href":"https:\/\/api.w.org\/{rel}","templated":true}]}}