{"id":131009,"date":"2025-07-30T23:22:34","date_gmt":"2025-07-30T21:22:34","guid":{"rendered":"https:\/\/www.budream.com\/shop\/uvonair-ozoniser-cd-1200-o-300mm-3000m3\/"},"modified":"2026-02-03T13:52:15","modified_gmt":"2026-02-03T11:52:15","slug":"uvonair-ozoniser-cd-1200-o-300mm-3000m3","status":"publish","type":"product","link":"https:\/\/www.budream.com\/de\/shop\/uvonair-ozoniser-cd-1200-o-300mm-3000m3\/","title":{"rendered":"UVONAIR &#8211; OZONISER CD-1200 | \u00d8 300mm &#8211; 3000m3"},"content":{"rendered":"<p>Der <strong>Uvonair CD-1200<\/strong> <strong> ist ein leistungsstarker Ozongenerator mit drei Zellen<\/strong>, der mehr Ozon produziert als jedes andere derzeit bekannte Modell. Er ist einstellbar, um sich an die Last des Ozonbedarfs f\u00fcr die Geruchskontrolle anzupassen und um in Zeiten mit geringem Bedarf Energie zu sparen. Der CD-Generator ist wartungsfrei.<\/p>\n<p>Die meisten Ozongeneratoren auf dem Markt sind<strong> <u>nicht<\/u><\/strong> nach UL-Standards getestet! Sind Sie sicher, dass Ihr Geruch beseitigt ist? Gehen Sie sicher mit UVONAIR&reg;!Die EINZIGE Wahl unter den hochwertigen INDUSTRIEGERUCHSBEK\u00c4MPFUNGSGER\u00c4TEN! Sie \u00fcberdecken nicht nur Ger\u00fcche, sie <strong>zerst\u00f6ren sie! <\/strong>UVONAIR&reg; Geruchsbeseitigungsger\u00e4te erzeugen Ozon, eines der wirksamsten Oxidationsmittel der Natur!<\/p>\n<h2><span style=\"text-decoration: underline\"><strong>Merkmale des Uvonair CD-1200:<\/strong><\/span><\/h2>\n<ul style=\"list-style-type: disc\">\n<li>Ideal f\u00fcr R\u00e4ume von <strong>1200 m3 bis zu 3000 m3<\/strong><\/li>\n<li>Wird in <strong>30 cm langen<\/strong> Kan\u00e4len installiert, um die Luft zu behandeln, w\u00e4hrend sie abgeleitet wird<\/li>\n<li>Einstellbarer Schalter (HIGH\/LOW\/OFF). Der Uvonair&reg; CD-1200 erzeugt bei maximaler Einstellung sehr hohe Ozonwerte. Bestimmen Sie den erforderlichen Ozonwert durch \u00dcberwachung der Ger\u00fcche in der Abluft.Bei extremen Ger\u00fcchen ist es besser, dieses Ger\u00e4t mit h\u00f6herer Leistung als die kleineren Uvonair&reg; CD-Modelle zu verwenden.<\/li>\n<li>Es kann mit Hilfe von Adaptern* auch in anderen Kanalgr\u00f6\u00dfen installiert werden (gr\u00f6\u00dfere Kan\u00e4le k\u00f6nnen jedoch den Luftstrom beeintr\u00e4chtigen). Die Uvonair&reg; CD-Modelle werden in gr\u00f6\u00dferen Kan\u00e4len und bei starker Geruchsbelastung empfohlen.<\/li>\n<li>Funktioniert in Bereichen mit hoher <strong>FEUCHTIGKEIT<\/strong><\/li>\n<li>Funktioniert in einem breiten <strong>Temperaturbereich<\/strong><\/li>\n<li><strong>RESPEKTIEREN SIE DIE UMWELT<\/strong>, ohne Sonderm\u00fcll zu erzeugen!<\/li>\n<li>Volle einj\u00e4hrige Garantie<\/li>\n<li>Keine Wartung erforderlich<\/li>\n<li>*Adapter nicht enthalten; mit Bel\u00fcftungssystem verwenden<\/li>\n<\/ul>\n<p><u><strong><br \/>Hinweis<\/strong><\/u><strong>:<\/strong> Das Uvonair&reg; CD In-Duct System muss so positioniert werden, dass ein Anschluss an die Stromquelle ohne die Verwendung eines Verl\u00e4ngerungskabels m\u00f6glich ist. Diese Ger\u00e4te sind wartungsfrei. Sie k\u00f6nnen NICHT vom Benutzer gewartet werden, bitte wenden Sie sich bei Wartungsproblemen an Ihren Fachh\u00e4ndler.<\/p>\n","protected":false},"excerpt":{"rendered":"<p>Der Uvonair CD-1200 ist ein leistungsstarker Ozongenerator mit drei Zellen, der mehr Ozon produziert als jedes andere derzeit bekannte Modell.<\/p>\n","protected":false},"featured_media":131003,"comment_status":"open","ping_status":"closed","template":"","meta":[],"product_brand":[],"product_cat":[7929],"product_tag":[],"class_list":{"0":"post-131009","1":"product","2":"type-product","3":"status-publish","4":"has-post-thumbnail","6":"product_cat-pflanzenschutz-und-abwehr","8":"first","9":"outofstock","10":"taxable","11":"shipping-taxable","12":"purchasable","13":"product-type-simple"},"aioseo_notices":[],"_links":{"self":[{"href":"https:\/\/www.budream.com\/de\/wp-json\/wp\/v2\/product\/131009","targetHints":{"allow":["GET"]}}],"collection":[{"href":"https:\/\/www.budream.com\/de\/wp-json\/wp\/v2\/product"}],"about":[{"href":"https:\/\/www.budream.com\/de\/wp-json\/wp\/v2\/types\/product"}],"replies":[{"embeddable":true,"href":"https:\/\/www.budream.com\/de\/wp-json\/wp\/v2\/comments?post=131009"}],"version-history":[{"count":0,"href":"https:\/\/www.budream.com\/de\/wp-json\/wp\/v2\/product\/131009\/revisions"}],"wp:featuredmedia":[{"embeddable":true,"href":"https:\/\/www.budream.com\/de\/wp-json\/wp\/v2\/media\/131003"}],"wp:attachment":[{"href":"https:\/\/www.budream.com\/de\/wp-json\/wp\/v2\/media?parent=131009"}],"wp:term":[{"taxonomy":"product_brand","embeddable":true,"href":"https:\/\/www.budream.com\/de\/wp-json\/wp\/v2\/product_brand?post=131009"},{"taxonomy":"product_cat","embeddable":true,"href":"https:\/\/www.budream.com\/de\/wp-json\/wp\/v2\/product_cat?post=131009"},{"taxonomy":"product_tag","embeddable":true,"href":"https:\/\/www.budream.com\/de\/wp-json\/wp\/v2\/product_tag?post=131009"}],"curies":[{"name":"wp","href":"https:\/\/api.w.org\/{rel}","templated":true}]}}