{"id":131019,"date":"2025-07-30T23:23:02","date_gmt":"2025-07-30T21:23:02","guid":{"rendered":"https:\/\/www.budream.com\/shop\/uvonair-ozoniser-uv-80h-o-200mm-300m3\/"},"modified":"2026-02-03T13:52:44","modified_gmt":"2026-02-03T11:52:44","slug":"uvonair-ozoniser-uv-80h-o-200mm-300m3","status":"publish","type":"product","link":"https:\/\/www.budream.com\/de\/shop\/uvonair-ozoniser-uv-80h-o-200mm-300m3\/","title":{"rendered":"UVONAIR &#8211; OZONISER UV-80H | \u00d8 200mm &#8211; 300m3"},"content":{"rendered":"<p>Der <strong>UVONAIR UV-80H ist ein wirtschaftliches Kanalsystem<\/strong>, das mit speziellen UV-Lampen Ozon erzeugt.<\/p>\n<p>Die meisten Ozonger\u00e4te auf dem Markt sind<strong> <u>nicht<\/u><\/strong> nach UL-Standards getestet! Sind Sie sicher, dass Ihr Geruch beseitigt ist? Gehen Sie sicher mit UVONAIR&reg;!Die EINZIGE Wahl unter den hochwertigen INDUSTRIEGERUCHSBEK\u00c4MPFUNGSGER\u00c4TEN! Es \u00fcberdeckt nicht nur Ger\u00fcche, es <strong>vernichtet sie! <\/strong>UVONAIR&reg; Geruchsbeseitigungsger\u00e4te erzeugen Ozon, eines der wirksamsten Oxidationsmittel der Natur!<\/p>\n<h2><span style=\"text-decoration: underline\"><strong>Merkmale Uvonair UV-80H:<\/strong><\/span><\/h2>\n<ul style=\"list-style-type: disc\">\n<li>Ideal f\u00fcr R\u00e4ume von <strong>150 m3 bis zu 300 m3<\/strong><\/li>\n<li>Wird in <strong>20 cm langen<\/strong> Kan\u00e4len installiert, um die Luft zu behandeln, w\u00e4hrend sie abgeleitet wird<\/li>\n<li>Einstellbarer Schalter (HIGH\/LOW\/OFF) mit zwei Leistungseinstellungen: hoch (2 Lampen) und niedrig (1 Lampe)<\/li>\n<li>Seitliche Wartungsklappe f\u00fcr einfachen Zugang zu den internen Komponenten<\/li>\n<li>Kann mit Hilfe von Adaptern* in anderen Kanalgr\u00f6\u00dfen installiert werden (gr\u00f6\u00dfere Kan\u00e4le k\u00f6nnen jedoch den Luftstrom beeintr\u00e4chtigen). Uvonair&reg; CD-Modelle werden in gr\u00f6\u00dferen Kan\u00e4len und bei starker Geruchsentwicklung empfohlen<\/li>\n<li>Funktioniert in Bereichen mit hoher <strong>FEUCHTIGKEIT<\/strong><\/li>\n<li>Funktioniert in einem breiten <strong>Temperaturbereich<\/strong><\/li>\n<li><strong>RESPEKTIEREN SIE DIE UMWELT<\/strong>, ohne Sonderm\u00fcll zu erzeugen!<\/li>\n<li>Volle einj\u00e4hrige Garantie<\/li>\n<li>*Adapter nicht enthalten; mit Bel\u00fcftungssystem verwenden<\/li>\n<\/ul>\n<p><u><strong><br \/>Hinweis: <\/strong><\/u>Das Uvonair&reg; In-Duct UV-System muss so positioniert werden, dass es ohne Verl\u00e4ngerungskabel an die Stromquelle angeschlossen werden kann. Das Uvonair&reg; UV80H verf\u00fcgt \u00fcber zwei Leistungsstufen: Hoch (2 Lampen) und Niedrig (1 Lampe). Bestimmen Sie die erforderliche Ozonmenge durch \u00dcberwachung des Geruchsniveaus der Abluft, das w\u00e4hrend des Wachstumszyklus variieren kann.<u><strong><br \/><\/strong><\/u><\/p>\n","protected":false},"excerpt":{"rendered":"<p>Der UVONAIR UV-80H ist ein wirtschaftliches Kanalsystem, das mit speziellen UV-Lampen Ozon erzeugt. Die meisten Ozonger\u00e4te auf dem Markt sind<\/p>\n","protected":false},"featured_media":131013,"comment_status":"open","ping_status":"closed","template":"","meta":[],"product_brand":[],"product_cat":[7929],"product_tag":[],"class_list":{"0":"post-131019","1":"product","2":"type-product","3":"status-publish","4":"has-post-thumbnail","6":"product_cat-pflanzenschutz-und-abwehr","8":"first","9":"instock","10":"taxable","11":"shipping-taxable","12":"purchasable","13":"product-type-simple"},"aioseo_notices":[],"_links":{"self":[{"href":"https:\/\/www.budream.com\/de\/wp-json\/wp\/v2\/product\/131019","targetHints":{"allow":["GET"]}}],"collection":[{"href":"https:\/\/www.budream.com\/de\/wp-json\/wp\/v2\/product"}],"about":[{"href":"https:\/\/www.budream.com\/de\/wp-json\/wp\/v2\/types\/product"}],"replies":[{"embeddable":true,"href":"https:\/\/www.budream.com\/de\/wp-json\/wp\/v2\/comments?post=131019"}],"version-history":[{"count":0,"href":"https:\/\/www.budream.com\/de\/wp-json\/wp\/v2\/product\/131019\/revisions"}],"wp:featuredmedia":[{"embeddable":true,"href":"https:\/\/www.budream.com\/de\/wp-json\/wp\/v2\/media\/131013"}],"wp:attachment":[{"href":"https:\/\/www.budream.com\/de\/wp-json\/wp\/v2\/media?parent=131019"}],"wp:term":[{"taxonomy":"product_brand","embeddable":true,"href":"https:\/\/www.budream.com\/de\/wp-json\/wp\/v2\/product_brand?post=131019"},{"taxonomy":"product_cat","embeddable":true,"href":"https:\/\/www.budream.com\/de\/wp-json\/wp\/v2\/product_cat?post=131019"},{"taxonomy":"product_tag","embeddable":true,"href":"https:\/\/www.budream.com\/de\/wp-json\/wp\/v2\/product_tag?post=131019"}],"curies":[{"name":"wp","href":"https:\/\/api.w.org\/{rel}","templated":true}]}}