{"id":131029,"date":"2025-07-30T23:23:29","date_gmt":"2025-07-30T21:23:29","guid":{"rendered":"https:\/\/www.budream.com\/shop\/uvonair-ozoniser-cd-1000-2-o-250mm-1200m3\/"},"modified":"2026-02-23T19:06:37","modified_gmt":"2026-02-23T17:06:37","slug":"uvonair-ozoniser-cd-1000-2-o-250mm-1200m3","status":"publish","type":"product","link":"https:\/\/www.budream.com\/de\/shop\/uvonair-ozoniser-cd-1000-2-o-250mm-1200m3\/","title":{"rendered":"UVONAIR &#8211; OZONISER CD-1000-2 | \u00d8 250mm &#8211; 1200m3"},"content":{"rendered":"<p>Der <strong>zweizellige<\/strong> <strong> Ozongenerator<\/strong> <strong>Uvonair CD-1000-2<\/strong> <strong> ist ein Hochleistungs-Ozongenerator<\/strong>, der mehr Ozon produziert als jedes andere derzeit bekannte Modell. Er ist einstellbar, um sich an die Last des Ozonbedarfs f\u00fcr die Geruchskontrolle anzupassen und um in Zeiten mit geringem Bedarf Energie zu sparen. Der CD-Generator ist wartungsfrei.<\/p>\n<p>Die meisten Ozongeneratoren auf dem Markt sind<strong> <u>nicht<\/u><\/strong> nach UL-Standards getestet! Sind Sie sicher, dass Ihr Geruch beseitigt ist? Gehen Sie sicher mit UVONAIR&reg;!Die EINZIGE Wahl unter den hochwertigen INDUSTRIEGERUCHSBEK\u00c4MPFUNGSGER\u00c4TEN! Er maskiert nicht nur Ger\u00fcche, er <strong>vernichtet sie! <\/strong>UVONAIR&reg;-Geruchsbeseitigungsger\u00e4te erzeugen Ozon, eines der wirksamsten Oxidationsmittel der Natur!<\/p>\n<h2><span style=\"text-decoration: underline\"><strong>Eigenschaften Uvonair CD-1000-2:<\/strong><\/span><\/h2>\n<ul style=\"list-style-type: disc\">\n<li>Ideal f\u00fcr R\u00e4ume von <strong>600 m3 bis zu 1200 m3<\/strong><\/li>\n<li>Einbau in einen <strong>25 cm langen<\/strong> Kanal zur Behandlung der ausstr\u00f6menden Luft<\/li>\n<li>Einstellbarer Schalter (HIGH\/LOW\/OFF).<\/li>\n<li>Kann mit Hilfe von Adaptern* auch in andere Kanalgr\u00f6\u00dfen eingebaut werden (gr\u00f6\u00dfere Kan\u00e4le k\u00f6nnen jedoch den Luftstrom beeintr\u00e4chtigen). Die Uvonair&reg; CD-Modelle werden f\u00fcr gr\u00f6\u00dfere Kan\u00e4le und bei starker Geruchsentwicklung empfohlen.<\/li>\n<li>Funktioniert in Bereichen mit hoher <strong>FEUCHTIGKEIT<\/strong><\/li>\n<li>Funktioniert in einem breiten <strong>Temperaturbereich<\/strong><\/li>\n<li><strong>RESPEKTIEREN SIE DIE UMWELT<\/strong>, ohne Sonderm\u00fcll zu erzeugen!<\/li>\n<li>Volle einj\u00e4hrige Garantie<\/li>\n<li>Keine Wartung erforderlich<\/li>\n<li>*Adapter nicht enthalten; mit Bel\u00fcftungssystem verwenden<\/li>\n<\/ul>\n<p><u><strong><br \/>Hinweis<\/strong><\/u><strong>:<\/strong> Das Uvonair&reg; CD In-Duct System muss so positioniert werden, dass ein Anschluss an die Stromquelle ohne die Verwendung eines Verl\u00e4ngerungskabels m\u00f6glich ist. Diese Ger\u00e4te sind wartungsfrei. Sie k\u00f6nnen NICHT vom Benutzer gewartet werden, bitte wenden Sie sich bei Wartungsproblemen an Ihren Fachh\u00e4ndler.<\/p>\n","protected":false},"excerpt":{"rendered":"<p>Der zweizellige Ozongenerator Uvonair CD-1000-2 ist ein Hochleistungs-Ozongenerator, der mehr Ozon produziert als jedes andere derzeit bekannte Modell. Er ist<\/p>\n","protected":false},"featured_media":131023,"comment_status":"open","ping_status":"closed","template":"","meta":[],"product_brand":[],"product_cat":[7929],"product_tag":[],"class_list":{"0":"post-131029","1":"product","2":"type-product","3":"status-publish","4":"has-post-thumbnail","6":"product_cat-pflanzenschutz-und-abwehr","8":"first","9":"instock","10":"taxable","11":"shipping-taxable","12":"purchasable","13":"product-type-simple"},"_links":{"self":[{"href":"https:\/\/www.budream.com\/de\/wp-json\/wp\/v2\/product\/131029","targetHints":{"allow":["GET"]}}],"collection":[{"href":"https:\/\/www.budream.com\/de\/wp-json\/wp\/v2\/product"}],"about":[{"href":"https:\/\/www.budream.com\/de\/wp-json\/wp\/v2\/types\/product"}],"replies":[{"embeddable":true,"href":"https:\/\/www.budream.com\/de\/wp-json\/wp\/v2\/comments?post=131029"}],"version-history":[{"count":0,"href":"https:\/\/www.budream.com\/de\/wp-json\/wp\/v2\/product\/131029\/revisions"}],"wp:featuredmedia":[{"embeddable":true,"href":"https:\/\/www.budream.com\/de\/wp-json\/wp\/v2\/media\/131023"}],"wp:attachment":[{"href":"https:\/\/www.budream.com\/de\/wp-json\/wp\/v2\/media?parent=131029"}],"wp:term":[{"taxonomy":"product_brand","embeddable":true,"href":"https:\/\/www.budream.com\/de\/wp-json\/wp\/v2\/product_brand?post=131029"},{"taxonomy":"product_cat","embeddable":true,"href":"https:\/\/www.budream.com\/de\/wp-json\/wp\/v2\/product_cat?post=131029"},{"taxonomy":"product_tag","embeddable":true,"href":"https:\/\/www.budream.com\/de\/wp-json\/wp\/v2\/product_tag?post=131029"}],"curies":[{"name":"wp","href":"https:\/\/api.w.org\/{rel}","templated":true}]}}