{"id":131059,"date":"2025-07-30T23:26:33","date_gmt":"2025-07-30T21:26:33","guid":{"rendered":"https:\/\/www.budream.com\/shop\/super-sativa-seed-club-auto-elephant-fem-5-samen\/"},"modified":"2026-03-21T12:30:08","modified_gmt":"2026-03-21T10:30:08","slug":"super-sativa-seed-club-auto-elephant-fem-5-samen","status":"publish","type":"product","link":"https:\/\/www.budream.com\/de\/shop\/super-sativa-seed-club-auto-elephant-fem-5-samen\/","title":{"rendered":"SUPER SATIVA SEED CLUB &#8211; AUTO ELEPHANT FEM | 5 SAMEN"},"content":{"rendered":"<p><strong>AUTO ELEPHANT<\/strong> ist ein ausgewogener Hybrid zwischen Indica und Sativa, vielseitig und f\u00fcr jede Gelegenheit geeignet von SUPER SATIVA SEED CLUB. Verf\u00fcgbar in Packungen mit 5 Samen feminisiert. Mit einem THC-Gehalt von Sehr hoch (20\u202f%+) und CBD Mittel (2\u20135\u202f%), diese Pflanze richtet sich an erfahrene Z\u00fcchter. Im Anbau, erfordert eine l\u00e4ngere Bl\u00fctezeit (13+ Wochen), belohnt mit au\u00dfergew\u00f6hnlicher Qualit\u00e4t und bietet au\u00dfergew\u00f6hnlich reichlich Ertr\u00e4ge. In der Nase und am Gaumen zeichnet sich sein \ud83c\udf3f Scharf-Aroma aus.<\/p>\n","protected":false},"excerpt":{"rendered":"<p>\ud83c\udf3f AUTO ELEPHANT von SUPER SATIVA SEED CLUB \u00b7 \ud83e\uddec Indica \/ Sativa \u00b7 \ud83d\udd25 THC sehr hoch (Sehr hoch (20\u202f%+)) \u00b7 \ud83c\udfc6 Ertrag XXL.<\/p>\n","protected":false},"featured_media":128568,"comment_status":"open","ping_status":"closed","template":"","meta":[],"product_brand":[],"product_cat":[7952],"product_tag":[10174,8510,8511,8545,9931,10124,10125,10126,10127,10128],"class_list":{"0":"post-131059","1":"product","2":"type-product","3":"status-publish","4":"has-post-thumbnail","6":"product_cat-seedshop-de","7":"product_tag-auto-elephant-fem-5-samen","8":"product_tag-indica","9":"product_tag-sativa","10":"product_tag-super-sativa-seed-club","11":"product_tag-hybrid","12":"product_tag-thc-sehr-hoch","13":"product_tag-ertrag-xxl","14":"product_tag-cannabis-samen","15":"product_tag-scharf","16":"product_tag-feminisierte-samen","18":"first","19":"outofstock","20":"taxable","21":"shipping-taxable","22":"purchasable","23":"product-type-simple"},"aioseo_notices":[],"_links":{"self":[{"href":"https:\/\/www.budream.com\/de\/wp-json\/wp\/v2\/product\/131059","targetHints":{"allow":["GET"]}}],"collection":[{"href":"https:\/\/www.budream.com\/de\/wp-json\/wp\/v2\/product"}],"about":[{"href":"https:\/\/www.budream.com\/de\/wp-json\/wp\/v2\/types\/product"}],"replies":[{"embeddable":true,"href":"https:\/\/www.budream.com\/de\/wp-json\/wp\/v2\/comments?post=131059"}],"version-history":[{"count":1,"href":"https:\/\/www.budream.com\/de\/wp-json\/wp\/v2\/product\/131059\/revisions"}],"predecessor-version":[{"id":258705,"href":"https:\/\/www.budream.com\/de\/wp-json\/wp\/v2\/product\/131059\/revisions\/258705"}],"wp:featuredmedia":[{"embeddable":true,"href":"https:\/\/www.budream.com\/de\/wp-json\/wp\/v2\/media\/128568"}],"wp:attachment":[{"href":"https:\/\/www.budream.com\/de\/wp-json\/wp\/v2\/media?parent=131059"}],"wp:term":[{"taxonomy":"product_brand","embeddable":true,"href":"https:\/\/www.budream.com\/de\/wp-json\/wp\/v2\/product_brand?post=131059"},{"taxonomy":"product_cat","embeddable":true,"href":"https:\/\/www.budream.com\/de\/wp-json\/wp\/v2\/product_cat?post=131059"},{"taxonomy":"product_tag","embeddable":true,"href":"https:\/\/www.budream.com\/de\/wp-json\/wp\/v2\/product_tag?post=131059"}],"curies":[{"name":"wp","href":"https:\/\/api.w.org\/{rel}","templated":true}]}}