{"id":131064,"date":"2025-07-30T23:27:03","date_gmt":"2025-07-30T21:27:03","guid":{"rendered":"https:\/\/www.budream.com\/shop\/super-sativa-seed-club-auto-sweet-bourbon-kush-fem-3-samen\/"},"modified":"2026-03-21T12:30:14","modified_gmt":"2026-03-21T10:30:14","slug":"super-sativa-seed-club-auto-sweet-bourbon-kush-fem-3-samen","status":"publish","type":"product","link":"https:\/\/www.budream.com\/de\/shop\/super-sativa-seed-club-auto-sweet-bourbon-kush-fem-3-samen\/","title":{"rendered":"SUPER SATIVA SEED CLUB &#8211; AUTO SWEET BOURBON KUSH FEM | 3 SAMEN"},"content":{"rendered":"<p><strong>AUTO SWEET BOURBON KUSH<\/strong> ist ein Indica-dominanter Hybrid, der k\u00f6rperliche Entspannung mit reichlich Ertr\u00e4gen verbindet von SUPER SATIVA SEED CLUB. Verf\u00fcgbar in Packungen mit 3 Samen feminisiert. Mit sehr hohem THC-Gehalt (Sehr hoch (20\u202f%+)), diese Pflanze richtet sich an erfahrene Z\u00fcchter. Im Anbau, hat einen mittleren Bl\u00fctezyklus von 10-12 Wochen und garantiert reichlich Ertr\u00e4ge. In der Nase und am Gaumen zeichnet sich sein \ud83c\udf53 S\u00fc\u00df \/ Fruchtig-Aroma aus.<\/p>\n","protected":false},"excerpt":{"rendered":"<p>\ud83c\udf3f AUTO SWEET BOURBON KUSH von SUPER SATIVA SEED CLUB \u00b7 \ud83e\uddec Indica Dominant (60%+) \u00b7 \ud83d\udd25 THC sehr hoch (Sehr hoch (20\u202f%+)) \u00b7 \ud83d\udce6 Ertrag XL.<\/p>\n","protected":false},"featured_media":128568,"comment_status":"open","ping_status":"closed","template":"","meta":[],"product_brand":[],"product_cat":[1175],"product_tag":[8510,8545,10124,10126,10128,10171,10176],"class_list":{"0":"post-131064","1":"product","2":"type-product","3":"status-publish","4":"has-post-thumbnail","6":"product_cat-seedshop","7":"product_tag-indica","8":"product_tag-super-sativa-seed-club","9":"product_tag-thc-sehr-hoch","10":"product_tag-cannabis-samen","11":"product_tag-feminisierte-samen","12":"product_tag-suess-fruchtig","13":"product_tag-auto-sweet-bourbon-kush-fem-3-samen","15":"first","16":"instock","17":"taxable","18":"shipping-taxable","19":"purchasable","20":"product-type-simple"},"_links":{"self":[{"href":"https:\/\/www.budream.com\/de\/wp-json\/wp\/v2\/product\/131064","targetHints":{"allow":["GET"]}}],"collection":[{"href":"https:\/\/www.budream.com\/de\/wp-json\/wp\/v2\/product"}],"about":[{"href":"https:\/\/www.budream.com\/de\/wp-json\/wp\/v2\/types\/product"}],"replies":[{"embeddable":true,"href":"https:\/\/www.budream.com\/de\/wp-json\/wp\/v2\/comments?post=131064"}],"version-history":[{"count":1,"href":"https:\/\/www.budream.com\/de\/wp-json\/wp\/v2\/product\/131064\/revisions"}],"predecessor-version":[{"id":258706,"href":"https:\/\/www.budream.com\/de\/wp-json\/wp\/v2\/product\/131064\/revisions\/258706"}],"wp:featuredmedia":[{"embeddable":true,"href":"https:\/\/www.budream.com\/de\/wp-json\/wp\/v2\/media\/128568"}],"wp:attachment":[{"href":"https:\/\/www.budream.com\/de\/wp-json\/wp\/v2\/media?parent=131064"}],"wp:term":[{"taxonomy":"product_brand","embeddable":true,"href":"https:\/\/www.budream.com\/de\/wp-json\/wp\/v2\/product_brand?post=131064"},{"taxonomy":"product_cat","embeddable":true,"href":"https:\/\/www.budream.com\/de\/wp-json\/wp\/v2\/product_cat?post=131064"},{"taxonomy":"product_tag","embeddable":true,"href":"https:\/\/www.budream.com\/de\/wp-json\/wp\/v2\/product_tag?post=131064"}],"curies":[{"name":"wp","href":"https:\/\/api.w.org\/{rel}","templated":true}]}}