{"id":131074,"date":"2025-07-30T23:28:01","date_gmt":"2025-07-30T21:28:01","guid":{"rendered":"https:\/\/www.budream.com\/shop\/super-sativa-seed-club-auto-sweet-bourbon-kush-fem-8-seeds-verfuegbar-solange-der-vorrat-reicht\/"},"modified":"2026-03-21T12:30:28","modified_gmt":"2026-03-21T10:30:28","slug":"super-sativa-seed-club-auto-sweet-bourbon-kush-fem-8-seeds-verfuegbar-solange-der-vorrat-reicht","status":"publish","type":"product","link":"https:\/\/www.budream.com\/de\/shop\/super-sativa-seed-club-auto-sweet-bourbon-kush-fem-8-seeds-verfuegbar-solange-der-vorrat-reicht\/","title":{"rendered":"SUPER SATIVA SEED CLUB &#8211; AUTO SWEET BOURBON KUSH FEM | 8 SEEDS Verf\u00fcgbar solange der Vorrat reicht"},"content":{"rendered":"<p><strong>AUTO SWEET BOURBON KUSH FEM | 8 SEEDS<\/strong> ist ein Indica-dominanter Hybrid, der k\u00f6rperliche Entspannung mit reichlich Ertr\u00e4gen verbindet von SUPER SATIVA SEED CLUB. Verf\u00fcgbar in Packungen mit 8 Samen feminisiert. Mit sehr hohem THC-Gehalt (Sehr hoch (20\u202f%+)), diese Pflanze richtet sich an erfahrene Z\u00fcchter. Im Anbau, hat einen mittleren Bl\u00fctezyklus von 10-12 Wochen und garantiert reichlich Ertr\u00e4ge. In der Nase und am Gaumen zeichnet sich sein \ud83c\udf53 S\u00fc\u00df \/ Fruchtig-Aroma aus.<\/p>\n","protected":false},"excerpt":{"rendered":"<p>\ud83c\udf3f AUTO SWEET BOURBON KUSH FEM | 8 SEEDS von SUPER SATIVA SEED CLUB \u00b7 \ud83e\uddec Indica Dominant (60%+) \u00b7 \ud83d\udd25 THC sehr hoch (Sehr hoch (20\u202f%+)) \u00b7 \ud83d\udce6 Ertrag XL.<\/p>\n","protected":false},"featured_media":128568,"comment_status":"open","ping_status":"closed","template":"","meta":[],"product_brand":[],"product_cat":[7952],"product_tag":[10126,10128,10171,10177,8510,8545,10124],"class_list":{"0":"post-131074","1":"product","2":"type-product","3":"status-publish","4":"has-post-thumbnail","6":"product_cat-seedshop-de","7":"product_tag-cannabis-samen","8":"product_tag-feminisierte-samen","9":"product_tag-suess-fruchtig","10":"product_tag-auto-sweet-bourbon-kush-fem-8-seeds-verfuegbar-solange-der-vorrat-reicht","11":"product_tag-indica","12":"product_tag-super-sativa-seed-club","13":"product_tag-thc-sehr-hoch","15":"first","16":"instock","17":"sale","18":"taxable","19":"shipping-taxable","20":"purchasable","21":"product-type-simple"},"aioseo_notices":[],"_links":{"self":[{"href":"https:\/\/www.budream.com\/de\/wp-json\/wp\/v2\/product\/131074","targetHints":{"allow":["GET"]}}],"collection":[{"href":"https:\/\/www.budream.com\/de\/wp-json\/wp\/v2\/product"}],"about":[{"href":"https:\/\/www.budream.com\/de\/wp-json\/wp\/v2\/types\/product"}],"replies":[{"embeddable":true,"href":"https:\/\/www.budream.com\/de\/wp-json\/wp\/v2\/comments?post=131074"}],"version-history":[{"count":1,"href":"https:\/\/www.budream.com\/de\/wp-json\/wp\/v2\/product\/131074\/revisions"}],"predecessor-version":[{"id":258708,"href":"https:\/\/www.budream.com\/de\/wp-json\/wp\/v2\/product\/131074\/revisions\/258708"}],"wp:featuredmedia":[{"embeddable":true,"href":"https:\/\/www.budream.com\/de\/wp-json\/wp\/v2\/media\/128568"}],"wp:attachment":[{"href":"https:\/\/www.budream.com\/de\/wp-json\/wp\/v2\/media?parent=131074"}],"wp:term":[{"taxonomy":"product_brand","embeddable":true,"href":"https:\/\/www.budream.com\/de\/wp-json\/wp\/v2\/product_brand?post=131074"},{"taxonomy":"product_cat","embeddable":true,"href":"https:\/\/www.budream.com\/de\/wp-json\/wp\/v2\/product_cat?post=131074"},{"taxonomy":"product_tag","embeddable":true,"href":"https:\/\/www.budream.com\/de\/wp-json\/wp\/v2\/product_tag?post=131074"}],"curies":[{"name":"wp","href":"https:\/\/api.w.org\/{rel}","templated":true}]}}