{"id":131089,"date":"2025-07-30T23:29:25","date_gmt":"2025-07-30T21:29:25","guid":{"rendered":"https:\/\/www.budream.com\/shop\/super-sativa-seed-club-super-mad-sky-floater-fem-3-samen\/"},"modified":"2026-03-21T12:30:49","modified_gmt":"2026-03-21T10:30:49","slug":"super-sativa-seed-club-super-mad-sky-floater-fem-3-samen","status":"publish","type":"product","link":"https:\/\/www.budream.com\/de\/shop\/super-sativa-seed-club-super-mad-sky-floater-fem-3-samen\/","title":{"rendered":"SUPER SATIVA SEED CLUB &#8211; SUPER MAD SKY FLOATER FEM | 3 SAMEN"},"content":{"rendered":"<p><strong>SUPER MAD SKY FLOATER<\/strong> ist ein ausgewogener Hybrid zwischen Indica und Sativa, vielseitig und f\u00fcr jede Gelegenheit geeignet von SUPER SATIVA SEED CLUB. Verf\u00fcgbar in Packungen mit 3 Samen feminisiert. Mit sehr hohem THC-Gehalt (Sehr hoch (20\u202f%+)), diese Pflanze richtet sich an erfahrene Z\u00fcchter. Im Anbau, hat einen mittleren Bl\u00fctezyklus von 10-12 Wochen und produziert gro\u00dfz\u00fcgige Ertr\u00e4ge. In der Nase und am Gaumen zeichnet sich sein \ud83c\udf3f Scharf-Aroma aus.<\/p>\n","protected":false},"excerpt":{"rendered":"<p>\ud83c\udf3f SUPER MAD SKY FLOATER von SUPER SATIVA SEED CLUB \u00b7 \ud83e\uddec Indica \/ Sativa \u00b7 \ud83d\udd25 THC sehr hoch (Sehr hoch (20\u202f%+)).<\/p>\n","protected":false},"featured_media":128578,"comment_status":"open","ping_status":"closed","template":"","meta":[],"product_brand":[],"product_cat":[1175],"product_tag":[10128,10182,8510,8511,8545,9931,10124,10126,10127],"class_list":{"0":"post-131089","1":"product","2":"type-product","3":"status-publish","4":"has-post-thumbnail","6":"product_cat-seedshop","7":"product_tag-feminisierte-samen","8":"product_tag-super-mad-sky-floater-fem-3-samen","9":"product_tag-indica","10":"product_tag-sativa","11":"product_tag-super-sativa-seed-club","12":"product_tag-hybrid","13":"product_tag-thc-sehr-hoch","14":"product_tag-cannabis-samen","15":"product_tag-scharf","17":"first","18":"instock","19":"taxable","20":"shipping-taxable","21":"purchasable","22":"product-type-simple"},"_links":{"self":[{"href":"https:\/\/www.budream.com\/de\/wp-json\/wp\/v2\/product\/131089","targetHints":{"allow":["GET"]}}],"collection":[{"href":"https:\/\/www.budream.com\/de\/wp-json\/wp\/v2\/product"}],"about":[{"href":"https:\/\/www.budream.com\/de\/wp-json\/wp\/v2\/types\/product"}],"replies":[{"embeddable":true,"href":"https:\/\/www.budream.com\/de\/wp-json\/wp\/v2\/comments?post=131089"}],"version-history":[{"count":1,"href":"https:\/\/www.budream.com\/de\/wp-json\/wp\/v2\/product\/131089\/revisions"}],"predecessor-version":[{"id":258711,"href":"https:\/\/www.budream.com\/de\/wp-json\/wp\/v2\/product\/131089\/revisions\/258711"}],"wp:featuredmedia":[{"embeddable":true,"href":"https:\/\/www.budream.com\/de\/wp-json\/wp\/v2\/media\/128578"}],"wp:attachment":[{"href":"https:\/\/www.budream.com\/de\/wp-json\/wp\/v2\/media?parent=131089"}],"wp:term":[{"taxonomy":"product_brand","embeddable":true,"href":"https:\/\/www.budream.com\/de\/wp-json\/wp\/v2\/product_brand?post=131089"},{"taxonomy":"product_cat","embeddable":true,"href":"https:\/\/www.budream.com\/de\/wp-json\/wp\/v2\/product_cat?post=131089"},{"taxonomy":"product_tag","embeddable":true,"href":"https:\/\/www.budream.com\/de\/wp-json\/wp\/v2\/product_tag?post=131089"}],"curies":[{"name":"wp","href":"https:\/\/api.w.org\/{rel}","templated":true}]}}