{"id":131129,"date":"2025-07-30T23:30:55","date_gmt":"2025-07-30T21:30:55","guid":{"rendered":"https:\/\/www.budream.com\/shop\/qnubu-glasbong-sterling-178cm\/"},"modified":"2026-04-14T15:13:18","modified_gmt":"2026-04-14T13:13:18","slug":"qnubu-glasbong-sterling-178cm","status":"publish","type":"product","link":"https:\/\/www.budream.com\/de\/shop\/qnubu-glasbong-sterling-178cm\/","title":{"rendered":"QNUBU &#8211; GLASBONG &#8222;STERLING&#8220; | 17,8cm"},"content":{"rendered":"<p>Glasbong mit Glaskolben geeignet f\u00fcr die Verwendung mit Kr\u00e4utern; eine einzigartig gestaltete Bong, leicht zu reinigen und sto\u00dffest.<\/p>\n<h2><span style=\"text-decoration: underline\">QNUBU &#8211; Sterling-Glasbong | 17,8cm<\/span><\/h2>\n<ul style=\"list-style-type: disc\">\n<li>Glasbong;<\/li>\n<li>Abmessungen: 17,8 cm;<\/li>\n<li>Kr\u00e4uterfeuerzeug;<\/li>\n<\/ul>\n","protected":false},"excerpt":{"rendered":"<p>Glasbong mit Glaskolben geeignet f\u00fcr die Verwendung mit Kr\u00e4utern; eine einzigartig gestaltete Bong, leicht zu reinigen und sto\u00dffest. QNUBU &#8211;<\/p>\n","protected":false},"featured_media":131123,"comment_status":"open","ping_status":"closed","template":"","meta":[],"product_brand":[],"product_cat":[7947],"product_tag":[],"class_list":{"0":"post-131129","1":"product","2":"type-product","3":"status-publish","4":"has-post-thumbnail","6":"product_cat-headshop-de","8":"first","9":"instock","10":"taxable","11":"shipping-taxable","12":"purchasable","13":"product-type-simple"},"aioseo_notices":[],"_links":{"self":[{"href":"https:\/\/www.budream.com\/de\/wp-json\/wp\/v2\/product\/131129","targetHints":{"allow":["GET"]}}],"collection":[{"href":"https:\/\/www.budream.com\/de\/wp-json\/wp\/v2\/product"}],"about":[{"href":"https:\/\/www.budream.com\/de\/wp-json\/wp\/v2\/types\/product"}],"replies":[{"embeddable":true,"href":"https:\/\/www.budream.com\/de\/wp-json\/wp\/v2\/comments?post=131129"}],"version-history":[{"count":1,"href":"https:\/\/www.budream.com\/de\/wp-json\/wp\/v2\/product\/131129\/revisions"}],"predecessor-version":[{"id":262229,"href":"https:\/\/www.budream.com\/de\/wp-json\/wp\/v2\/product\/131129\/revisions\/262229"}],"wp:featuredmedia":[{"embeddable":true,"href":"https:\/\/www.budream.com\/de\/wp-json\/wp\/v2\/media\/131123"}],"wp:attachment":[{"href":"https:\/\/www.budream.com\/de\/wp-json\/wp\/v2\/media?parent=131129"}],"wp:term":[{"taxonomy":"product_brand","embeddable":true,"href":"https:\/\/www.budream.com\/de\/wp-json\/wp\/v2\/product_brand?post=131129"},{"taxonomy":"product_cat","embeddable":true,"href":"https:\/\/www.budream.com\/de\/wp-json\/wp\/v2\/product_cat?post=131129"},{"taxonomy":"product_tag","embeddable":true,"href":"https:\/\/www.budream.com\/de\/wp-json\/wp\/v2\/product_tag?post=131129"}],"curies":[{"name":"wp","href":"https:\/\/api.w.org\/{rel}","templated":true}]}}