{"id":131209,"date":"2025-07-30T23:34:06","date_gmt":"2025-07-30T21:34:06","guid":{"rendered":"https:\/\/www.budream.com\/shop\/qnubu-stahl-tabber-set-3-stueck\/"},"modified":"2026-05-13T15:28:26","modified_gmt":"2026-05-13T13:28:26","slug":"qnubu-stahl-tabber-set-3-stueck","status":"publish","type":"product","link":"https:\/\/www.budream.com\/de\/shop\/qnubu-stahl-tabber-set-3-stueck\/","title":{"rendered":"QNUBU &#8211; STAHL TABBER SET | 3 St\u00fcck"},"content":{"rendered":"<p><span class=\"s1\"><span class=\"s1\">Dreiteiliges Set von Edelstahl-Dabber in verschiedenen Formen und Gr\u00f6\u00dfen.<\/p>\n<p><\/span><\/span><\/p>\n<h2><span style=\"text-decoration: underline\">Qnubu &#8211; Tupfer aus Stahl:<\/span><\/h2>\n<ul style=\"list-style-type: disc\">\n<li><span class=\"s1\">Geeignet f\u00fcr die Verwendung mit allen Arten von Dabber;<\/span><\/li>\n<li><span class=\"s1\">100% rostfreier Stahl;<\/span><\/li>\n<li><span class=\"s1\">3 St\u00fcck; <br \/><\/span><\/li>\n<\/ul>\n","protected":false},"excerpt":{"rendered":"<p>Dreiteiliges Set von Edelstahl-Dabber in verschiedenen Formen und Gr\u00f6\u00dfen. Qnubu &#8211; Tupfer aus Stahl: Geeignet f\u00fcr die Verwendung mit allen<\/p>\n","protected":false},"featured_media":131188,"comment_status":"open","ping_status":"closed","template":"","meta":[],"product_brand":[],"product_cat":[7947],"product_tag":[],"class_list":{"0":"post-131209","1":"product","2":"type-product","3":"status-publish","4":"has-post-thumbnail","6":"product_cat-headshop-de","8":"first","9":"instock","10":"taxable","11":"shipping-taxable","12":"purchasable","13":"product-type-simple"},"aioseo_notices":[],"_links":{"self":[{"href":"https:\/\/www.budream.com\/de\/wp-json\/wp\/v2\/product\/131209","targetHints":{"allow":["GET"]}}],"collection":[{"href":"https:\/\/www.budream.com\/de\/wp-json\/wp\/v2\/product"}],"about":[{"href":"https:\/\/www.budream.com\/de\/wp-json\/wp\/v2\/types\/product"}],"replies":[{"embeddable":true,"href":"https:\/\/www.budream.com\/de\/wp-json\/wp\/v2\/comments?post=131209"}],"version-history":[{"count":1,"href":"https:\/\/www.budream.com\/de\/wp-json\/wp\/v2\/product\/131209\/revisions"}],"predecessor-version":[{"id":262851,"href":"https:\/\/www.budream.com\/de\/wp-json\/wp\/v2\/product\/131209\/revisions\/262851"}],"wp:featuredmedia":[{"embeddable":true,"href":"https:\/\/www.budream.com\/de\/wp-json\/wp\/v2\/media\/131188"}],"wp:attachment":[{"href":"https:\/\/www.budream.com\/de\/wp-json\/wp\/v2\/media?parent=131209"}],"wp:term":[{"taxonomy":"product_brand","embeddable":true,"href":"https:\/\/www.budream.com\/de\/wp-json\/wp\/v2\/product_brand?post=131209"},{"taxonomy":"product_cat","embeddable":true,"href":"https:\/\/www.budream.com\/de\/wp-json\/wp\/v2\/product_cat?post=131209"},{"taxonomy":"product_tag","embeddable":true,"href":"https:\/\/www.budream.com\/de\/wp-json\/wp\/v2\/product_tag?post=131209"}],"curies":[{"name":"wp","href":"https:\/\/api.w.org\/{rel}","templated":true}]}}