{"id":131214,"date":"2025-07-30T23:34:34","date_gmt":"2025-07-30T21:34:34","guid":{"rendered":"https:\/\/www.budream.com\/shop\/super-sativa-seed-club-black-lebanon-fem-3-samen\/"},"modified":"2026-05-13T15:28:58","modified_gmt":"2026-05-13T13:28:58","slug":"super-sativa-seed-club-black-lebanon-fem-3-samen","status":"publish","type":"product","link":"https:\/\/www.budream.com\/de\/shop\/super-sativa-seed-club-black-lebanon-fem-3-samen\/","title":{"rendered":"SUPER SATIVA SEED CLUB &#8211; BLACK LEBANON FEM | 3 SAMEN"},"content":{"rendered":"<div class=\"FFpbKc\">\n<div class=\"ZTPlmc\">\n<div class=\"FFpbKc\">\n<div class=\"ZTPlmc\">\n<div class=\"FFpbKc\"><span class=\"JLqJ4b ChMk0b\" data-language-for-alternatives=\"it\" data-language-to-translate-into=\"en\" data-phrase-index=\"3\">Black Lebanon ist ein echter Leckerbissen f\u00fcr Kenner von Old-School-Sorten. Es handelt sich um die urspr\u00fcngliche Black Lebanon aus den 1980er Jahren, eine echte Haschischpflanze. Der Hersteller arbeitet seit 2008 mit dieser Sorte und hat die besten M\u00fctter aus Hunderten von Pflanzen ausgew\u00e4hlt. Diese Sorte besteht aus zwei originalen einheimischen Lebanon-Sorten, einer Kreuzung zwischen Lebanon #1 und Lebanon #5.<\/p>\n<p><\/span><\/div>\n<\/div>\n<\/div>\n<\/div>\n<\/div>\n<h2><strong>Merkmale Black Lebanon Fem:<\/strong><\/h2>\n<ul style=\"list-style-type: disc\">\n<li><strong>Gattung:<\/strong> Hybrid Feminisiert<\/li>\n<li><strong>Genotyp:<\/strong> Indica-dominanter Hybrid<\/li>\n<li><strong>Genetik:<\/strong> Lebanon #1 x Lebanon #5<\/li>\n<li>Tage<strong>:<\/strong> 63 Tage<\/li>\n<\/ul>\n<p><span style=\"font-size: 11pt\"><em><strong>ACHTUNG:<\/strong> Hanfsamen fallen nicht unter den Rechtsbegriff Cannabis, was bedeutet, dass sie nicht als Bet\u00e4ubungsmittel gelten (Gesetz 412 von 1974, Art. 1, Absatz 1, Buchstabe B; Einheits\u00fcbereinkommen \u00fcber Suchtstoffe von New York von 1961 und Tabelle II des Ministerialerlasses 27\/7\/1992). In Italien ist der Anbau von Hanf verboten (Artikel 28 und 73 des Pr\u00e4sidialdekrets 309\/90), es sei denn, es liegt eine Sondergenehmigung vor (Artikel 17 des Pr\u00e4sidialdekrets 309\/90). In Ermangelung einer solchen Genehmigung darf das Saatgut nur f\u00fcr andere Zwecke verwendet werden (zootechnische Zwecke, Sammeln usw.). Das Saatgut wird unter dem Vorbehalt verkauft, dass es nicht von Dritten im Widerspruch zu den gesetzlichen Bestimmungen verwendet wird.<\/em><\/span><\/p>\n","protected":false},"excerpt":{"rendered":"<p>\ud83c\udf3f BLACK LEBANON von SUPER SATIVA SEED CLUB \u00b7 \ud83e\uddec Indica Dominant (60%+) \u00b7 \ud83d\udd25 THC sehr hoch (Sehr hoch (20\u202f%+)) \u00b7 \ud83d\udce6 Ertrag XL.<\/p>\n","protected":false},"featured_media":128568,"comment_status":"open","ping_status":"closed","template":"","meta":[],"product_brand":[],"product_cat":[7952],"product_tag":[8510,8545,10124,10126,10128,10183],"class_list":{"0":"post-131214","1":"product","2":"type-product","3":"status-publish","4":"has-post-thumbnail","6":"product_cat-seedshop-de","7":"product_tag-indica","8":"product_tag-super-sativa-seed-club","9":"product_tag-thc-sehr-hoch","10":"product_tag-cannabis-samen","11":"product_tag-feminisierte-samen","12":"product_tag-black-lebanon-fem-3-samen","14":"first","15":"instock","16":"sale","17":"taxable","18":"shipping-taxable","19":"purchasable","20":"product-type-simple"},"aioseo_notices":[],"_links":{"self":[{"href":"https:\/\/www.budream.com\/de\/wp-json\/wp\/v2\/product\/131214","targetHints":{"allow":["GET"]}}],"collection":[{"href":"https:\/\/www.budream.com\/de\/wp-json\/wp\/v2\/product"}],"about":[{"href":"https:\/\/www.budream.com\/de\/wp-json\/wp\/v2\/types\/product"}],"replies":[{"embeddable":true,"href":"https:\/\/www.budream.com\/de\/wp-json\/wp\/v2\/comments?post=131214"}],"version-history":[{"count":2,"href":"https:\/\/www.budream.com\/de\/wp-json\/wp\/v2\/product\/131214\/revisions"}],"predecessor-version":[{"id":270406,"href":"https:\/\/www.budream.com\/de\/wp-json\/wp\/v2\/product\/131214\/revisions\/270406"}],"wp:featuredmedia":[{"embeddable":true,"href":"https:\/\/www.budream.com\/de\/wp-json\/wp\/v2\/media\/128568"}],"wp:attachment":[{"href":"https:\/\/www.budream.com\/de\/wp-json\/wp\/v2\/media?parent=131214"}],"wp:term":[{"taxonomy":"product_brand","embeddable":true,"href":"https:\/\/www.budream.com\/de\/wp-json\/wp\/v2\/product_brand?post=131214"},{"taxonomy":"product_cat","embeddable":true,"href":"https:\/\/www.budream.com\/de\/wp-json\/wp\/v2\/product_cat?post=131214"},{"taxonomy":"product_tag","embeddable":true,"href":"https:\/\/www.budream.com\/de\/wp-json\/wp\/v2\/product_tag?post=131214"}],"curies":[{"name":"wp","href":"https:\/\/api.w.org\/{rel}","templated":true}]}}