{"id":131244,"date":"2025-07-30T23:37:15","date_gmt":"2025-07-30T21:37:15","guid":{"rendered":"https:\/\/www.budream.com\/shop\/storzbickel-ersatznetzsatz-crafty-and-mighty\/"},"modified":"2026-05-13T15:31:30","modified_gmt":"2026-05-13T13:31:30","slug":"storzbickel-ersatznetzsatz-crafty-and-mighty","status":"publish","type":"product","link":"https:\/\/www.budream.com\/de\/shop\/storzbickel-ersatznetzsatz-crafty-and-mighty\/","title":{"rendered":"STORZ&amp;BICKEL &#8211; ERSATZNETZSATZ | CRAFTY+ AND MIGHTY+"},"content":{"rendered":"<p>Set mit allen Filternetzen f\u00fcr Ihren Mighty+ oder Crafty+.<\/p>\n<h2><span style=\"text-decoration: underline\">STORZ&amp;BICKEL &#8211; REPLACEMENT NETSET enth\u00e4lt:<\/span><\/h2>\n<ul style=\"list-style-type: disc\">\n<li>6-teiliges Set von Ersatznetzen f\u00fcr Crafty+ und Mighty+ :<\/li>\n<li>4 St\u00fcck oberes Netz mit weiter Masche (ca. &Oslash; 15 mm);<\/li>\n<li>2 St\u00fcck unteres Netz mit normalen Maschen (ca. &Oslash; 15 mm);<\/li>\n<\/ul>\n","protected":false},"excerpt":{"rendered":"<p>Set mit allen Filternetzen f\u00fcr Ihren Mighty+ oder Crafty+. STORZ&amp;BICKEL &#8211; REPLACEMENT NETSET enth\u00e4lt: 6-teiliges Set von Ersatznetzen f\u00fcr Crafty+<\/p>\n","protected":false},"featured_media":131238,"comment_status":"open","ping_status":"closed","template":"","meta":[],"product_brand":[],"product_cat":[7907],"product_tag":[],"class_list":{"0":"post-131244","1":"product","2":"type-product","3":"status-publish","4":"has-post-thumbnail","6":"product_cat-verdampfer","8":"first","9":"instock","10":"sale","11":"taxable","12":"shipping-taxable","13":"purchasable","14":"product-type-simple"},"aioseo_notices":[],"_links":{"self":[{"href":"https:\/\/www.budream.com\/de\/wp-json\/wp\/v2\/product\/131244","targetHints":{"allow":["GET"]}}],"collection":[{"href":"https:\/\/www.budream.com\/de\/wp-json\/wp\/v2\/product"}],"about":[{"href":"https:\/\/www.budream.com\/de\/wp-json\/wp\/v2\/types\/product"}],"replies":[{"embeddable":true,"href":"https:\/\/www.budream.com\/de\/wp-json\/wp\/v2\/comments?post=131244"}],"version-history":[{"count":1,"href":"https:\/\/www.budream.com\/de\/wp-json\/wp\/v2\/product\/131244\/revisions"}],"predecessor-version":[{"id":270416,"href":"https:\/\/www.budream.com\/de\/wp-json\/wp\/v2\/product\/131244\/revisions\/270416"}],"wp:featuredmedia":[{"embeddable":true,"href":"https:\/\/www.budream.com\/de\/wp-json\/wp\/v2\/media\/131238"}],"wp:attachment":[{"href":"https:\/\/www.budream.com\/de\/wp-json\/wp\/v2\/media?parent=131244"}],"wp:term":[{"taxonomy":"product_brand","embeddable":true,"href":"https:\/\/www.budream.com\/de\/wp-json\/wp\/v2\/product_brand?post=131244"},{"taxonomy":"product_cat","embeddable":true,"href":"https:\/\/www.budream.com\/de\/wp-json\/wp\/v2\/product_cat?post=131244"},{"taxonomy":"product_tag","embeddable":true,"href":"https:\/\/www.budream.com\/de\/wp-json\/wp\/v2\/product_tag?post=131244"}],"curies":[{"name":"wp","href":"https:\/\/api.w.org\/{rel}","templated":true}]}}