{"id":131254,"date":"2025-07-30T23:37:43","date_gmt":"2025-07-30T21:37:43","guid":{"rendered":"https:\/\/www.budream.com\/shop\/storzbickel-ersatzkissen-set-schlau-und-maechtig\/"},"modified":"2026-04-24T15:16:31","modified_gmt":"2026-04-24T13:16:31","slug":"storzbickel-ersatzkissen-set-schlau-und-maechtig","status":"publish","type":"product","link":"https:\/\/www.budream.com\/de\/shop\/storzbickel-ersatzkissen-set-schlau-und-maechtig\/","title":{"rendered":"STORZ&amp;BICKEL &#8211; ERSATZKISSEN-SET | SCHLAU+ UND M\u00c4CHTIG+"},"content":{"rendered":"<p>Set von Pads, die es Ihnen erm\u00f6glichen, Konzentrate und \u00d6le mit Ihrem Mighty+ oder Crafty+ zu verdampfen.<br \/>Dar\u00fcber hinaus k\u00f6nnen die Pads als &#8222;F\u00fcllpads&#8220; f\u00fcr L\u00fccken in der F\u00fcllkammer f\u00fcr die Mikrodosierung verwendet werden.<br \/>(Ex-Codes 0334CY und 0334MY).<\/p>\n<h2><span style=\"text-decoration: underline\">Storz&amp;Bickel &#8211; Ersatzpadset enth\u00e4lt:<\/span><\/h2>\n<ul style=\"list-style-type: disc\">\n<li>4-teiliges Set von Ersatzpads f\u00fcr Crafty+ und Mighty+ :<\/li>\n<li>Abmessungen: &Oslash; ca. 15 mm x 5 mm;<\/li>\n<li>geeignet f\u00fcr die Verwendung mit Konzentraten und zur Mikrodosierung;<\/li>\n<\/ul>\n","protected":false},"excerpt":{"rendered":"<p>Set von Pads, die es Ihnen erm\u00f6glichen, Konzentrate und \u00d6le mit Ihrem Mighty+ oder Crafty+ zu verdampfen.Dar\u00fcber hinaus k\u00f6nnen die<\/p>\n","protected":false},"featured_media":131248,"comment_status":"open","ping_status":"closed","template":"","meta":[],"product_brand":[],"product_cat":[1179],"product_tag":[],"class_list":{"0":"post-131254","1":"product","2":"type-product","3":"status-publish","4":"has-post-thumbnail","6":"product_cat-vaporizzatori","8":"first","9":"instock","10":"taxable","11":"shipping-taxable","12":"purchasable","13":"product-type-simple"},"aioseo_notices":[],"_links":{"self":[{"href":"https:\/\/www.budream.com\/de\/wp-json\/wp\/v2\/product\/131254","targetHints":{"allow":["GET"]}}],"collection":[{"href":"https:\/\/www.budream.com\/de\/wp-json\/wp\/v2\/product"}],"about":[{"href":"https:\/\/www.budream.com\/de\/wp-json\/wp\/v2\/types\/product"}],"replies":[{"embeddable":true,"href":"https:\/\/www.budream.com\/de\/wp-json\/wp\/v2\/comments?post=131254"}],"version-history":[{"count":1,"href":"https:\/\/www.budream.com\/de\/wp-json\/wp\/v2\/product\/131254\/revisions"}],"predecessor-version":[{"id":262909,"href":"https:\/\/www.budream.com\/de\/wp-json\/wp\/v2\/product\/131254\/revisions\/262909"}],"wp:featuredmedia":[{"embeddable":true,"href":"https:\/\/www.budream.com\/de\/wp-json\/wp\/v2\/media\/131248"}],"wp:attachment":[{"href":"https:\/\/www.budream.com\/de\/wp-json\/wp\/v2\/media?parent=131254"}],"wp:term":[{"taxonomy":"product_brand","embeddable":true,"href":"https:\/\/www.budream.com\/de\/wp-json\/wp\/v2\/product_brand?post=131254"},{"taxonomy":"product_cat","embeddable":true,"href":"https:\/\/www.budream.com\/de\/wp-json\/wp\/v2\/product_cat?post=131254"},{"taxonomy":"product_tag","embeddable":true,"href":"https:\/\/www.budream.com\/de\/wp-json\/wp\/v2\/product_tag?post=131254"}],"curies":[{"name":"wp","href":"https:\/\/api.w.org\/{rel}","templated":true}]}}