{"id":131309,"date":"2025-07-30T23:38:44","date_gmt":"2025-07-30T21:38:44","guid":{"rendered":"https:\/\/www.budream.com\/shop\/storzbickel-verdampfungskammer-fuer-vulkan-hybrid\/"},"modified":"2026-03-10T14:39:39","modified_gmt":"2026-03-10T12:39:39","slug":"storzbickel-verdampfungskammer-fuer-vulkan-hybrid","status":"publish","type":"product","link":"https:\/\/www.budream.com\/de\/shop\/storzbickel-verdampfungskammer-fuer-vulkan-hybrid\/","title":{"rendered":"STORZ&amp;BICKEL &#8211; VERDAMPFUNGSKAMMER F\u00dcR VULKAN-HYBRID"},"content":{"rendered":"<p>Die F\u00fcllkammer f\u00fcr Volcano Hybrid mit Easy Valve erm\u00f6glicht es Ihnen, sowohl Kr\u00e4uter als auch Fl\u00fcssigkeiten zu verdampfen.<\/p>\n<p><strong>Das Paket enth\u00e4lt:<\/strong><\/p>\n<ul style=\"list-style-type: disc\">\n<li>1 Stk. F\u00fcllkammer<\/li>\n<li>1 Stk. Ring f\u00fcr den Deckel<\/li>\n<li>1 Stk. Standard-Filtersatz (ca. &Oslash; 30 mm)<\/li>\n<li>1 Stk. Tr\u00f6pfchenkissen (ca. &Oslash; 28 x 4 mm)<\/li>\n<li>1 Stk. Reinigungsb\u00fcrste<\/li>\n<\/ul>\n<p><strong>Kompatibel mit:<\/strong><\/p>\n<ul style=\"list-style-type: disc\">\n<li><span style=\"text-decoration: underline\"><strong><a rel=\"nofollow\" href=\"https:\/\/www.indoorline.com\/volcano-hybrid-vaporizzatore-storz-amp-bickel.html\">Volcano Hybrid<\/a><\/strong><\/span><\/li>\n<li><span style=\"text-decoration: underline\"><strong><a rel=\"nofollow\" href=\"https:\/\/www.indoorline.com\/volcano-classic-con-easy-valve-vaporizzatore.html\">Volcano Classic mit Easy Valve<\/a><\/strong><\/span><\/li>\n<\/ul>\n","protected":false},"excerpt":{"rendered":"<p>Die F\u00fcllkammer f\u00fcr Volcano Hybrid mit Easy Valve erm\u00f6glicht es Ihnen, sowohl Kr\u00e4uter als auch Fl\u00fcssigkeiten zu verdampfen. Das Paket<\/p>\n","protected":false},"featured_media":131268,"comment_status":"open","ping_status":"closed","template":"","meta":[],"product_brand":[],"product_cat":[7907],"product_tag":[],"class_list":{"0":"post-131309","1":"product","2":"type-product","3":"status-publish","4":"has-post-thumbnail","6":"product_cat-verdampfer","8":"first","9":"instock","10":"sale","11":"taxable","12":"shipping-taxable","13":"purchasable","14":"product-type-simple"},"aioseo_notices":[],"_links":{"self":[{"href":"https:\/\/www.budream.com\/de\/wp-json\/wp\/v2\/product\/131309","targetHints":{"allow":["GET"]}}],"collection":[{"href":"https:\/\/www.budream.com\/de\/wp-json\/wp\/v2\/product"}],"about":[{"href":"https:\/\/www.budream.com\/de\/wp-json\/wp\/v2\/types\/product"}],"replies":[{"embeddable":true,"href":"https:\/\/www.budream.com\/de\/wp-json\/wp\/v2\/comments?post=131309"}],"version-history":[{"count":0,"href":"https:\/\/www.budream.com\/de\/wp-json\/wp\/v2\/product\/131309\/revisions"}],"wp:featuredmedia":[{"embeddable":true,"href":"https:\/\/www.budream.com\/de\/wp-json\/wp\/v2\/media\/131268"}],"wp:attachment":[{"href":"https:\/\/www.budream.com\/de\/wp-json\/wp\/v2\/media?parent=131309"}],"wp:term":[{"taxonomy":"product_brand","embeddable":true,"href":"https:\/\/www.budream.com\/de\/wp-json\/wp\/v2\/product_brand?post=131309"},{"taxonomy":"product_cat","embeddable":true,"href":"https:\/\/www.budream.com\/de\/wp-json\/wp\/v2\/product_cat?post=131309"},{"taxonomy":"product_tag","embeddable":true,"href":"https:\/\/www.budream.com\/de\/wp-json\/wp\/v2\/product_tag?post=131309"}],"curies":[{"name":"wp","href":"https:\/\/api.w.org\/{rel}","templated":true}]}}