{"id":131349,"date":"2025-07-30T23:39:16","date_gmt":"2025-07-30T21:39:16","guid":{"rendered":"https:\/\/www.budream.com\/shop\/storzbickel-fuellset-40-dosierkapseln-vulkan-maechtig-schlau-viel\/"},"modified":"2026-02-18T17:47:30","modified_gmt":"2026-02-18T15:47:30","slug":"storzbickel-fuellset-40-dosierkapseln-vulkan-maechtig-schlau-viel","status":"publish","type":"product","link":"https:\/\/www.budream.com\/de\/shop\/storzbickel-fuellset-40-dosierkapseln-vulkan-maechtig-schlau-viel\/","title":{"rendered":"STORZ&amp;BICKEL &#8211; F\u00dcLLSET 40 DOSIERKAPSELN | VULKAN M\u00c4CHTIG+ SCHLAU+ VIEL"},"content":{"rendered":"<p>Das F\u00fcllset f\u00fcr 40 Dosierkapseln ist f\u00fcr die gleichzeitige Bef\u00fcllung einer gr\u00f6\u00dferen Menge von Kapseln konzipiert.<br \/>Der mitgelieferte St\u00f6\u00dfel macht das Verschlie\u00dfen der Kapseln noch einfacher.<\/p>\n<h2><span style=\"text-decoration: underline\">Das F\u00fcllset f\u00fcr 40 Kapseln enth\u00e4lt:<\/span><\/h2>\n<ul style=\"list-style-type: disc\">\n<li>F\u00fcllschablone;<\/li>\n<li>Spatel;<\/li>\n<li>St\u00f6\u00dfel;<\/li>\n<li>Herb Mill XL Mahlwerk (ca. &Oslash; 90 mm);<\/li>\n<li>Beh\u00e4lter f\u00fcr 8 Dosierkapseln;<\/li>\n<li>40 Dosierkapseln;<\/li>\n<li>Waage;<\/li>\n<\/ul>\n","protected":false},"excerpt":{"rendered":"<p>Das F\u00fcllset f\u00fcr 40 Dosierkapseln ist f\u00fcr die gleichzeitige Bef\u00fcllung einer gr\u00f6\u00dferen Menge von Kapseln konzipiert.Der mitgelieferte St\u00f6\u00dfel macht das<\/p>\n","protected":false},"featured_media":131313,"comment_status":"open","ping_status":"closed","template":"","meta":[],"product_brand":[],"product_cat":[7907],"product_tag":[],"class_list":{"0":"post-131349","1":"product","2":"type-product","3":"status-publish","4":"has-post-thumbnail","6":"product_cat-verdampfer","8":"first","9":"instock","10":"sale","11":"taxable","12":"shipping-taxable","13":"purchasable","14":"product-type-simple"},"aioseo_notices":[],"_links":{"self":[{"href":"https:\/\/www.budream.com\/de\/wp-json\/wp\/v2\/product\/131349","targetHints":{"allow":["GET"]}}],"collection":[{"href":"https:\/\/www.budream.com\/de\/wp-json\/wp\/v2\/product"}],"about":[{"href":"https:\/\/www.budream.com\/de\/wp-json\/wp\/v2\/types\/product"}],"replies":[{"embeddable":true,"href":"https:\/\/www.budream.com\/de\/wp-json\/wp\/v2\/comments?post=131349"}],"version-history":[{"count":0,"href":"https:\/\/www.budream.com\/de\/wp-json\/wp\/v2\/product\/131349\/revisions"}],"wp:featuredmedia":[{"embeddable":true,"href":"https:\/\/www.budream.com\/de\/wp-json\/wp\/v2\/media\/131313"}],"wp:attachment":[{"href":"https:\/\/www.budream.com\/de\/wp-json\/wp\/v2\/media?parent=131349"}],"wp:term":[{"taxonomy":"product_brand","embeddable":true,"href":"https:\/\/www.budream.com\/de\/wp-json\/wp\/v2\/product_brand?post=131349"},{"taxonomy":"product_cat","embeddable":true,"href":"https:\/\/www.budream.com\/de\/wp-json\/wp\/v2\/product_cat?post=131349"},{"taxonomy":"product_tag","embeddable":true,"href":"https:\/\/www.budream.com\/de\/wp-json\/wp\/v2\/product_tag?post=131349"}],"curies":[{"name":"wp","href":"https:\/\/api.w.org\/{rel}","templated":true}]}}