{"id":131359,"date":"2025-07-30T23:39:44","date_gmt":"2025-07-30T21:39:44","guid":{"rendered":"https:\/\/www.budream.com\/shop\/storzbickel-wasserdichter-kapselhalter-mit-4-kapseln\/"},"modified":"2026-02-27T14:20:05","modified_gmt":"2026-02-27T12:20:05","slug":"storzbickel-wasserdichter-kapselhalter-mit-4-kapseln","status":"publish","type":"product","link":"https:\/\/www.budream.com\/de\/shop\/storzbickel-wasserdichter-kapselhalter-mit-4-kapseln\/","title":{"rendered":"STORZ&amp;BICKEL &#8211; WASSERDICHTER KAPSELHALTER MIT 4 KAPSELN"},"content":{"rendered":"<p>Der praktische wasserdichte Beh\u00e4lter f\u00fcr Dosierkapseln kann als Schl\u00fcsselanh\u00e4nger verwendet werden: Sie k\u00f6nnen optimal bis zu vier Dosierkapseln aufbewahren.<\/p>\n<p>Der Capsule Caddy ist au\u00dferdem geruchs- und wasserdicht.<\/p>\n<p>Das Produkt umfasst<\/p>\n<p>&#8211; 1 St. Kapsel-Caddy (Capsule Caddy)<br \/>&#8211; 4 Stk. Dosierkapseln<\/p><\/p>\n","protected":false},"excerpt":{"rendered":"<p>Der praktische wasserdichte Beh\u00e4lter f\u00fcr Dosierkapseln kann als Schl\u00fcsselanh\u00e4nger verwendet werden: Sie k\u00f6nnen optimal bis zu vier Dosierkapseln aufbewahren. Der<\/p>\n","protected":false},"featured_media":131353,"comment_status":"open","ping_status":"closed","template":"","meta":[],"product_brand":[],"product_cat":[7907],"product_tag":[],"class_list":{"0":"post-131359","1":"product","2":"type-product","3":"status-publish","4":"has-post-thumbnail","6":"product_cat-verdampfer","8":"first","9":"instock","10":"sale","11":"taxable","12":"shipping-taxable","13":"purchasable","14":"product-type-simple"},"aioseo_notices":[],"_links":{"self":[{"href":"https:\/\/www.budream.com\/de\/wp-json\/wp\/v2\/product\/131359","targetHints":{"allow":["GET"]}}],"collection":[{"href":"https:\/\/www.budream.com\/de\/wp-json\/wp\/v2\/product"}],"about":[{"href":"https:\/\/www.budream.com\/de\/wp-json\/wp\/v2\/types\/product"}],"replies":[{"embeddable":true,"href":"https:\/\/www.budream.com\/de\/wp-json\/wp\/v2\/comments?post=131359"}],"version-history":[{"count":0,"href":"https:\/\/www.budream.com\/de\/wp-json\/wp\/v2\/product\/131359\/revisions"}],"wp:featuredmedia":[{"embeddable":true,"href":"https:\/\/www.budream.com\/de\/wp-json\/wp\/v2\/media\/131353"}],"wp:attachment":[{"href":"https:\/\/www.budream.com\/de\/wp-json\/wp\/v2\/media?parent=131359"}],"wp:term":[{"taxonomy":"product_brand","embeddable":true,"href":"https:\/\/www.budream.com\/de\/wp-json\/wp\/v2\/product_brand?post=131359"},{"taxonomy":"product_cat","embeddable":true,"href":"https:\/\/www.budream.com\/de\/wp-json\/wp\/v2\/product_cat?post=131359"},{"taxonomy":"product_tag","embeddable":true,"href":"https:\/\/www.budream.com\/de\/wp-json\/wp\/v2\/product_tag?post=131359"}],"curies":[{"name":"wp","href":"https:\/\/api.w.org\/{rel}","templated":true}]}}