{"id":131389,"date":"2025-07-30T23:40:17","date_gmt":"2025-07-30T21:40:17","guid":{"rendered":"https:\/\/www.budream.com\/shop\/storzbickel-dosierkapsel-adapter-fuer-vulkan-hybrid\/"},"modified":"2026-02-19T16:45:42","modified_gmt":"2026-02-19T14:45:42","slug":"storzbickel-dosierkapsel-adapter-fuer-vulkan-hybrid","status":"publish","type":"product","link":"https:\/\/www.budream.com\/de\/shop\/storzbickel-dosierkapsel-adapter-fuer-vulkan-hybrid\/","title":{"rendered":"STORZ&amp;BICKEL &#8211; DOSIERKAPSEL-ADAPTER F\u00dcR VULKAN-HYBRID"},"content":{"rendered":"<p>Der Dosierkapseladapter ist f\u00fcr die Verdampfung kleiner Mengen von zerkleinertem Pflanzenmaterial mit Easy Valve konzipiert. Zus\u00e4tzlich k\u00f6nnen Dosierkapseln in ihn eingesetzt werden.<\/p>\n<p><strong>Das Paket enth\u00e4lt:<\/strong><\/p>\n<ul style=\"list-style-type: disc\">\n<li>1 Stk. Reduzierst\u00fcck f\u00fcr die F\u00fcllkammer (ca. &Oslash; 15 mm)<\/li>\n<li>2 Stk. Standardfilter, klein (normale Maschenweite ca. &Oslash; 15 mm))<\/li>\n<li>1 Stk. Dosierkapsel<\/li>\n<\/ul>\n<p><strong>Kompatibel mit:<\/strong><\/p>\n<ul style=\"list-style-type: disc\">\n<li><span style=\"text-decoration: underline\"><strong><a rel=\"nofollow\" href=\"https:\/\/www.indoorline.com\/volcano-hybrid-vaporizzatore-storz-amp-bickel.html\">Volcano Hybrid<\/a><\/strong><\/span><\/li>\n<\/ul>\n","protected":false},"excerpt":{"rendered":"<p>Der Dosierkapseladapter ist f\u00fcr die Verdampfung kleiner Mengen von zerkleinertem Pflanzenmaterial mit Easy Valve konzipiert. Zus\u00e4tzlich k\u00f6nnen Dosierkapseln in ihn<\/p>\n","protected":false},"featured_media":131363,"comment_status":"open","ping_status":"closed","template":"","meta":[],"product_brand":[],"product_cat":[7907],"product_tag":[],"class_list":{"0":"post-131389","1":"product","2":"type-product","3":"status-publish","4":"has-post-thumbnail","6":"product_cat-verdampfer","8":"first","9":"instock","10":"sale","11":"taxable","12":"shipping-taxable","13":"purchasable","14":"product-type-simple"},"aioseo_notices":[],"_links":{"self":[{"href":"https:\/\/www.budream.com\/de\/wp-json\/wp\/v2\/product\/131389","targetHints":{"allow":["GET"]}}],"collection":[{"href":"https:\/\/www.budream.com\/de\/wp-json\/wp\/v2\/product"}],"about":[{"href":"https:\/\/www.budream.com\/de\/wp-json\/wp\/v2\/types\/product"}],"replies":[{"embeddable":true,"href":"https:\/\/www.budream.com\/de\/wp-json\/wp\/v2\/comments?post=131389"}],"version-history":[{"count":0,"href":"https:\/\/www.budream.com\/de\/wp-json\/wp\/v2\/product\/131389\/revisions"}],"wp:featuredmedia":[{"embeddable":true,"href":"https:\/\/www.budream.com\/de\/wp-json\/wp\/v2\/media\/131363"}],"wp:attachment":[{"href":"https:\/\/www.budream.com\/de\/wp-json\/wp\/v2\/media?parent=131389"}],"wp:term":[{"taxonomy":"product_brand","embeddable":true,"href":"https:\/\/www.budream.com\/de\/wp-json\/wp\/v2\/product_brand?post=131389"},{"taxonomy":"product_cat","embeddable":true,"href":"https:\/\/www.budream.com\/de\/wp-json\/wp\/v2\/product_cat?post=131389"},{"taxonomy":"product_tag","embeddable":true,"href":"https:\/\/www.budream.com\/de\/wp-json\/wp\/v2\/product_tag?post=131389"}],"curies":[{"name":"wp","href":"https:\/\/api.w.org\/{rel}","templated":true}]}}