{"id":131404,"date":"2025-07-30T23:40:46","date_gmt":"2025-07-30T21:40:46","guid":{"rendered":"https:\/\/www.budream.com\/shop\/xvape-xmax-v3-pro-volles-mundstueck-kit\/"},"modified":"2025-12-23T21:52:30","modified_gmt":"2025-12-23T19:52:30","slug":"xvape-xmax-v3-pro-volles-mundstueck-kit","status":"publish","type":"product","link":"https:\/\/www.budream.com\/de\/shop\/xvape-xmax-v3-pro-volles-mundstueck-kit\/","title":{"rendered":"XVAPE &#8211; XMAX V3 PRO | VOLLES MUNDST\u00dcCK KIT"},"content":{"rendered":"<p>Dieses Kit enth\u00e4lt alle Ersatzteile f\u00fcr das XVAPE XMAX V3 PRO Mundst\u00fcck.<\/p>\n<h2><span style=\"text-decoration: underline\">XVAPE &#8211; XMAX V3 PRO | Ersatz-Mundst\u00fcck-Kit enth\u00e4lt:<\/span><\/h2>\n<ul style=\"list-style-type: disc\">\n<li>Kunststoffmundst\u00fcck mit Magneten;<\/li>\n<li>Silikondichtung mit Metallfilter und Mesh;<\/li>\n<li>Keramik-Luftstromkasten;<\/li>\n<\/ul>\n","protected":false},"excerpt":{"rendered":"<p>Dieses Kit enth\u00e4lt alle Ersatzteile f\u00fcr das XVAPE XMAX V3 PRO Mundst\u00fcck. XVAPE &#8211; XMAX V3 PRO | Ersatz-Mundst\u00fcck-Kit enth\u00e4lt:<\/p>\n","protected":false},"featured_media":131393,"comment_status":"open","ping_status":"closed","template":"","meta":[],"product_brand":[],"product_cat":[7907],"product_tag":[],"class_list":{"0":"post-131404","1":"product","2":"type-product","3":"status-publish","4":"has-post-thumbnail","6":"product_cat-verdampfer","8":"first","9":"instock","10":"sale","11":"taxable","12":"shipping-taxable","13":"purchasable","14":"product-type-simple"},"aioseo_notices":[],"_links":{"self":[{"href":"https:\/\/www.budream.com\/de\/wp-json\/wp\/v2\/product\/131404","targetHints":{"allow":["GET"]}}],"collection":[{"href":"https:\/\/www.budream.com\/de\/wp-json\/wp\/v2\/product"}],"about":[{"href":"https:\/\/www.budream.com\/de\/wp-json\/wp\/v2\/types\/product"}],"replies":[{"embeddable":true,"href":"https:\/\/www.budream.com\/de\/wp-json\/wp\/v2\/comments?post=131404"}],"version-history":[{"count":0,"href":"https:\/\/www.budream.com\/de\/wp-json\/wp\/v2\/product\/131404\/revisions"}],"wp:featuredmedia":[{"embeddable":true,"href":"https:\/\/www.budream.com\/de\/wp-json\/wp\/v2\/media\/131393"}],"wp:attachment":[{"href":"https:\/\/www.budream.com\/de\/wp-json\/wp\/v2\/media?parent=131404"}],"wp:term":[{"taxonomy":"product_brand","embeddable":true,"href":"https:\/\/www.budream.com\/de\/wp-json\/wp\/v2\/product_brand?post=131404"},{"taxonomy":"product_cat","embeddable":true,"href":"https:\/\/www.budream.com\/de\/wp-json\/wp\/v2\/product_cat?post=131404"},{"taxonomy":"product_tag","embeddable":true,"href":"https:\/\/www.budream.com\/de\/wp-json\/wp\/v2\/product_tag?post=131404"}],"curies":[{"name":"wp","href":"https:\/\/api.w.org\/{rel}","templated":true}]}}