{"id":131419,"date":"2025-07-30T23:41:18","date_gmt":"2025-07-30T21:41:18","guid":{"rendered":"https:\/\/www.budream.com\/shop\/xvape-xmax-v3-pro-kunststoffmundstueck\/"},"modified":"2025-12-23T21:50:24","modified_gmt":"2025-12-23T19:50:24","slug":"xvape-xmax-v3-pro-kunststoffmundstueck","status":"publish","type":"product","link":"https:\/\/www.budream.com\/de\/shop\/xvape-xmax-v3-pro-kunststoffmundstueck\/","title":{"rendered":"XVAPE &#8211; XMAX V3 PRO | KUNSTSTOFFMUNDST\u00dcCK"},"content":{"rendered":"<p>Ersatz-Mundst\u00fcck aus Kunststoff mit Magneten f\u00fcr XVAPE XMAX V3 PRO.<\/p>\n<h2><span style=\"text-decoration: underline\">XVAPE &#8211; XMAX V3 PRO | Kunststoff-Mundst\u00fcck:<\/span><\/h2>\n<ul style=\"list-style-type: disc\">\n<li>Kunststoff-Mundst\u00fcck mit Magneten;<\/li>\n<li><span style=\"text-decoration: underline\">Enth\u00e4lt keine Silikondichtung und Keramikbox;<\/span><\/li>\n<\/ul>\n","protected":false},"excerpt":{"rendered":"<p>Ersatz-Mundst\u00fcck aus Kunststoff mit Magneten f\u00fcr XVAPE XMAX V3 PRO. XVAPE &#8211; XMAX V3 PRO | Kunststoff-Mundst\u00fcck: Kunststoff-Mundst\u00fcck mit Magneten;<\/p>\n","protected":false},"featured_media":131408,"comment_status":"open","ping_status":"closed","template":"","meta":[],"product_brand":[],"product_cat":[7907],"product_tag":[],"class_list":{"0":"post-131419","1":"product","2":"type-product","3":"status-publish","4":"has-post-thumbnail","6":"product_cat-verdampfer","8":"first","9":"instock","10":"sale","11":"taxable","12":"shipping-taxable","13":"purchasable","14":"product-type-simple"},"aioseo_notices":[],"_links":{"self":[{"href":"https:\/\/www.budream.com\/de\/wp-json\/wp\/v2\/product\/131419","targetHints":{"allow":["GET"]}}],"collection":[{"href":"https:\/\/www.budream.com\/de\/wp-json\/wp\/v2\/product"}],"about":[{"href":"https:\/\/www.budream.com\/de\/wp-json\/wp\/v2\/types\/product"}],"replies":[{"embeddable":true,"href":"https:\/\/www.budream.com\/de\/wp-json\/wp\/v2\/comments?post=131419"}],"version-history":[{"count":0,"href":"https:\/\/www.budream.com\/de\/wp-json\/wp\/v2\/product\/131419\/revisions"}],"wp:featuredmedia":[{"embeddable":true,"href":"https:\/\/www.budream.com\/de\/wp-json\/wp\/v2\/media\/131408"}],"wp:attachment":[{"href":"https:\/\/www.budream.com\/de\/wp-json\/wp\/v2\/media?parent=131419"}],"wp:term":[{"taxonomy":"product_brand","embeddable":true,"href":"https:\/\/www.budream.com\/de\/wp-json\/wp\/v2\/product_brand?post=131419"},{"taxonomy":"product_cat","embeddable":true,"href":"https:\/\/www.budream.com\/de\/wp-json\/wp\/v2\/product_cat?post=131419"},{"taxonomy":"product_tag","embeddable":true,"href":"https:\/\/www.budream.com\/de\/wp-json\/wp\/v2\/product_tag?post=131419"}],"curies":[{"name":"wp","href":"https:\/\/api.w.org\/{rel}","templated":true}]}}