{"id":131429,"date":"2025-07-30T23:41:45","date_gmt":"2025-07-30T21:41:45","guid":{"rendered":"https:\/\/www.budream.com\/shop\/xvape-xmax-v3-pro-extraktbehaelter\/"},"modified":"2025-12-23T21:51:53","modified_gmt":"2025-12-23T19:51:53","slug":"xvape-xmax-v3-pro-extraktbehaelter","status":"publish","type":"product","link":"https:\/\/www.budream.com\/de\/shop\/xvape-xmax-v3-pro-extraktbehaelter\/","title":{"rendered":"XVAPE &#8211; XMAX V3 PRO | EXTRAKTBEH\u00c4LTER"},"content":{"rendered":"<p>Mit diesem Extraktbeh\u00e4lter aus Stahl k\u00f6nnen Sie alle Arten von Konzentraten mit Ihrem XVAPE XMAX V3 PRO verdampfen.<\/p>\n<h2><span style=\"text-decoration: underline\">XVAPE &#8211; XMAX V3 PRO | Extraktbeh\u00e4lter:<\/span><\/h2>\n<ul style=\"list-style-type: disc\">\n<li>Extraktbeh\u00e4lter aus Stahl;<\/li>\n<li>1 St\u00fcck;<\/li>\n<li>Inklusive Bio-Baumwolle im Inneren;<\/li>\n<\/ul>\n","protected":false},"excerpt":{"rendered":"<p>Mit diesem Extraktbeh\u00e4lter aus Stahl k\u00f6nnen Sie alle Arten von Konzentraten mit Ihrem XVAPE XMAX V3 PRO verdampfen. XVAPE &#8211;<\/p>\n","protected":false},"featured_media":131423,"comment_status":"open","ping_status":"closed","template":"","meta":[],"product_brand":[],"product_cat":[7907],"product_tag":[],"class_list":{"0":"post-131429","1":"product","2":"type-product","3":"status-publish","4":"has-post-thumbnail","6":"product_cat-verdampfer","8":"first","9":"instock","10":"sale","11":"taxable","12":"shipping-taxable","13":"purchasable","14":"product-type-simple"},"aioseo_notices":[],"_links":{"self":[{"href":"https:\/\/www.budream.com\/de\/wp-json\/wp\/v2\/product\/131429","targetHints":{"allow":["GET"]}}],"collection":[{"href":"https:\/\/www.budream.com\/de\/wp-json\/wp\/v2\/product"}],"about":[{"href":"https:\/\/www.budream.com\/de\/wp-json\/wp\/v2\/types\/product"}],"replies":[{"embeddable":true,"href":"https:\/\/www.budream.com\/de\/wp-json\/wp\/v2\/comments?post=131429"}],"version-history":[{"count":0,"href":"https:\/\/www.budream.com\/de\/wp-json\/wp\/v2\/product\/131429\/revisions"}],"wp:featuredmedia":[{"embeddable":true,"href":"https:\/\/www.budream.com\/de\/wp-json\/wp\/v2\/media\/131423"}],"wp:attachment":[{"href":"https:\/\/www.budream.com\/de\/wp-json\/wp\/v2\/media?parent=131429"}],"wp:term":[{"taxonomy":"product_brand","embeddable":true,"href":"https:\/\/www.budream.com\/de\/wp-json\/wp\/v2\/product_brand?post=131429"},{"taxonomy":"product_cat","embeddable":true,"href":"https:\/\/www.budream.com\/de\/wp-json\/wp\/v2\/product_cat?post=131429"},{"taxonomy":"product_tag","embeddable":true,"href":"https:\/\/www.budream.com\/de\/wp-json\/wp\/v2\/product_tag?post=131429"}],"curies":[{"name":"wp","href":"https:\/\/api.w.org\/{rel}","templated":true}]}}