{"id":131454,"date":"2025-07-30T23:42:16","date_gmt":"2025-07-30T21:42:16","guid":{"rendered":"https:\/\/www.budream.com\/shop\/xvape-xmax-v3-pro-dosierkapsel\/"},"modified":"2025-12-23T21:50:59","modified_gmt":"2025-12-23T19:50:59","slug":"xvape-xmax-v3-pro-dosierkapsel","status":"publish","type":"product","link":"https:\/\/www.budream.com\/de\/shop\/xvape-xmax-v3-pro-dosierkapsel\/","title":{"rendered":"XVAPE &#8211; XMAX V3 PRO | DOSIERKAPSEL"},"content":{"rendered":"<p>Mit den brandneuen Stahl-Dosierkapseln f\u00fcr den XVAPE XMAX V3 PRO k\u00f6nnen Sie Ihre Kr\u00e4uter genauer dosieren.<br \/>Dank dieser Kapseln k\u00f6nnen Sie Ihre Verdampfungssitzungen vorpacken, pr\u00e4ziser dosieren und bequem verdampfen, wo Sie wollen!<\/p>\n<h2><span style=\"text-decoration: underline\">XVAPE &#8211; XMAX V3 PRO | Dosierkapsel:<\/span><\/h2>\n<ul style=\"list-style-type: disc\">\n<li>Dosierkapsel aus Stahl;<\/li>\n<li>Deckel mit Gewinde;<\/li>\n<li>1 St\u00fcck;<\/li>\n<\/ul>\n","protected":false},"excerpt":{"rendered":"<p>Mit den brandneuen Stahl-Dosierkapseln f\u00fcr den XVAPE XMAX V3 PRO k\u00f6nnen Sie Ihre Kr\u00e4uter genauer dosieren.Dank dieser Kapseln k\u00f6nnen Sie<\/p>\n","protected":false},"featured_media":131433,"comment_status":"open","ping_status":"closed","template":"","meta":[],"product_brand":[],"product_cat":[7907],"product_tag":[],"class_list":{"0":"post-131454","1":"product","2":"type-product","3":"status-publish","4":"has-post-thumbnail","6":"product_cat-verdampfer","8":"first","9":"instock","10":"sale","11":"taxable","12":"shipping-taxable","13":"purchasable","14":"product-type-simple"},"aioseo_notices":[],"_links":{"self":[{"href":"https:\/\/www.budream.com\/de\/wp-json\/wp\/v2\/product\/131454","targetHints":{"allow":["GET"]}}],"collection":[{"href":"https:\/\/www.budream.com\/de\/wp-json\/wp\/v2\/product"}],"about":[{"href":"https:\/\/www.budream.com\/de\/wp-json\/wp\/v2\/types\/product"}],"replies":[{"embeddable":true,"href":"https:\/\/www.budream.com\/de\/wp-json\/wp\/v2\/comments?post=131454"}],"version-history":[{"count":0,"href":"https:\/\/www.budream.com\/de\/wp-json\/wp\/v2\/product\/131454\/revisions"}],"wp:featuredmedia":[{"embeddable":true,"href":"https:\/\/www.budream.com\/de\/wp-json\/wp\/v2\/media\/131433"}],"wp:attachment":[{"href":"https:\/\/www.budream.com\/de\/wp-json\/wp\/v2\/media?parent=131454"}],"wp:term":[{"taxonomy":"product_brand","embeddable":true,"href":"https:\/\/www.budream.com\/de\/wp-json\/wp\/v2\/product_brand?post=131454"},{"taxonomy":"product_cat","embeddable":true,"href":"https:\/\/www.budream.com\/de\/wp-json\/wp\/v2\/product_cat?post=131454"},{"taxonomy":"product_tag","embeddable":true,"href":"https:\/\/www.budream.com\/de\/wp-json\/wp\/v2\/product_tag?post=131454"}],"curies":[{"name":"wp","href":"https:\/\/api.w.org\/{rel}","templated":true}]}}