{"id":131489,"date":"2025-07-30T23:42:47","date_gmt":"2025-07-30T21:42:47","guid":{"rendered":"https:\/\/www.budream.com\/shop\/arizer-air-max-verdampfer\/"},"modified":"2026-01-19T11:36:06","modified_gmt":"2026-01-19T09:36:06","slug":"arizer-air-max-verdampfer","status":"publish","type":"product","link":"https:\/\/www.budream.com\/de\/shop\/arizer-air-max-verdampfer\/","title":{"rendered":"ARIZER &#8211; AIR MAX VERDAMPFER"},"content":{"rendered":"<p>Arizer pr\u00e4sentiert den Air MAX Zerst\u00e4uber f\u00fcr trockene Kr\u00e4uter. Erleben Sie die neuesten Innovationen in unserer tragbaren Mehrzweck-Diffuser-Technologie.<\/p>\n<p>Ausgestattet mit benutzerdefinierten und verbesserten Sitzungseinstellungen, automatischer Bildschirmumkehr, Dunkelmodus, neuer Schnellheiztechnologie, USB-C-Schnellladung und einem leistungsstarken 26650-Lithium-Ionen-Akku. \u00dcber 16 Jahre Branchenerfahrung stecken in jedem Ger\u00e4t.<\/p>\n<h2><span style=\"text-decoration: underline\">Entdecken Sie, warum der Arizer Air Max besser ist:<\/span><\/h2>\n<h3>Maximale Kontrolle<\/h3>\n<p>Konfigurieren Sie Ihren Air MAX nach Ihren W\u00fcnschen mit individuellen Sitzungseinstellungen; Sie haben die freie Wahl mit einfach zu bedienenden Steuerelementen und einem einstellbaren OLED-Display. Die Einstellungen f\u00fcr den normalen Modus und den dunklen Modus werden separat gespeichert und sind sofort einsatzbereit, wenn Sie den Modus wechseln.<\/p>\n<h3>Willkommen im Dunkelmodus<\/h3>\n<p>Entspannen Sie sich in der Dunkelheit. Schalten Sie in den Dunkelmodus um, eine Anzeige mit Symbolen f\u00fcr schwache Lichtverh\u00e4ltnisse und komprimierten, benutzerdefinierten Sitzungseinstellungen f\u00fcr eine unauff\u00e4llige Verwendung.<\/p>\n<h3>Maximale Leistung<\/h3>\n<p>Die Air MAX ist mit einem wiederaufladbaren, austauschbaren Lithium-Ionen-Akku mit hoher Kapazit\u00e4t (26650) ausgestattet, der bis zu 2 &frac14; Stunden Betriebszeit pro Ladung, <strong>USB-C-Schnellladung<\/strong> (bis zu 90 % in zwei Stunden) und Use While Charging-Funktion bietet. Alle Energie, die Sie brauchen, wenn Sie sie brauchen.<\/p>\n<h3>Maximale Leistung<\/h3>\n<p>Die fortschrittliche, schnell heizende Keramiktechnologie heizt in weniger als 60 Sekunden auf. Pr\u00e4zise 1-Grad-Temperaturregelung mit einem gro\u00dfen Bereich (50&deg; &#8211; 220&deg; Celsius \/ 122&deg; &#8211; 428&deg; Fahrenheit).<\/p>\n<p>Stellen Sie die optimale Temperatur f\u00fcr Ihre Lieblingskr\u00e4uter ein: f\u00fcr ein sanftes und schmackhaftes Erlebnis versuchen Sie es mit 180-200&deg; Celsius, oder f\u00fcr eine st\u00e4rkere und schnellere Extraktion mit 200-220&deg; Celsius.<\/p>\n<h3>Das originelle Glasr\u00f6hrensystem<\/h3>\n<p>Genie\u00dfen Sie den gro\u00dfartigen Geschmack bequem unterwegs. Die Arizer Glas-Aromar\u00f6hrchen sind einfach zu benutzen und zu reinigen. Sie bestehen aus reinem Borosilikatglas und sind weltber\u00fchmt f\u00fcr den unglaublichen Geschmack Ihrer getrockneten Lieblingskr\u00e4uter. Dosieren Sie schnell und einfach vor und verpacken Sie Ihre Aromar\u00f6hrchen in sch\u00fctzenden PVC-Reiseschl\u00e4uchen.<\/p>\n<h3>Stellen Sie die Welt auf den Kopf<\/h3>\n<p>Die Milchglas-Aromapfeife wird mit einem universellen 14-mm-Glas-auf-Glas-Stecker an Ihre Lieblingsbong angeschlossen und erm\u00f6glicht so eine schnelle Extraktion und\/oder Wasserfilterung. Wenn du sie umdrehst, um sie mit deinem Glas zu verbinden, dreht sich das Display der Air MAX automatisch um, damit du sie besser sehen kannst. Optionale Glasreduzierer und -expander sorgen f\u00fcr die richtige Gr\u00f6\u00dfe f\u00fcr jedes Rig.<\/p>\n<h3>Pers\u00f6nliche Aromatherapie<\/h3>\n<p>Viele aromatische Pflanzen k\u00f6nnen f\u00fcr die Aromatherapie verdampft werden &#8211; mit positiven Ergebnissen. Durch das Erhitzen Ihrer Lieblingskr\u00e4uter und -blumen auf pr\u00e4zise Temperaturen werden angenehme Aromen, Terpene und botanische Verbindungen freigesetzt, die eine energetische oder entspannende Umgebung f\u00f6rdern.<\/p>\n","protected":false},"excerpt":{"rendered":"<p>Arizer pr\u00e4sentiert den Air MAX Zerst\u00e4uber f\u00fcr trockene Kr\u00e4uter. Erleben Sie die neuesten Innovationen in unserer tragbaren Mehrzweck-Diffuser-Technologie. Ausgestattet mit<\/p>\n","protected":false},"featured_media":131458,"comment_status":"open","ping_status":"closed","template":"","meta":[],"product_brand":[],"product_cat":[7907],"product_tag":[],"class_list":{"0":"post-131489","1":"product","2":"type-product","3":"status-publish","4":"has-post-thumbnail","6":"product_cat-verdampfer","8":"first","9":"instock","10":"sale","11":"taxable","12":"shipping-taxable","13":"purchasable","14":"product-type-simple"},"aioseo_notices":[],"_links":{"self":[{"href":"https:\/\/www.budream.com\/de\/wp-json\/wp\/v2\/product\/131489","targetHints":{"allow":["GET"]}}],"collection":[{"href":"https:\/\/www.budream.com\/de\/wp-json\/wp\/v2\/product"}],"about":[{"href":"https:\/\/www.budream.com\/de\/wp-json\/wp\/v2\/types\/product"}],"replies":[{"embeddable":true,"href":"https:\/\/www.budream.com\/de\/wp-json\/wp\/v2\/comments?post=131489"}],"version-history":[{"count":0,"href":"https:\/\/www.budream.com\/de\/wp-json\/wp\/v2\/product\/131489\/revisions"}],"wp:featuredmedia":[{"embeddable":true,"href":"https:\/\/www.budream.com\/de\/wp-json\/wp\/v2\/media\/131458"}],"wp:attachment":[{"href":"https:\/\/www.budream.com\/de\/wp-json\/wp\/v2\/media?parent=131489"}],"wp:term":[{"taxonomy":"product_brand","embeddable":true,"href":"https:\/\/www.budream.com\/de\/wp-json\/wp\/v2\/product_brand?post=131489"},{"taxonomy":"product_cat","embeddable":true,"href":"https:\/\/www.budream.com\/de\/wp-json\/wp\/v2\/product_cat?post=131489"},{"taxonomy":"product_tag","embeddable":true,"href":"https:\/\/www.budream.com\/de\/wp-json\/wp\/v2\/product_tag?post=131489"}],"curies":[{"name":"wp","href":"https:\/\/api.w.org\/{rel}","templated":true}]}}