{"id":131514,"date":"2025-07-30T23:43:17","date_gmt":"2025-07-30T21:43:17","guid":{"rendered":"https:\/\/www.budream.com\/shop\/xvape-fog-pro-verdampfer\/"},"modified":"2026-03-12T15:46:48","modified_gmt":"2026-03-12T13:46:48","slug":"xvape-fog-pro-verdampfer","status":"publish","type":"product","link":"https:\/\/www.budream.com\/de\/shop\/xvape-fog-pro-verdampfer\/","title":{"rendered":"XVAPE &#8211; FOG PRO VERDAMPFER"},"content":{"rendered":"<p>X-Vape Fog Pro ist der neueste Konvektionsverdampfer von X-Vape f\u00fcr Kr\u00e4uter und Konzentrate; <br \/>Die von X-Vape vorgestellte neue Version ist eine Verbesserung des urspr\u00fcnglichen X-Vape Fog: Durch die \u00dcbernahme der neuesten Konvektionsheiztechnologie, die Hinzuf\u00fcgung eines OLED-Bildschirms mit <strong>pr\u00e4ziser Temperaturkontrolle<\/strong> und <strong>taktilem Feedback<\/strong>, die Implementierung von USB-C-Ladung und erh\u00f6hter Akkukapazit\u00e4t ist der FOG PRO in jeder Hinsicht stark verbessert und absolut in der Lage, einen erstklassigen Job f\u00fcr sanften und geschmackvollen Dampf zu erledigen.<\/p>\n<h2><span style=\"text-decoration: underline\">X-Vape Fog Pro Dual-Purpose-Konvektionsverdampfer: f\u00fcr Kr\u00e4uter und Konzentrate:<\/span><\/h2>\n<p>Der X-Vape Fog Pro ist ein 100%iger Konvektionsverdampfer, der in Ihre Handfl\u00e4che passt. Er ist ein Verdampfer f\u00fcr wahre Enthusiasten. Der Fog Pro ist die einzige Wahl f\u00fcr den anspruchsvollen Geschmack. Vom eleganten, schwarz eloxierten Aluminiumgeh\u00e4use \u00fcber das <strong>hochwertige<\/strong> Zirkoniumdioxid-Mundst\u00fcck bis hin zur hochmodernen Konvektionstechnologie und dem herausnehmbaren Akku wurde jedes Teil des X-vape Fog Pro so konzipiert, dass er die ultimative Verk\u00f6rperung der Perfektion des tragbaren Verdampfens ist.<\/p>\n<h3>XVAPE Fog Pro Konvektionsverdampfer<\/h3>\n<p>Wenn der Geschmack immer perfekt sein muss und Sie den sanftesten Dampf w\u00fcnschen, ist der XVape Fog Pro Verdampfer die einzige Wahl. Mit einer internen Konvektionskammer, einer vollst\u00e4ndigen digitalen Temperaturkontrolle, einer sofortigen Aufheizzeit, einem herausnehmbaren Akku mit Schnellverschluss und einem aufklappbaren Deckel f\u00fcr einfaches Verdampfen bietet der Fog Pro Verdampfer ein erstklassiges Erlebnis.<\/p>\n<h2><span style=\"text-decoration: underline\">Technische Daten X-vape Fog Pro:<\/span><\/h2>\n<ul style=\"list-style-type: disc\">\n<li>Echte Konvektionstechnologie;<\/li>\n<li>Vollst\u00e4ndig digitale Temperaturkontrolle;<\/li>\n<li>Hochwertiges Zirkoniumdioxid-Mundst\u00fcck;<\/li>\n<li>Langlebiges und elegantes Geh\u00e4use aus eloxiertem Aluminium;<\/li>\n<li>Magnetischer Deckel f\u00fcr einfache Bedienung;<\/li>\n<li>Aufheizzeit weniger als 10 Sekunden;<\/li>\n<li>Temperaturbereich (100&deg;C &#8211; 220&deg;C)<\/li>\n<li>Auswechselbare 18650-Batterie mit USB-C-Ladeger\u00e4t;<\/li>\n<li>Enth\u00e4lt einen Beh\u00e4lter f\u00fcr die Verwendung von Konzentraten;<\/li>\n<\/ul>\n<h2><span style=\"text-decoration: underline\">X-Vape Fog Pro in der Verpackung enthalten:<\/span><\/h2>\n<ul style=\"list-style-type: disc\">\n<li>X-Vape Fog Pro Verdampfer;<\/li>\n<li>Benutzerhandbuch;<\/li>\n<li>USB-C-Kabel;<\/li>\n<li>Reinigungst\u00fccher;<\/li>\n<li>Ersatz-O-Ringe;<\/li>\n<li>Wattest\u00e4bchen;<\/li>\n<li>B\u00fcrste;<\/li>\n<li>Konzentratbeh\u00e4lter;<\/li>\n<\/ul>\n","protected":false},"excerpt":{"rendered":"<p>X-Vape Fog Pro ist der neueste Konvektionsverdampfer von X-Vape f\u00fcr Kr\u00e4uter und Konzentrate; Die von X-Vape vorgestellte neue Version ist<\/p>\n","protected":false},"featured_media":131493,"comment_status":"open","ping_status":"closed","template":"","meta":[],"product_brand":[],"product_cat":[7907],"product_tag":[],"class_list":{"0":"post-131514","1":"product","2":"type-product","3":"status-publish","4":"has-post-thumbnail","6":"product_cat-verdampfer","8":"first","9":"instock","10":"sale","11":"taxable","12":"shipping-taxable","13":"purchasable","14":"product-type-simple"},"aioseo_notices":[],"_links":{"self":[{"href":"https:\/\/www.budream.com\/de\/wp-json\/wp\/v2\/product\/131514","targetHints":{"allow":["GET"]}}],"collection":[{"href":"https:\/\/www.budream.com\/de\/wp-json\/wp\/v2\/product"}],"about":[{"href":"https:\/\/www.budream.com\/de\/wp-json\/wp\/v2\/types\/product"}],"replies":[{"embeddable":true,"href":"https:\/\/www.budream.com\/de\/wp-json\/wp\/v2\/comments?post=131514"}],"version-history":[{"count":0,"href":"https:\/\/www.budream.com\/de\/wp-json\/wp\/v2\/product\/131514\/revisions"}],"wp:featuredmedia":[{"embeddable":true,"href":"https:\/\/www.budream.com\/de\/wp-json\/wp\/v2\/media\/131493"}],"wp:attachment":[{"href":"https:\/\/www.budream.com\/de\/wp-json\/wp\/v2\/media?parent=131514"}],"wp:term":[{"taxonomy":"product_brand","embeddable":true,"href":"https:\/\/www.budream.com\/de\/wp-json\/wp\/v2\/product_brand?post=131514"},{"taxonomy":"product_cat","embeddable":true,"href":"https:\/\/www.budream.com\/de\/wp-json\/wp\/v2\/product_cat?post=131514"},{"taxonomy":"product_tag","embeddable":true,"href":"https:\/\/www.budream.com\/de\/wp-json\/wp\/v2\/product_tag?post=131514"}],"curies":[{"name":"wp","href":"https:\/\/api.w.org\/{rel}","templated":true}]}}