{"id":131524,"date":"2025-07-30T23:43:46","date_gmt":"2025-07-30T21:43:46","guid":{"rendered":"https:\/\/www.budream.com\/shop\/sensi-seeds-bank-banana-kush-cake-auto-fem-3-seeds\/"},"modified":"2026-03-24T11:58:40","modified_gmt":"2026-03-24T09:58:40","slug":"sensi-seeds-bank-banana-kush-cake-auto-fem-3-seeds","status":"publish","type":"product","link":"https:\/\/www.budream.com\/de\/shop\/sensi-seeds-bank-banana-kush-cake-auto-fem-3-seeds\/","title":{"rendered":"SENSI SEEDS BANK &#8211; BANANA KUSH CAKE AUTO FEM | 3 SEEDS"},"content":{"rendered":"<p><span style=\"font-size: 12.222222328186px\"><span style=\"font-size: 11pt\">Banana Kush Cake Autoflowering besteht zu 75% aus Indica und zu 25% aus Sativa. Der Genpool dieser neuen Sorte, die im Rahmen des Sensi Seeds Research 2021 Projekts entwickelt wurde, umfasst Wedding Cheesecake, Banana Kush und Hindu Kush Autoflowering.<br \/><\/span><br \/><\/span><\/p>\n<h2><strong>Eigenschaften Banana Kush Cake Auto Fem:<\/strong><\/h2>\n<ul style=\"list-style-type: disc\">\n<li><strong>Gattung:<\/strong> Autoflowering Feminisiert<\/li>\n<li><strong>Genotyp:<\/strong> Hybrid 75% Indica 25% Sativa<\/li>\n<li><strong>Genetik: <\/strong>Wedding Cheesecake x Banana Kush x Hindu Kush Auto<\/li>\n<li><strong>Tage:<\/strong> 60 Tage<\/li>\n<\/ul>\n<p><span style=\"font-size: 12.222222328186px\"><br \/><span style=\"font-size: 11pt\"><em><strong>WARNUNG:<\/strong> Hanfsamen sind vom gesetzlichen Begriff Cannabis ausgenommen, was bedeutet, dass sie nicht als Bet\u00e4ubungsmittel gelten (L. 412 von 1974, Art. 1, Absatz 1, Buchstabe B; Einheits\u00fcbereinkommen \u00fcber Bet\u00e4ubungsmittel von New York von 1961 und Tabelle II des Ministerialerlasses 27\/7\/1992). In Italien ist der Anbau von Hanf verboten (Artikel 28 und 73 des Pr\u00e4sidialdekrets 309\/90), es sei denn, es liegt eine Sondergenehmigung vor (Artikel 17 des Pr\u00e4sidialdekrets 309\/90). In Ermangelung einer solchen Genehmigung darf das Saatgut nur f\u00fcr andere Zwecke verwendet werden (zootechnische Zwecke, Sammeln usw.). Das Saatgut wird unter dem Vorbehalt verkauft, dass es nicht von Dritten im Widerspruch zu den gesetzlichen Bestimmungen verwendet wird.<\/em><\/span><\/span><\/p>\n","protected":false},"excerpt":{"rendered":"<p>\ud83c\udf3f BANANA KUSH CAKE AUTO FEM | 3 SEEDS von SENSI SEEDS BANK \u00b7 \ud83e\uddec Indica Dominant (60%+) \u00b7 \ud83d\udce6 Ertrag XL.<\/p>\n","protected":false},"featured_media":196956,"comment_status":"open","ping_status":"closed","template":"","meta":[],"product_brand":[],"product_cat":[7952],"product_tag":[10126,10128,8510,8526,10001],"class_list":{"0":"post-131524","1":"product","2":"type-product","3":"status-publish","4":"has-post-thumbnail","6":"product_cat-seedshop-de","7":"product_tag-cannabis-samen","8":"product_tag-feminisierte-samen","9":"product_tag-indica","10":"product_tag-sensi-seeds-bank","11":"product_tag-banana-kush-cake-auto-fem-3-seeds","13":"first","14":"instock","15":"sale","16":"taxable","17":"shipping-taxable","18":"purchasable","19":"product-type-simple"},"_links":{"self":[{"href":"https:\/\/www.budream.com\/de\/wp-json\/wp\/v2\/product\/131524","targetHints":{"allow":["GET"]}}],"collection":[{"href":"https:\/\/www.budream.com\/de\/wp-json\/wp\/v2\/product"}],"about":[{"href":"https:\/\/www.budream.com\/de\/wp-json\/wp\/v2\/types\/product"}],"replies":[{"embeddable":true,"href":"https:\/\/www.budream.com\/de\/wp-json\/wp\/v2\/comments?post=131524"}],"version-history":[{"count":2,"href":"https:\/\/www.budream.com\/de\/wp-json\/wp\/v2\/product\/131524\/revisions"}],"predecessor-version":[{"id":260324,"href":"https:\/\/www.budream.com\/de\/wp-json\/wp\/v2\/product\/131524\/revisions\/260324"}],"wp:featuredmedia":[{"embeddable":true,"href":"https:\/\/www.budream.com\/de\/wp-json\/wp\/v2\/media\/196956"}],"wp:attachment":[{"href":"https:\/\/www.budream.com\/de\/wp-json\/wp\/v2\/media?parent=131524"}],"wp:term":[{"taxonomy":"product_brand","embeddable":true,"href":"https:\/\/www.budream.com\/de\/wp-json\/wp\/v2\/product_brand?post=131524"},{"taxonomy":"product_cat","embeddable":true,"href":"https:\/\/www.budream.com\/de\/wp-json\/wp\/v2\/product_cat?post=131524"},{"taxonomy":"product_tag","embeddable":true,"href":"https:\/\/www.budream.com\/de\/wp-json\/wp\/v2\/product_tag?post=131524"}],"curies":[{"name":"wp","href":"https:\/\/api.w.org\/{rel}","templated":true}]}}