{"id":131544,"date":"2025-07-30T23:45:33","date_gmt":"2025-07-30T21:45:33","guid":{"rendered":"https:\/\/www.budream.com\/shop\/xvape-xmax-v3-pro-set-dosierkapseln-mit-behaelter-5-stueck\/"},"modified":"2025-12-23T21:53:03","modified_gmt":"2025-12-23T19:53:03","slug":"xvape-xmax-v3-pro-set-dosierkapseln-mit-behaelter-5-stueck","status":"publish","type":"product","link":"https:\/\/www.budream.com\/de\/shop\/xvape-xmax-v3-pro-set-dosierkapseln-mit-behaelter-5-stueck\/","title":{"rendered":"XVAPE &#8211; XMAX V3 PRO | SET DOSIERKAPSELN MIT BEH\u00c4LTER | 5 ST\u00dcCK"},"content":{"rendered":"<p>Mit den brandneuen Stahl-Dosierkapseln f\u00fcr den XVAPE XMAX V3 PRO k\u00f6nnen Sie Ihre Kr\u00e4uter genauer dosieren.<br \/>Dank dieser Kapseln k\u00f6nnen Sie Ihre Verdampfungssitzungen vorpacken, pr\u00e4ziser dosieren und bequem verdampfen, wo immer Sie wollen!<br \/>Au\u00dferdem k\u00f6nnen Sie Ihre Kapseln dank der praktischen Metalltasche, die diesem Kit beiliegt, bequem \u00fcberallhin mitnehmen.<\/p>\n<h2><span style=\"text-decoration: underline\">XVAPE &#8211; XMAX V3 PRO | Dosierkapsel-Set:<\/span><\/h2>\n<ul style=\"list-style-type: disc\">\n<li>Dosierkapseln aus Stahl;<\/li>\n<li>Deckel mit Gewinde;<\/li>\n<li>5 St\u00fcck;<\/li>\n<li>Metallgeh\u00e4use mit hermetischer Kappe;<\/li>\n<\/ul>\n","protected":false},"excerpt":{"rendered":"<p>Mit den brandneuen Stahl-Dosierkapseln f\u00fcr den XVAPE XMAX V3 PRO k\u00f6nnen Sie Ihre Kr\u00e4uter genauer dosieren.Dank dieser Kapseln k\u00f6nnen Sie<\/p>\n","protected":false},"featured_media":131533,"comment_status":"open","ping_status":"closed","template":"","meta":[],"product_brand":[],"product_cat":[7907],"product_tag":[],"class_list":{"0":"post-131544","1":"product","2":"type-product","3":"status-publish","4":"has-post-thumbnail","6":"product_cat-verdampfer","8":"first","9":"instock","10":"sale","11":"taxable","12":"shipping-taxable","13":"purchasable","14":"product-type-simple"},"_links":{"self":[{"href":"https:\/\/www.budream.com\/de\/wp-json\/wp\/v2\/product\/131544","targetHints":{"allow":["GET"]}}],"collection":[{"href":"https:\/\/www.budream.com\/de\/wp-json\/wp\/v2\/product"}],"about":[{"href":"https:\/\/www.budream.com\/de\/wp-json\/wp\/v2\/types\/product"}],"replies":[{"embeddable":true,"href":"https:\/\/www.budream.com\/de\/wp-json\/wp\/v2\/comments?post=131544"}],"version-history":[{"count":0,"href":"https:\/\/www.budream.com\/de\/wp-json\/wp\/v2\/product\/131544\/revisions"}],"wp:featuredmedia":[{"embeddable":true,"href":"https:\/\/www.budream.com\/de\/wp-json\/wp\/v2\/media\/131533"}],"wp:attachment":[{"href":"https:\/\/www.budream.com\/de\/wp-json\/wp\/v2\/media?parent=131544"}],"wp:term":[{"taxonomy":"product_brand","embeddable":true,"href":"https:\/\/www.budream.com\/de\/wp-json\/wp\/v2\/product_brand?post=131544"},{"taxonomy":"product_cat","embeddable":true,"href":"https:\/\/www.budream.com\/de\/wp-json\/wp\/v2\/product_cat?post=131544"},{"taxonomy":"product_tag","embeddable":true,"href":"https:\/\/www.budream.com\/de\/wp-json\/wp\/v2\/product_tag?post=131544"}],"curies":[{"name":"wp","href":"https:\/\/api.w.org\/{rel}","templated":true}]}}