{"id":131669,"date":"2025-07-30T23:54:45","date_gmt":"2025-07-30T21:54:45","guid":{"rendered":"https:\/\/www.budream.com\/shop\/enecta-cbday-plus-cbd-oel-15-10ml-1500mg\/"},"modified":"2026-04-16T13:38:39","modified_gmt":"2026-04-16T11:38:39","slug":"enecta-cbday-plus-cbd-oel-15-10ml-1500mg","status":"publish","type":"product","link":"https:\/\/www.budream.com\/de\/shop\/enecta-cbday-plus-cbd-oel-15-10ml-1500mg\/","title":{"rendered":"ENECTA &#8211; CBDAY PLUS CBD-\u00d6l 15% | 10ml 1500mg"},"content":{"rendered":"<p>Enecta Farm pr\u00e4sentiert ein neues, hochmodernes CBD-\u00d6l, das aus Enectaliana, der Flaggschiffsorte der italienischen Marke, hergestellt wird.<br \/>Die Forscher von Enecta haben eine innovative einstufige Extraktionsmethode entwickelt, die zu einem echten <strong> Vollspektrum-\u00d6l<\/strong> f\u00fchrt:<br \/>Das bedeutet, dass die wichtigsten Bestandteile der Cannabispflanze zusammen mit Terpenen und kleineren Cannabinoiden erhalten bleiben und CBDay Plus anreichern k\u00f6nnen, was es zum &#8222;vollst\u00e4ndigsten&#8220; \u00d6l auf dem Markt macht.<br \/>CBDay Plus ist das Ergebnis von 5 Jahren Forschung und Tests.<\/p>\n<p>Es ist ein Kosmetikum mit der CPNP-Registrierung 3952420<\/p>\n<h2><span style=\"text-decoration: underline\">Enecta CBDay Plus basiert auf Enectaliana:<\/span><\/h2>\n<p>CBDay Plus wird aus Enectaliana hergestellt, der Vorzeige-Sorte von Enecta, die unter der Sonne Italiens im Freien angebaut wird und von Quellwasser und reiner Luft gen\u00e4hrt wird. <br \/>Dies ist das Geheimnis von Enectaliana: <strong>keine Chemikalien<\/strong>, nur nat\u00fcrliche G\u00fcte.<\/p>\n<p>Enectaliana ist die erste <strong>EU-zertifizierte Sorte<\/strong>, die speziell f\u00fcr den extraktiven Markt entwickelt und von den Enecta-Farmern registriert wurde; die erste ihrer Art, die einen hohen CBD-Gehalt und eine au\u00dfergew\u00f6hnliche Kosteneffizienz garantiert.<\/p>\n<p>Dies erm\u00f6glicht es Enecta, faire Preise f\u00fcr ein Produkt anzubieten, das weit \u00fcber jedem vermeintlichen &#8222;Vollspektrum&#8220; auf dem Markt liegt.<br \/>Ein echtes Vollspektrum<strong>, das reich an Phytocannabinoiden und Terpenen ist<\/strong>, die von den Enecta-Forschern sorgf\u00e4ltig ausgew\u00e4hlt wurden: CBD, CBG, CBC und CBN, aber auch Terpene wie Beta-Caryophyllen, Nerolidol, Alpha-Humulen und Bisabolol.<br \/>Ein innovatives Extraktionsverfahren filtert die unerw\u00fcnschten Substanzen wie Wachse und Chlorophylle heraus, w\u00e4hrend Terpene und Cannabinoide besser erhalten bleiben.<\/p>\n<p>Dar\u00fcber hinaus wird durch Labortests Dritter sichergestellt, dass der THC-Gehalt unter dem gesetzlichen Grenzwert liegt und dass unser Produkt keine Schwermetalle, Pestizide oder andere mikrobiologische Verunreinigungen enth\u00e4lt.<br \/>Enectaliana wird auf sorgf\u00e4ltig ausgew\u00e4hlten Feldern ohne Pestizide und in voller \u00dcbereinstimmung mit den GACP-Richtlinien angebaut, um maximale Sicherheits- und Qualit\u00e4tsstandards zu gew\u00e4hrleisten.<\/p>\n","protected":false},"excerpt":{"rendered":"<p>Enecta Farm pr\u00e4sentiert ein neues, hochmodernes CBD-\u00d6l, das aus Enectaliana, der Flaggschiffsorte der italienischen Marke, hergestellt wird.Die Forscher von Enecta<\/p>\n","protected":false},"featured_media":131663,"comment_status":"open","ping_status":"closed","template":"","meta":[],"product_brand":[],"product_cat":[7912],"product_tag":[],"class_list":{"0":"post-131669","1":"product","2":"type-product","3":"status-publish","4":"has-post-thumbnail","6":"product_cat-kosmetik","8":"first","9":"outofstock","10":"taxable","11":"shipping-taxable","12":"purchasable","13":"product-type-simple"},"_links":{"self":[{"href":"https:\/\/www.budream.com\/de\/wp-json\/wp\/v2\/product\/131669","targetHints":{"allow":["GET"]}}],"collection":[{"href":"https:\/\/www.budream.com\/de\/wp-json\/wp\/v2\/product"}],"about":[{"href":"https:\/\/www.budream.com\/de\/wp-json\/wp\/v2\/types\/product"}],"replies":[{"embeddable":true,"href":"https:\/\/www.budream.com\/de\/wp-json\/wp\/v2\/comments?post=131669"}],"version-history":[{"count":1,"href":"https:\/\/www.budream.com\/de\/wp-json\/wp\/v2\/product\/131669\/revisions"}],"predecessor-version":[{"id":263160,"href":"https:\/\/www.budream.com\/de\/wp-json\/wp\/v2\/product\/131669\/revisions\/263160"}],"wp:featuredmedia":[{"embeddable":true,"href":"https:\/\/www.budream.com\/de\/wp-json\/wp\/v2\/media\/131663"}],"wp:attachment":[{"href":"https:\/\/www.budream.com\/de\/wp-json\/wp\/v2\/media?parent=131669"}],"wp:term":[{"taxonomy":"product_brand","embeddable":true,"href":"https:\/\/www.budream.com\/de\/wp-json\/wp\/v2\/product_brand?post=131669"},{"taxonomy":"product_cat","embeddable":true,"href":"https:\/\/www.budream.com\/de\/wp-json\/wp\/v2\/product_cat?post=131669"},{"taxonomy":"product_tag","embeddable":true,"href":"https:\/\/www.budream.com\/de\/wp-json\/wp\/v2\/product_tag?post=131669"}],"curies":[{"name":"wp","href":"https:\/\/api.w.org\/{rel}","templated":true}]}}