{"id":131694,"date":"2025-07-30T23:55:39","date_gmt":"2025-07-30T21:55:39","guid":{"rendered":"https:\/\/www.budream.com\/shop\/addipure-dme-dimetic-gases-500ml\/"},"modified":"2026-03-27T12:06:01","modified_gmt":"2026-03-27T10:06:01","slug":"addipure-dme-dimetic-gases-500ml","status":"publish","type":"product","link":"https:\/\/www.budream.com\/de\/shop\/addipure-dme-dimetic-gases-500ml\/","title":{"rendered":"ADDIPURE &#8211; DME DIMETIC GASES | 500ml"},"content":{"rendered":"<p>Dimethylether (DME) ist ein Gas, das als Extraktionsmittel bei der Herstellung von Lebensmitteln, pharmazeutischen, medizinischen, kosmetischen und K\u00f6rperpflegeprodukten verwendet wird.<\/p>\n<p>ADDIPURE DME eignet sich hervorragend f\u00fcr die Extraktion von Bl\u00e4ttern, Bl\u00fcten, Kr\u00e4utern, Schnittresten und die Verarbeitung. <br \/>ADDIPURE Dimethylether (DME) ist ein reines organisches Extraktionsmittel, das in der Europ\u00e4ischen Union \u00f6kologisch hergestellt wird und eine <strong>Reinheit von 99,99%<\/strong> aufweist, die regelm\u00e4\u00dfig von unabh\u00e4ngigen Schweizer Labors best\u00e4tigt und zertifiziert wird.<\/p>\n<p>Das DME von ADDIPURE ist lebensmittelecht, extrem rein und geruchsneutral.<\/p>\n<p><strong>ADDIPURE DME kann nicht mit Kunststoff-Extraktoren\/-Teilen aus Kunststoff verwendet werden.<\/strong> Dimethylether kann diese Materialien abbauen (Mikroplastik).<\/p>\n<p>F\u00fcr Kunststoffextraktoren\/Kunststoffteile empfehlen wir<a href=\"https:\/\/www.indoorline.com\/addipure-n-butano-500ml.html\">ADDIPURE n-Butan<\/a>.<\/p>\n<h2><strong><span style=\"text-decoration: underline\">Unterschied zwischen D.M.E und N-Butan:<\/span><\/strong><\/h2>\n<p>Im Vergleich zu n-Butan kann mit DME ein <strong>breiteres Spektrum<\/strong> an Elementen extrahiert werden, darunter auch Flavonoide und Terpene. <br \/>Dies macht DME von ADDIPURE f\u00fcr die Verwendung und Extraktion zu medizinischen Zwecken sehr interessant: Das breite Extraktionsspektrum von Dimethylether erm\u00f6glicht eine h\u00f6here Ausbeute als N-Butan und bietet ein vollst\u00e4ndigeres Produkt mit einem &#8222;vollen Spektrum&#8220;.<\/p>\n<p>Je nach Menge des in den Extraktor eingebrachten Materials wird nur eine Dose ADDIPURE DME ben\u00f6tigt: Dank der 500-ml-Dose kann der Abfall im Vergleich zu Dosen mit kleinerem Inhalt reduziert werden.<\/p>\n<h2><strong><span style=\"text-decoration: underline\">DME Addipure Merkmale:<\/span><\/strong><\/h2>\n<ul style=\"list-style-type: disc\">\n<li>\u00dcber 99% Reinheit;<\/li>\n<li>H\u00f6here Gasqualit\u00e4t als Wettbewerber (Dexso);<\/li>\n<li>H\u00f6here Extraktionsausbeute im Vergleich zu N-Butan;<\/li>\n<li>500ml-Dose;<\/li>\n<li>Kann nicht mit Kunststoffextraktoren oder Kunststoffkomponenten verwendet werden;<\/li>\n<\/ul>\n<p><strong>DME ist ein leicht entz\u00fcndliches Gas. <\/strong><br \/><strong>Nicht in Innenr\u00e4umen verwenden, nur im Freien verwenden. <\/strong><br \/><strong>Von offenem Feuer und anderen brennbaren Quellen fernhalten. <\/strong><br \/><strong>Bitte beachten Sie das ADDIPURE DME Sicherheitsdatenblatt.<\/strong><\/p>\n","protected":false},"excerpt":{"rendered":"<p>Dimethylether (DME) ist ein Gas, das als Extraktionsmittel bei der Herstellung von Lebensmitteln, pharmazeutischen, medizinischen, kosmetischen und K\u00f6rperpflegeprodukten verwendet wird.<\/p>\n","protected":false},"featured_media":131673,"comment_status":"open","ping_status":"closed","template":"","meta":[],"product_brand":[],"product_cat":[7947],"product_tag":[],"class_list":{"0":"post-131694","1":"product","2":"type-product","3":"status-publish","4":"has-post-thumbnail","6":"product_cat-headshop-de","8":"first","9":"instock","10":"taxable","11":"shipping-taxable","12":"purchasable","13":"product-type-simple"},"_links":{"self":[{"href":"https:\/\/www.budream.com\/de\/wp-json\/wp\/v2\/product\/131694","targetHints":{"allow":["GET"]}}],"collection":[{"href":"https:\/\/www.budream.com\/de\/wp-json\/wp\/v2\/product"}],"about":[{"href":"https:\/\/www.budream.com\/de\/wp-json\/wp\/v2\/types\/product"}],"replies":[{"embeddable":true,"href":"https:\/\/www.budream.com\/de\/wp-json\/wp\/v2\/comments?post=131694"}],"version-history":[{"count":0,"href":"https:\/\/www.budream.com\/de\/wp-json\/wp\/v2\/product\/131694\/revisions"}],"wp:featuredmedia":[{"embeddable":true,"href":"https:\/\/www.budream.com\/de\/wp-json\/wp\/v2\/media\/131673"}],"wp:attachment":[{"href":"https:\/\/www.budream.com\/de\/wp-json\/wp\/v2\/media?parent=131694"}],"wp:term":[{"taxonomy":"product_brand","embeddable":true,"href":"https:\/\/www.budream.com\/de\/wp-json\/wp\/v2\/product_brand?post=131694"},{"taxonomy":"product_cat","embeddable":true,"href":"https:\/\/www.budream.com\/de\/wp-json\/wp\/v2\/product_cat?post=131694"},{"taxonomy":"product_tag","embeddable":true,"href":"https:\/\/www.budream.com\/de\/wp-json\/wp\/v2\/product_tag?post=131694"}],"curies":[{"name":"wp","href":"https:\/\/api.w.org\/{rel}","templated":true}]}}