{"id":131739,"date":"2025-07-30T23:58:30","date_gmt":"2025-07-30T21:58:30","guid":{"rendered":"https:\/\/www.budream.com\/shop\/kenex-digitalwaage-kolophonium-ros-200-max-200-gramm-schritt-001g-mit-silikonmatte\/"},"modified":"2026-03-11T19:52:23","modified_gmt":"2026-03-11T17:52:23","slug":"kenex-digitalwaage-kolophonium-ros-200-max-200-gramm-schritt-001g-mit-silikonmatte","status":"publish","type":"product","link":"https:\/\/www.budream.com\/de\/shop\/kenex-digitalwaage-kolophonium-ros-200-max-200-gramm-schritt-001g-mit-silikonmatte\/","title":{"rendered":"KENEX &#8211; DIGITALWAAGE KOLOPHONIUM ROS-200 | MAX 200 GRAMM SCHRITT 0,01G MIT SILIKONMATTE"},"content":{"rendered":"<p>Die Rosin-Digitalwaage enth\u00e4lt eine fantastische faltbare Silikonmatte in Lebensmittelqualit\u00e4t, die f\u00fcr das Wiegen Ihrer &#8222;klebrigen&#8220; Produkte wie Kolophoniumextrakte und BHO n\u00fctzlich ist.<br \/>Diese einfache Funktion macht das Wiegen dieser Extrakte zu einem Kinderspiel. Die Matte l\u00e4sst sich leicht abwaschen und kann auch dazu verwendet werden, den Extrakt in einen Beh\u00e4lter zu gie\u00dfen.<\/p>\n<h2><span style=\"text-decoration: underline\">Eigenschaften Kenex Rosin Digitalwaage:<\/span><\/h2>\n<ul style=\"list-style-type: disc\">\n<li>Digitale Waage;<\/li>\n<li>Messbereich: max. 200g;<\/li>\n<li>Schrittgenauigkeit: 0,01g;<\/li>\n<li>Faltbare Silikonmatte zum Messen;<\/li>\n<li>Wiegeschale aus Edelstahl;<\/li>\n<li>\u00dcberlastungsschutz;<\/li>\n<li>Erh\u00e4ltlich in verschiedenen Farben: Gr\u00fcn, Rot und Schwarz;<\/li>\n<li>7 Wiegemodi: g\/oz\/ozt\/tl\/ct\/gn\/dwt;<\/li>\n<\/ul>\n","protected":false},"excerpt":{"rendered":"<p>Die Rosin-Digitalwaage enth\u00e4lt eine fantastische faltbare Silikonmatte in Lebensmittelqualit\u00e4t, die f\u00fcr das Wiegen Ihrer &#8222;klebrigen&#8220; Produkte wie Kolophoniumextrakte und BHO<\/p>\n","protected":false},"featured_media":131713,"comment_status":"open","ping_status":"closed","template":"","meta":[],"product_brand":[],"product_cat":[7947],"product_tag":[],"class_list":{"0":"post-131739","1":"product","2":"type-product","3":"status-publish","4":"has-post-thumbnail","6":"product_cat-headshop-de","8":"first","9":"instock","10":"taxable","11":"shipping-taxable","12":"purchasable","13":"product-type-simple"},"_links":{"self":[{"href":"https:\/\/www.budream.com\/de\/wp-json\/wp\/v2\/product\/131739","targetHints":{"allow":["GET"]}}],"collection":[{"href":"https:\/\/www.budream.com\/de\/wp-json\/wp\/v2\/product"}],"about":[{"href":"https:\/\/www.budream.com\/de\/wp-json\/wp\/v2\/types\/product"}],"replies":[{"embeddable":true,"href":"https:\/\/www.budream.com\/de\/wp-json\/wp\/v2\/comments?post=131739"}],"version-history":[{"count":0,"href":"https:\/\/www.budream.com\/de\/wp-json\/wp\/v2\/product\/131739\/revisions"}],"wp:featuredmedia":[{"embeddable":true,"href":"https:\/\/www.budream.com\/de\/wp-json\/wp\/v2\/media\/131713"}],"wp:attachment":[{"href":"https:\/\/www.budream.com\/de\/wp-json\/wp\/v2\/media?parent=131739"}],"wp:term":[{"taxonomy":"product_brand","embeddable":true,"href":"https:\/\/www.budream.com\/de\/wp-json\/wp\/v2\/product_brand?post=131739"},{"taxonomy":"product_cat","embeddable":true,"href":"https:\/\/www.budream.com\/de\/wp-json\/wp\/v2\/product_cat?post=131739"},{"taxonomy":"product_tag","embeddable":true,"href":"https:\/\/www.budream.com\/de\/wp-json\/wp\/v2\/product_tag?post=131739"}],"curies":[{"name":"wp","href":"https:\/\/api.w.org\/{rel}","templated":true}]}}