{"id":131844,"date":"2025-07-31T00:05:34","date_gmt":"2025-07-30T22:05:34","guid":{"rendered":"https:\/\/www.budream.com\/shop\/grenco-science-gpen-micro-sonderausgabe-cookies-mundstueck\/"},"modified":"2025-12-23T21:28:39","modified_gmt":"2025-12-23T19:28:39","slug":"grenco-science-gpen-micro-sonderausgabe-cookies-mundstueck","status":"publish","type":"product","link":"https:\/\/www.budream.com\/de\/shop\/grenco-science-gpen-micro-sonderausgabe-cookies-mundstueck\/","title":{"rendered":"GRENCO SCIENCE &#8211; GPEN MICRO+ SONDERAUSGABE COOKIES | MUNDST\u00dcCK"},"content":{"rendered":"<p>Ersatzmundst\u00fcck f\u00fcr Gpen Micro+ Cookies Special Edition.<br \/>Kompatibel mit allen Gpen Micro+.<br \/><strong>Enth\u00e4lt keine Extrakt Kanister.<\/strong><\/p>\n","protected":false},"excerpt":{"rendered":"<p>Ersatzmundst\u00fcck f\u00fcr Gpen Micro+ Cookies Special Edition.Kompatibel mit allen Gpen Micro+.Enth\u00e4lt keine Extrakt Kanister.<\/p>\n","protected":false},"featured_media":131838,"comment_status":"open","ping_status":"closed","template":"","meta":[],"product_brand":[],"product_cat":[7907],"product_tag":[],"class_list":{"0":"post-131844","1":"product","2":"type-product","3":"status-publish","4":"has-post-thumbnail","6":"product_cat-verdampfer","8":"first","9":"instock","10":"sale","11":"taxable","12":"shipping-taxable","13":"purchasable","14":"product-type-simple"},"_links":{"self":[{"href":"https:\/\/www.budream.com\/de\/wp-json\/wp\/v2\/product\/131844","targetHints":{"allow":["GET"]}}],"collection":[{"href":"https:\/\/www.budream.com\/de\/wp-json\/wp\/v2\/product"}],"about":[{"href":"https:\/\/www.budream.com\/de\/wp-json\/wp\/v2\/types\/product"}],"replies":[{"embeddable":true,"href":"https:\/\/www.budream.com\/de\/wp-json\/wp\/v2\/comments?post=131844"}],"version-history":[{"count":0,"href":"https:\/\/www.budream.com\/de\/wp-json\/wp\/v2\/product\/131844\/revisions"}],"wp:featuredmedia":[{"embeddable":true,"href":"https:\/\/www.budream.com\/de\/wp-json\/wp\/v2\/media\/131838"}],"wp:attachment":[{"href":"https:\/\/www.budream.com\/de\/wp-json\/wp\/v2\/media?parent=131844"}],"wp:term":[{"taxonomy":"product_brand","embeddable":true,"href":"https:\/\/www.budream.com\/de\/wp-json\/wp\/v2\/product_brand?post=131844"},{"taxonomy":"product_cat","embeddable":true,"href":"https:\/\/www.budream.com\/de\/wp-json\/wp\/v2\/product_cat?post=131844"},{"taxonomy":"product_tag","embeddable":true,"href":"https:\/\/www.budream.com\/de\/wp-json\/wp\/v2\/product_tag?post=131844"}],"curies":[{"name":"wp","href":"https:\/\/api.w.org\/{rel}","templated":true}]}}