{"id":131884,"date":"2025-07-31T00:06:20","date_gmt":"2025-07-30T22:06:20","guid":{"rendered":"https:\/\/www.budream.com\/shop\/ortoled-quantum-voll-zyklus-60w-2-7-60w-samsung\/"},"modified":"2026-03-11T12:52:32","modified_gmt":"2026-03-11T10:52:32","slug":"ortoled-quantum-voll-zyklus-60w-2-7-60w-samsung","status":"publish","type":"product","link":"https:\/\/www.budream.com\/de\/shop\/ortoled-quantum-voll-zyklus-60w-2-7-60w-samsung\/","title":{"rendered":"ORTOLED &#8211; QUANTUM VOLL ZYKLUS 60W 2.7 | 60W SAMSUNG"},"content":{"rendered":"<div style=\"text-align: left\">ORTOLED erweitert seinen Katalog um die neue <strong>Ortoled Full Cycle 60W Samsung-Lampenserie <\/strong>, die sich perfekt f\u00fcr begrenzte Anbaugebiete und quadratische Fl\u00e4chen eignet.<strong><br \/><\/strong><\/div>\n<p>Die Ortoled<strong>Full Cycle 60W Samsung<\/strong>-Lampe<strong> ist <\/strong> eine leichte und handliche Leuchte, die hohe <strong>PPF-Werte (162<\/strong><strong> &micro;mol\/s<\/strong><strong>)<\/strong> und eine photonische Wirksamkeit von 2,7&micro;mol\/J erzeugt<strong>, die <span style=\"color: #000000\">0,25-0,60 Quadratmeter Anbaufl\u00e4che oder 0,81 pro Wartung perfekt abdeckt.<\/span><\/p>\n<p>Das<\/strong> <strong>Full Cycle Ortoled <\/strong>Lichtspektrum, das durch die Kombination von <strong>Samsung lm201b x336pcs + 3w SMD3535 660nm x18pcs <\/strong>LEDs erzeugt wird, garantiert einen exzellenten Ertrag und eine optimale Lichtdurchdringung ohne \u00dcberhitzung der Pflanzenspitzen.<\/p>\n<p><strong>Die Ortoled Full Cycle 60W<\/strong> Serie <strong>von Samsung<\/strong><strong> wird <\/strong> mit den hochwertigsten <strong>Letron&reg; Festnetzteilen<\/strong> gebaut.<br \/>Die Samsung<strong>lm201b + 3w SMD35 660nm <\/strong> Dioden sind gleichm\u00e4\u00dfig \u00fcber den Lampenk\u00f6rper verteilt, um eine hervorragende Verteilung und perfekte Ableitung der erzeugten W\u00e4rme zu gew\u00e4hrleisten.<\/p>\n<p>Die Schutzart ist IP65 mit utratransparentem Harz zum Schutz der Dioden, um den Lichtstrom zu erhalten.<\/p>\n<p><strong>Full Cycle Spectrum<br \/><\/strong>Die Kombination und F\u00e4rbung der installierten LEDs nimmt alle von der Pflanze ben\u00f6tigten B\u00e4nder auf und garantiert so einen optimalen Fluss vom Wachstum bis zur Bl\u00fcte f\u00fcr kleine Fl\u00e4chen.<\/p>\n<p style=\"padding: 10px;background: #ebebeb\"><strong>Full Cycle 60W Samsung Ortoled LED-Verteilung<br \/><\/strong><br \/>&#8211; <strong>Samsung lm201b: 336 LEDs<\/strong><br \/>&#8211;<strong> 3W SMD 3535 660nm:<\/strong> 18 LEDs<\/p>\n<p><strong>Statisch gek\u00fchltes Dashboard und Sound Zero System<br \/><\/strong>Das neue <strong>Sound Zero<\/strong> Dashboard, das f\u00fcr die <strong>Ortoled Full Cycle 60W<\/strong> Serie <strong>von Samsung<\/strong> entwickelt wurde<strong>, sorgt f\u00fcr eine <\/strong>hervorragende Ableitung der von den LEDs erzeugten W\u00e4rme. Das bedeutet, dass die Lampe kein zus\u00e4tzliches K\u00fchlsystem ben\u00f6tigt. Dank des <strong>Sound-Zero-Systems<\/strong> ist das Ergebnis eine leistungsstarke und extrem leise Lampe, die ohne externe L\u00fcfter auskommt.<\/p>\n<h2><span style=\"text-decoration: underline\"><span class=\"insidetitle\"><strong>Technische Daten Ortoled Quantum Board Full Cycle 60W Samsung:<\/strong><\/span><\/span><\/h2>\n<ul style=\"list-style-type: disc\">\n<li><strong>Wirkungsgrad:<\/strong><strong> 2,7 &micro;mol \/ J<\/strong><\/li>\n<li><strong><span class=\"insidetitle\">PPF:162<\/span> &micro;mol \/ s<\/strong><\/li>\n<li><span class=\"insidetitle\">Eingangsspannung:<\/span> AC 100-277V\/50-60HZ<\/li>\n<li><span class=\"insidetitle\">Leistungsaufnahme:<\/span> 60 W<\/li>\n<li><span style=\"color: #000000\"><span class=\"insidetitle\">Beleuchtbare Fl\u00e4che:<\/span> <strong>0,25-0,6 qm<\/strong><\/span><\/li>\n<li>Abstand zu Pflanzen: min.30 max.60 cm<\/li>\n<li><span class=\"insidetitle\">Lebensdauer:<\/span> 60.000 Stunden<\/li>\n<li><span class=\"insidetitle\">Lichtverteilung:<\/span> 120<\/li>\n<li><span class=\"insidetitle\">Lichtquelle:<\/span> <strong>Samsung lm201b<strong>Dioden <\/strong>x336pcs + 3w SMD3535 660nm x18pcs<\/strong><\/li>\n<li><span class=\"insidetitle\">Gewicht:<\/span> 1,5 kg<\/li>\n<li><span class=\"insidetitle\">Abmessungen:<\/span> 300x300x61 mm<\/li>\n<li><span class=\"insidetitle\">Spektrum:<\/span> Voller Zyklus<\/li>\n<\/ul>\n<p><strong>Artikel im Paket enthalten<\/strong><\/p>\n<ul style=\"list-style-type: disc\">\n<li>1x 60w Ortoled FC 60W<\/li>\n<li>1x 1,8m Stromkabel<\/li>\n<li>2x Verstellbares Aufh\u00e4ngekabel<\/li>\n<li>2x Festes Aufh\u00e4ngekabel<\/li>\n<\/ul>\n<p class=\"p1\">\n<h2><span class=\"insidetitle\"><strong><span style=\"text-decoration: underline\">Hauptmerkmale Ortoled FULL CYCLE 60W 2,7 &micro;mol\/J | 60W SAMSUNG<\/span><\/strong><\/span><\/h2>\n<ul style=\"list-style-type: disc\">\n<li>Hoher Wirkungsgrad 2,7 &micro;mol\/J<\/li>\n<li>Hohe PPF-Leistung f\u00fcr 162 &micro;mol\/s bei hoher Intensit\u00e4t<\/li>\n<li>Hochwertiger<i> <strong>Letron&reg;<\/strong><\/i> LED-Treiber<i> <strong>mit fester Leistung<\/strong><\/i> <\/li>\n<li>Schutzabdeckungstechnologie mit hochtransparentem Harz<\/li>\n<li>Volles Zyklusspektrum<\/li>\n<li>Verbesserte Lichtstreuung und Gleichm\u00e4\u00dfigkeit sowie <strong>Sound Zero<\/strong> System<\/li>\n<li><span style=\"color: #000000\">Kompaktes Design, ideal f\u00fcr eine Anbaufl\u00e4che von bis zu <strong>0,25-0,60 m\u00b2 oder 0,81 m\u00b2 f\u00fcr die Pflege<\/strong><\/span><\/li>\n<li>Einfache Plug &amp; Play-Installation<\/li>\n<\/ul>\n<p><\/p>\n<p class=\"p1\">Verwenden Sie die LED-Leuchte nicht vertikal oder als umgedrehte Leuchte (direkter Kontakt mit<br \/>(direkter Kontakt mit den Augen und l\u00e4ngere Exposition k\u00f6nnen Ihr Sehverm\u00f6gen dauerhaft sch\u00e4digen!).<br \/>Wir empfehlen, das Ger\u00e4t nicht als Raumleuchte zu verwenden. Es ist ausschlie\u00dflich f\u00fcr die<br \/>ausschlie\u00dflich f\u00fcr die Keimung, Kultivierung und Bl\u00fcte von Pflanzen entwickelt. Achten Sie darauf, dass die LED-Leuchte<br \/>au\u00dfer Sichtweite und au\u00dferhalb der Reichweite von Kindern und Tieren verwendet wird, um deren Augen zu sch\u00fctzen!<br \/>Wir empfehlen die Verwendung einer speziellen Brille zum Schutz Ihrer Augen.<\/p>\n","protected":false},"excerpt":{"rendered":"<p>ORTOLED erweitert seinen Katalog um die neue Ortoled Full Cycle 60W Samsung-Lampenserie , die sich perfekt f\u00fcr begrenzte Anbaugebiete und<\/p>\n","protected":false},"featured_media":131848,"comment_status":"open","ping_status":"closed","template":"","meta":[],"product_brand":[],"product_cat":[7938],"product_tag":[],"class_list":{"0":"post-131884","1":"product","2":"type-product","3":"status-publish","4":"has-post-thumbnail","6":"product_cat-led-lampe","8":"first","9":"instock","10":"sale","11":"taxable","12":"shipping-taxable","13":"purchasable","14":"product-type-simple"},"_links":{"self":[{"href":"https:\/\/www.budream.com\/de\/wp-json\/wp\/v2\/product\/131884","targetHints":{"allow":["GET"]}}],"collection":[{"href":"https:\/\/www.budream.com\/de\/wp-json\/wp\/v2\/product"}],"about":[{"href":"https:\/\/www.budream.com\/de\/wp-json\/wp\/v2\/types\/product"}],"replies":[{"embeddable":true,"href":"https:\/\/www.budream.com\/de\/wp-json\/wp\/v2\/comments?post=131884"}],"version-history":[{"count":0,"href":"https:\/\/www.budream.com\/de\/wp-json\/wp\/v2\/product\/131884\/revisions"}],"wp:featuredmedia":[{"embeddable":true,"href":"https:\/\/www.budream.com\/de\/wp-json\/wp\/v2\/media\/131848"}],"wp:attachment":[{"href":"https:\/\/www.budream.com\/de\/wp-json\/wp\/v2\/media?parent=131884"}],"wp:term":[{"taxonomy":"product_brand","embeddable":true,"href":"https:\/\/www.budream.com\/de\/wp-json\/wp\/v2\/product_brand?post=131884"},{"taxonomy":"product_cat","embeddable":true,"href":"https:\/\/www.budream.com\/de\/wp-json\/wp\/v2\/product_cat?post=131884"},{"taxonomy":"product_tag","embeddable":true,"href":"https:\/\/www.budream.com\/de\/wp-json\/wp\/v2\/product_tag?post=131884"}],"curies":[{"name":"wp","href":"https:\/\/api.w.org\/{rel}","templated":true}]}}