{"id":131954,"date":"2025-07-31T00:08:36","date_gmt":"2025-07-30T22:08:36","guid":{"rendered":"https:\/\/www.budream.com\/shop\/storzbickel-reisekoffer-fuer-mighty-und-mighty\/"},"modified":"2026-03-02T17:03:23","modified_gmt":"2026-03-02T15:03:23","slug":"storzbickel-reisekoffer-fuer-mighty-und-mighty","status":"publish","type":"product","link":"https:\/\/www.budream.com\/de\/shop\/storzbickel-reisekoffer-fuer-mighty-und-mighty\/","title":{"rendered":"STORZ&amp;BICKEL &#8211; REISEKOFFER F\u00dcR MIGHTY+ UND MIGHTY"},"content":{"rendered":"<p>Geruchssicherer Hartschalenkoffer f\u00fcr Ihren Mighty+. Tragen Sie Ihren Mighty immer sicher bei sich. Dank der Hartschale des Cases ist Ihr Ger\u00e4t optimal gesch\u00fctzt. <\/p>\n<p><strong>VAPORIZER<\/strong><strong>NICHT INBEGRIFFEN<\/strong><strong><br \/><\/strong><strong>KAPSEL CADDY NICHT INBEGRIFFEN<\/strong><\/p>\n<h2><span style=\"text-decoration: underline\">Storz &amp; Bickel &#8211; Reiseetui enth\u00e4lt:<\/span><\/h2>\n<ul style=\"list-style-type: disc\">\n<li>Mighty+ Hartschalen-Reiseetui;<\/li>\n<\/ul>\n","protected":false},"excerpt":{"rendered":"<p>Geruchssicherer Hartschalenkoffer f\u00fcr Ihren Mighty+. Tragen Sie Ihren Mighty immer sicher bei sich. Dank der Hartschale des Cases ist Ihr<\/p>\n","protected":false},"featured_media":131928,"comment_status":"open","ping_status":"closed","template":"","meta":[],"product_brand":[],"product_cat":[1179],"product_tag":[],"class_list":{"0":"post-131954","1":"product","2":"type-product","3":"status-publish","4":"has-post-thumbnail","6":"product_cat-vaporizzatori","8":"first","9":"instock","10":"taxable","11":"shipping-taxable","12":"purchasable","13":"product-type-simple"},"aioseo_notices":[],"_links":{"self":[{"href":"https:\/\/www.budream.com\/de\/wp-json\/wp\/v2\/product\/131954","targetHints":{"allow":["GET"]}}],"collection":[{"href":"https:\/\/www.budream.com\/de\/wp-json\/wp\/v2\/product"}],"about":[{"href":"https:\/\/www.budream.com\/de\/wp-json\/wp\/v2\/types\/product"}],"replies":[{"embeddable":true,"href":"https:\/\/www.budream.com\/de\/wp-json\/wp\/v2\/comments?post=131954"}],"version-history":[{"count":0,"href":"https:\/\/www.budream.com\/de\/wp-json\/wp\/v2\/product\/131954\/revisions"}],"wp:featuredmedia":[{"embeddable":true,"href":"https:\/\/www.budream.com\/de\/wp-json\/wp\/v2\/media\/131928"}],"wp:attachment":[{"href":"https:\/\/www.budream.com\/de\/wp-json\/wp\/v2\/media?parent=131954"}],"wp:term":[{"taxonomy":"product_brand","embeddable":true,"href":"https:\/\/www.budream.com\/de\/wp-json\/wp\/v2\/product_brand?post=131954"},{"taxonomy":"product_cat","embeddable":true,"href":"https:\/\/www.budream.com\/de\/wp-json\/wp\/v2\/product_cat?post=131954"},{"taxonomy":"product_tag","embeddable":true,"href":"https:\/\/www.budream.com\/de\/wp-json\/wp\/v2\/product_tag?post=131954"}],"curies":[{"name":"wp","href":"https:\/\/api.w.org\/{rel}","templated":true}]}}