{"id":131964,"date":"2025-07-31T00:10:04","date_gmt":"2025-07-30T22:10:04","guid":{"rendered":"https:\/\/www.budream.com\/shop\/arizer-schlauch-mit-mundstueck-und-glasadapter-arizer-v-tower-extreme-q\/"},"modified":"2026-01-19T11:36:38","modified_gmt":"2026-01-19T09:36:38","slug":"arizer-schlauch-mit-mundstueck-und-glasadapter-arizer-v-tower-extreme-q","status":"publish","type":"product","link":"https:\/\/www.budream.com\/de\/shop\/arizer-schlauch-mit-mundstueck-und-glasadapter-arizer-v-tower-extreme-q\/","title":{"rendered":"ARIZER &#8211; SCHLAUCH MIT MUNDST\u00dcCK UND GLASADAPTER | ARIZER V-TOWER &#8211; EXTREME-Q"},"content":{"rendered":"<p>Ersatzrohrsystem f\u00fcr Arizer V-Tower und Arizer Xtreme-Q.<\/p>\n<h2><span style=\"text-decoration: underline\"><strong>Arizer Ersatzschl\u00e4uche mit D\u00fcse und Winkelanschluss umfasst:<\/strong><\/span><\/h2>\n<ul style=\"list-style-type: disc\">\n<li>90cm Schlauch aus lebensmittelechtem Silikon;<\/li>\n<li>Glas-Mundst\u00fcck;<\/li>\n<li>Glas-Winkeladapter (cod:RE2167);<\/li>\n<\/ul>\n","protected":false},"excerpt":{"rendered":"<p>Ersatzrohrsystem f\u00fcr Arizer V-Tower und Arizer Xtreme-Q. Arizer Ersatzschl\u00e4uche mit D\u00fcse und Winkelanschluss umfasst: 90cm Schlauch aus lebensmittelechtem Silikon; Glas-Mundst\u00fcck;<\/p>\n","protected":false},"featured_media":131958,"comment_status":"open","ping_status":"closed","template":"","meta":[],"product_brand":[],"product_cat":[7907],"product_tag":[],"class_list":{"0":"post-131964","1":"product","2":"type-product","3":"status-publish","4":"has-post-thumbnail","6":"product_cat-verdampfer","8":"first","9":"instock","10":"sale","11":"taxable","12":"shipping-taxable","13":"purchasable","14":"product-type-simple"},"aioseo_notices":[],"_links":{"self":[{"href":"https:\/\/www.budream.com\/de\/wp-json\/wp\/v2\/product\/131964","targetHints":{"allow":["GET"]}}],"collection":[{"href":"https:\/\/www.budream.com\/de\/wp-json\/wp\/v2\/product"}],"about":[{"href":"https:\/\/www.budream.com\/de\/wp-json\/wp\/v2\/types\/product"}],"replies":[{"embeddable":true,"href":"https:\/\/www.budream.com\/de\/wp-json\/wp\/v2\/comments?post=131964"}],"version-history":[{"count":0,"href":"https:\/\/www.budream.com\/de\/wp-json\/wp\/v2\/product\/131964\/revisions"}],"wp:featuredmedia":[{"embeddable":true,"href":"https:\/\/www.budream.com\/de\/wp-json\/wp\/v2\/media\/131958"}],"wp:attachment":[{"href":"https:\/\/www.budream.com\/de\/wp-json\/wp\/v2\/media?parent=131964"}],"wp:term":[{"taxonomy":"product_brand","embeddable":true,"href":"https:\/\/www.budream.com\/de\/wp-json\/wp\/v2\/product_brand?post=131964"},{"taxonomy":"product_cat","embeddable":true,"href":"https:\/\/www.budream.com\/de\/wp-json\/wp\/v2\/product_cat?post=131964"},{"taxonomy":"product_tag","embeddable":true,"href":"https:\/\/www.budream.com\/de\/wp-json\/wp\/v2\/product_tag?post=131964"}],"curies":[{"name":"wp","href":"https:\/\/api.w.org\/{rel}","templated":true}]}}