{"id":131994,"date":"2025-07-31T00:10:36","date_gmt":"2025-07-30T22:10:36","guid":{"rendered":"https:\/\/www.budream.com\/shop\/vapormed-mighty-medic-verdampfergeraet-fuer-den-medizinischen-gebrauch\/"},"modified":"2026-04-22T11:05:22","modified_gmt":"2026-04-22T09:05:22","slug":"vapormed-mighty-medic-verdampfergeraet-fuer-den-medizinischen-gebrauch","status":"publish","type":"product","link":"https:\/\/www.budream.com\/de\/shop\/vapormed-mighty-medic-verdampfergeraet-fuer-den-medizinischen-gebrauch\/","title":{"rendered":"VAPORMED &#8211; MIGHTY+ MEDIC | VERDAMPFERGER\u00c4T F\u00dcR DEN MEDIZINISCHEN GEBRAUCH"},"content":{"rendered":"<p>Der <strong>MIGHTY+ MEDIC<\/strong> ist der erste hygienisch zugelassene tragbare Verdampfer zum Inhalieren von Infusionen. Er verwendet eine vollst\u00e4ndige Hei\u00dfluftkonvektionsheizung in Kombination mit zus\u00e4tzlicher Konduktion, die ein effizientes Dampfen vom ersten Zug an gew\u00e4hrleistet.<\/p>\n<h2><strong><span style=\"text-decoration: underline\">MIGHTY+ MEDIC, das erste batteriebetriebene medizinische Inhalierger\u00e4t:<\/span><\/strong><\/h2>\n<p>Die Bedienung des MIGHTY+ MEDIC ist mit den Plus- und Minustasten und der gut ablesbaren LED-Anzeige denkbar einfach: Sobald die Ist-Temperatur mit der individuell einstellbaren Soll-Temperatur \u00fcbereinstimmt, ist das Ger\u00e4t inhalationsbereit. Dies wird auch durch eine kurze <strong>Doppelvibration<\/strong> signalisiert. Die pers\u00f6nlich bevorzugte Temperatur kann \u00fcber die Einstellm\u00f6glichkeiten direkt am Ger\u00e4t w\u00e4hrend des Verdampfens stufenweise angepasst werden.<\/p>\n<p>Die Verdampfung erfolgt beim MIGHTY+ MEDIC mit <strong>kombinierter Luft- und Kammererw\u00e4rmung<\/strong>: Die Lufterw\u00e4rmung sorgt f\u00fcr eine kontinuierliche Verdampfung, w\u00e4hrend die Kammererw\u00e4rmung daf\u00fcr sorgt, dass mit dem ersten Atemzug Dampf erzeugt wird.<br \/>Zum schnellen und sauberen Bef\u00fcllen der im Hei\u00dflufterzeuger integrierten F\u00fcllkammer k\u00f6nnen die mitgelieferten <strong>Dosierkapseln<\/strong> verwendet werden. <\/p>\n<p>Die Cooling Unit sorgt f\u00fcr die K\u00fchlung des Dampfes und garantiert optimalen Geschmack und vollmundiges Aroma.<\/p>\n<p>Der MIGHTY+ MEDIC ist f\u00fcr die Verdampfung und anschlie\u00dfende Inhalation von aus Hanfbl\u00fcten extrahierten Cannabinoiden konzipiert. Ziel ist die Abgabe des Wirkstoffs an den menschlichen K\u00f6rper \u00fcber die Lungenbl\u00e4schen f\u00fcr die entsprechende medizinische Indikation.<\/p>\n<p>Der <strong>MIGHTY+ MEDIC<\/strong> eignet sich f\u00fcr die tempor\u00e4re inhalative Verabreichung von \u00e4rztlich verordneten Cannabinoiden f\u00fcr den Einsatz zu Hause, im Krankenhaus und im ambulanten Bereich. Die Ger\u00e4te gew\u00e4hrleisten eine hochwirksame, sichere und schnell wirkende Applikation von Cannabinoiden. Vor der Behandlung muss in jedem Fall eine \u00e4rztliche Untersuchung durchgef\u00fchrt werden.<\/p>\n<p>Das Ger\u00e4t ist nicht f\u00fcr die Anwendung bei Kindern und Jugendlichen unter 18 Jahren geeignet. Erwachsene k\u00f6nnen MIGHTY+ MEDIC gem\u00e4\u00df der Gebrauchsanweisung oder auf Anraten eines Arztes anwenden.<\/p>\n<p><strong>Die in diesem Text gegebenen Hinweise k\u00f6nnen keinesfalls den Rat Ihres Arztes ersetzen.<\/strong><\/p>\n<h3>Warnhinweise MIGHTY+ MEDIC<\/h3>\n<p>Aus hygienischen Gr\u00fcnden darf der MIGHTY+ MEDIC Verdampfer nur mit dem Lippenteil auf dem Mundst\u00fcck betrieben werden (zum einmaligen Gebrauch). Das Lippenteil des MIGHTY MEDIC Verdampfers ist mit einem R\u00fcckschlagventil ausgestattet. Dieses R\u00fcckschlagventil reduziert die Gefahr einer m\u00f6glichen Verunreinigung im Inneren der K\u00fchleinheit, indem es das Ausatmen in die K\u00fchleinheit selbst verhindert. Im Falle einer Benutzung durch eine andere Person muss eine neue K\u00fchleinheit verwendet werden. MIGHTY+ MEDIC ist nur f\u00fcr die Verdampfung und anschlie\u00dfende inhalative Anwendung von Hanfbl\u00fcten geeignet, nicht f\u00fcr Extrakte oder andere Konzentrate.<\/p>\n<p><strong>Einweg-Lippenteil<br \/><\/strong><br \/>Das Einweg-Lippenteil kann bis zu 4 Stunden nach dem ersten Gebrauch verwendet werden, sofern es frei von Besch\u00e4digungen und Verschmutzungen ist. Danach muss es im Hausm\u00fcll entsorgt werden und aus hygienischen Gr\u00fcnden muss ein neues Lippenteil verwendet werden. Beachten Sie die Hygienevorschriften in der Gebrauchsanweisung. Br\u00fcchig gewordene oder besch\u00e4digte Lippenteile d\u00fcrfen nicht mehr verwendet werden.<\/p>\n<p><strong>Allgemeine Hinweise<\/strong><\/p>\n<p>Verwenden Sie nur \u00e4rztlich verordnete und in der Apotheke gekaufte Medizinalhanfbl\u00fcten. Informieren Sie sich bei Ihrem Arzt, Apotheker oder gegebenenfalls bei den zust\u00e4ndigen Beh\u00f6rden \u00fcber die rechtliche Situation an Ihrem Wohnort.<\/p>\n<p>MIGHTY+ MEDIC darf nicht verwendet werden, wenn der Benutzer eine Atemwegs- oder Lungenerkrankung hat. Die D\u00e4mpfe k\u00f6nnen je nach ihrer Dichte die Atemwege und die Lunge reizen, was zu Husten f\u00fchren kann. Obwohl die Inhalation von verdampftem Hanf deutlich weniger Reizungen verursacht als das Rauchen, ben\u00f6tigen unerfahrene Anwender zun\u00e4chst eine Eingew\u00f6hnungsphase, um die optimale Temperatur f\u00fcr die Anwendung zu finden. Der Benutzer sollte die Inhalation konzentriert und sorgf\u00e4ltig durchf\u00fchren. Lachen, G\u00e4hnen und Sprechen w\u00e4hrend der Anwendung sollten vermieden werden, um einen Hustenreiz zu vermeiden.<\/p>\n","protected":false},"excerpt":{"rendered":"<p>Der MIGHTY+ MEDIC ist der erste hygienisch zugelassene tragbare Verdampfer zum Inhalieren von Infusionen. Er verwendet eine vollst\u00e4ndige Hei\u00dfluftkonvektionsheizung in<\/p>\n","protected":false},"featured_media":131968,"comment_status":"open","ping_status":"closed","template":"","meta":[],"product_brand":[],"product_cat":[7907],"product_tag":[],"class_list":{"0":"post-131994","1":"product","2":"type-product","3":"status-publish","4":"has-post-thumbnail","6":"product_cat-verdampfer","8":"first","9":"instock","10":"taxable","11":"shipping-taxable","12":"purchasable","13":"product-type-simple"},"_links":{"self":[{"href":"https:\/\/www.budream.com\/de\/wp-json\/wp\/v2\/product\/131994","targetHints":{"allow":["GET"]}}],"collection":[{"href":"https:\/\/www.budream.com\/de\/wp-json\/wp\/v2\/product"}],"about":[{"href":"https:\/\/www.budream.com\/de\/wp-json\/wp\/v2\/types\/product"}],"replies":[{"embeddable":true,"href":"https:\/\/www.budream.com\/de\/wp-json\/wp\/v2\/comments?post=131994"}],"version-history":[{"count":1,"href":"https:\/\/www.budream.com\/de\/wp-json\/wp\/v2\/product\/131994\/revisions"}],"predecessor-version":[{"id":264339,"href":"https:\/\/www.budream.com\/de\/wp-json\/wp\/v2\/product\/131994\/revisions\/264339"}],"wp:featuredmedia":[{"embeddable":true,"href":"https:\/\/www.budream.com\/de\/wp-json\/wp\/v2\/media\/131968"}],"wp:attachment":[{"href":"https:\/\/www.budream.com\/de\/wp-json\/wp\/v2\/media?parent=131994"}],"wp:term":[{"taxonomy":"product_brand","embeddable":true,"href":"https:\/\/www.budream.com\/de\/wp-json\/wp\/v2\/product_brand?post=131994"},{"taxonomy":"product_cat","embeddable":true,"href":"https:\/\/www.budream.com\/de\/wp-json\/wp\/v2\/product_cat?post=131994"},{"taxonomy":"product_tag","embeddable":true,"href":"https:\/\/www.budream.com\/de\/wp-json\/wp\/v2\/product_tag?post=131994"}],"curies":[{"name":"wp","href":"https:\/\/api.w.org\/{rel}","templated":true}]}}