{"id":132014,"date":"2025-07-31T00:11:06","date_gmt":"2025-07-30T22:11:06","guid":{"rendered":"https:\/\/www.budream.com\/shop\/vapormed-volcano-medic-2-verdampfergeraet-fuer-den-medizinischen-gebrauch\/"},"modified":"2025-12-23T15:16:50","modified_gmt":"2025-12-23T13:16:50","slug":"vapormed-volcano-medic-2-verdampfergeraet-fuer-den-medizinischen-gebrauch","status":"publish","type":"product","link":"https:\/\/www.budream.com\/de\/shop\/vapormed-volcano-medic-2-verdampfergeraet-fuer-den-medizinischen-gebrauch\/","title":{"rendered":"VAPORMED &#8211; VOLCANO MEDIC 2 | VERDAMPFERGER\u00c4T F\u00dcR DEN MEDIZINISCHEN GEBRAUCH"},"content":{"rendered":"<p>Das Volcano Medic 2 Vaporisationssystem besteht im Wesentlichen aus einem <strong>Hei\u00dflufterzeuger<\/strong>, einer Membranpumpe und einem Kolben mit abnehmbarem Ventil, also einem Schlauchsystem. <br \/>Der Verdampfungs- und Inhalationsprozess findet somit zu verschiedenen Zeiten und an verschiedenen Orten statt, was die Inhalation f\u00fcr den Benutzer <strong>sehr sicher<\/strong> macht, da man bei der Inhalation aus der Flasche mit Ventil\/Silikonschlauch weder mit der Hitze noch mit der Elektrizit\u00e4t des Hei\u00dflufterzeugers in Ber\u00fchrung kommt.<\/p>\n<h2><span style=\"text-decoration: underline\">Vapormed Volcano medic 2 medizinisches Ger\u00e4t:<\/span><\/h2>\n<p>Der Vaporizer arbeitet mit einer patentierten Heiztechnik, die <strong>Konvektion und Konduktion<\/strong> kombiniert. F\u00fcr den Verdampfungsprozess wird die F\u00fcllkammer an den Heisslufterzeuger angeschlossen. Die Flasche mit Vakuumventil oder die Schlaucheinheit wird dann auf die F\u00fcllkammer gesetzt. In Verbindung mit der Schlaucheinheit entf\u00e4llt die Membranpumpe &#8211; es kann dann direkt aus der Schlaucheinheit inhaliert werden.<\/p>\n<p>Der Volcano Medic 2 stellt eine <strong>Weiterentwicklung des Volcano Medic<\/strong> dar <strong>.<\/strong> Im Vergleich zu seinem Vorg\u00e4nger bietet er folgende Vorteile:<\/p>\n<ul>\n<li>Inhalation \u00fcber die Schlaucheinheit oder mit der Ventilflasche<\/li>\n<li>Sehr schneller Aufheizvorgang innerhalb von 1 &#8211; 2 Minuten<\/li>\n<li>Die Bedienfelder sind in das gro\u00dfe Display integriert und k\u00f6nnen per Touch-Button bedient werden. Wie sein Vorg\u00e4nger erm\u00f6glicht der Volcano Medic 2 die inhalative medizinische Anwendung von in Alkohol gel\u00f6sten fl\u00fcssigen Cannabinoiden und Cannabinoiden direkt aus getrockneten Hanfbl\u00fcten.<\/li>\n<\/ul>\n<p>Mit dem Volcano Medic 2 Verdampfungssystem werden zwei medizintechnische Probleme auf einmal gel\u00f6st. Zum einen erm\u00f6glicht das Volcano Medic 2 Vaporisationssystem die inhalative medizinische Anwendung von in Alkohol gel\u00f6sten fl\u00fcssigen Cannabinoiden. Andererseits erm\u00f6glicht es die inhalative Anwendung von Cannabinoiden direkt aus getrockneten Cannabisbl\u00fcten. Im Volcano Medic 2 Vaporisationssystem werden die Cannabinoide ausschlie\u00dflich durch Hitze freigesetzt. Es findet keine Verbrennung statt. Dadurch wird die Bildung von sch\u00e4dlichen Substanzen, die bei der Verbrennung entstehen, verhindert.<\/p>\n<h3><span style=\"text-decoration: underline\">Volcano Medic 2 Verwendung mit Medic Valve<\/span><\/h3>\n<p>Ist der Hei\u00dflufterzeuger aufgeheizt, wird die Pumpe eingeschaltet, hei\u00dfe Luft str\u00f6mt durch die F\u00fcllkammer und l\u00f6st so die Verdampfung der Bl\u00fctenst\u00e4nde aus. Das so entstandene Gemisch aus Luft und Aerosol wird in den Ventilkolben geleitet, wo es aufgrund der gro\u00dfen Oberfl\u00e4che schnell auf Raumtemperatur abk\u00fchlt. Sobald eine ausreichende Menge Aerosol eingef\u00fcllt ist, wird die Pumpe abgeschaltet und die Ventilflasche aus der F\u00fcllkammer entnommen; das Ventil schlie\u00dft sich automatisch. Zur Inhalation wird dann das Mundst\u00fcck in das Ventil der gef\u00fcllten Flasche eingef\u00fchrt. Durch leichten Druck mit den Lippen auf das Mundst\u00fcck \u00f6ffnet sich das Ventil und das Cannabinoid-Aerosol kann inhaliert werden. Sobald der Druck auf das Mundst\u00fcck nachl\u00e4sst, schlie\u00dft sich das Ventil automatisch.<\/p>\n<h3><span style=\"text-decoration: underline\">Volcano Medic 2 Verwendung mit Schlauchger\u00e4t<\/span><\/h3>\n<p>Wenn der Hei\u00dflufterzeuger bereit ist, sollte die Schlaucheinheit direkt auf die F\u00fcllkammer des Ger\u00e4ts gesetzt werden. <br \/>WICHTIG: Die Membranpumpe ist nicht eingeschaltet. Wenn der Benutzer mit der Kraft seiner Lungen direkt aus der Schlaucheinheit inhaliert, wird hei\u00dfe Luft (Konvektion) durch die bereits erw\u00e4rmte F\u00fcllkammer (Konduktion) bef\u00f6rdert. Die freigesetzten Wirkstoffe werden als Aerosol durch den meterlangen Silikonschlauch bef\u00f6rdert und gek\u00fchlt.<\/p>\n<p>Durch die Konduktionserw\u00e4rmung wird sichergestellt, dass der Anwender die Wirkstoffe bereits beim ersten Zug freisetzen kann.<\/p>\n<p><strong>Verwendungszweck<\/strong><\/p>\n<p>Der Volcano Medic 2 und sein Vorg\u00e4ngermodell Volcano Medic sind f\u00fcr die Verdampfung und anschlie\u00dfende Inhalation von aus Hanfbl\u00fcten gewonnenen Cannabinoiden bestimmt. Auch in Alkohol gel\u00f6stes Dronabinol kann mit den Ger\u00e4ten der Volcano Medic-Serie verwendet werden. Ziel ist die Verabreichung des Wirkstoffs in den menschlichen K\u00f6rper \u00fcber die Lungenbl\u00e4schen f\u00fcr die entsprechende medizinische Indikation.<\/p>\n<p>Der Volcano Medic 2 und sein Vorg\u00e4ngermodell eignen sich f\u00fcr die tempor\u00e4re Inhalationsapplikation von \u00e4rztlich verordneten Cannabinoiden zur Anwendung zu Hause, im Krankenhaus oder in der Arztpraxis. Die Ger\u00e4te garantieren eine hochwirksame, sichere und schnell wirkende Applikation von Cannabinoiden. Vor der Behandlung muss in jedem Fall eine \u00e4rztliche Untersuchung durchgef\u00fchrt werden.<\/p>\n<p>Das Ger\u00e4t ist nicht f\u00fcr die Anwendung bei Kindern und Jugendlichen unter 18 Jahren geeignet. Erwachsene m\u00fcssen das Ger\u00e4t gem\u00e4\u00df der Gebrauchsanweisung oder auf Anweisung eines Arztes verwenden.<\/p>\n<p><strong>Allgemeine Indikationen<\/strong><\/p>\n<p>Hanf kann in bestimmten Dosen psychotrope (narkotische) Wirkungen erzeugen. Es besteht daher die M\u00f6glichkeit des Missbrauchs, dem in fast allen L\u00e4ndern der Welt vom Gesetzgeber mit entsprechenden Gesetzen begegnet wird. Verwenden Sie nur \u00e4rztlich verordnete und in der Apotheke gekaufte Medizinalhanfbl\u00fcten, um nicht Gefahr zu laufen, gegen das Gesetz zu versto\u00dfen. Informieren Sie sich bei Ihrem Arzt, Apotheker oder gegebenenfalls bei den zust\u00e4ndigen Beh\u00f6rden \u00fcber die rechtliche Situation an Ihrem Wohnort.<\/p>\n<p>Der Volcano Medic 2 darf nicht verwendet werden, wenn der Benutzer eine Atemwegs- oder Lungenerkrankung hat. Die D\u00e4mpfe k\u00f6nnen je nach ihrer Dichte die Atemwege und die Lunge reizen, was zu Husten f\u00fchren kann. Obwohl das Inhalieren von verdampftem Hanf deutlich weniger Reizungen verursacht als das Rauchen, ben\u00f6tigen unerfahrene Nutzer zun\u00e4chst eine Eingew\u00f6hnungsphase, um die optimale Temperatur f\u00fcr die Anwendung zu finden. Der Benutzer sollte die Inhalation konzentriert und sorgf\u00e4ltig durchf\u00fchren. Lachen, G\u00e4hnen und Sprechen sollten w\u00e4hrend der Anwendung vermieden werden, um einen Hustenreiz zu vermeiden.<\/p>\n<p>Volcano Medic 2 bietet ein wissenschaftlich abgesichertes Verfahren zur Inhalation von Cannabinoiden und Hanfbl\u00fcten.<\/p>\n<h3><span style=\"text-decoration: underline\">Vapormed Volcano Medic 2 enth\u00e4lt:<\/span><\/h3>\n<ul>\n<li>1 Stk. VVolcano Medic 2<\/li>\n<li>1 Stk. Stromkabel<\/li>\n<li>4 Stk. MEDIC VALVE Fl\u00e4schchen mit Mundst\u00fcck<\/li>\n<li>1 Stk. Schlaucheinheit<\/li>\n<li>1 Stk. F\u00fcllkammer-Set (inkl.: 1 Stk. Deckelring, 1 Stk. F\u00fcllkissen, 1 Stk. Standard-Filtersatz (ca. &Oslash; 30 mm), 1 Stk. Reinigungsb\u00fcrste),2 Stk. Standardfilter, klein mit normaler Maschenweite (ca. &Oslash; 15 mm)<\/li>\n<li>1 Stk. Dosierkapsel<\/li>\n<li>1 Stk. Dosierkapsel-Adapter (ca. &Oslash; 15 mm)<\/li>\n<li>1 Stk. Luftfilter-Set<\/li>\n<li>1 Stk. Kr\u00e4uterm\u00fchle (ca. &Oslash; 59 mm)<\/li>\n<li>1 Stk. Gebrauchsanweisung<\/li>\n<\/ul>\n","protected":false},"excerpt":{"rendered":"<p>Das Volcano Medic 2 Vaporisationssystem besteht im Wesentlichen aus einem Hei\u00dflufterzeuger, einer Membranpumpe und einem Kolben mit abnehmbarem Ventil, also<\/p>\n","protected":false},"featured_media":131998,"comment_status":"open","ping_status":"closed","template":"","meta":[],"product_brand":[],"product_cat":[7907],"product_tag":[],"class_list":{"0":"post-132014","1":"product","2":"type-product","3":"status-publish","4":"has-post-thumbnail","6":"product_cat-verdampfer","8":"first","9":"instock","10":"taxable","11":"shipping-taxable","12":"purchasable","13":"product-type-simple"},"_links":{"self":[{"href":"https:\/\/www.budream.com\/de\/wp-json\/wp\/v2\/product\/132014","targetHints":{"allow":["GET"]}}],"collection":[{"href":"https:\/\/www.budream.com\/de\/wp-json\/wp\/v2\/product"}],"about":[{"href":"https:\/\/www.budream.com\/de\/wp-json\/wp\/v2\/types\/product"}],"replies":[{"embeddable":true,"href":"https:\/\/www.budream.com\/de\/wp-json\/wp\/v2\/comments?post=132014"}],"version-history":[{"count":0,"href":"https:\/\/www.budream.com\/de\/wp-json\/wp\/v2\/product\/132014\/revisions"}],"wp:featuredmedia":[{"embeddable":true,"href":"https:\/\/www.budream.com\/de\/wp-json\/wp\/v2\/media\/131998"}],"wp:attachment":[{"href":"https:\/\/www.budream.com\/de\/wp-json\/wp\/v2\/media?parent=132014"}],"wp:term":[{"taxonomy":"product_brand","embeddable":true,"href":"https:\/\/www.budream.com\/de\/wp-json\/wp\/v2\/product_brand?post=132014"},{"taxonomy":"product_cat","embeddable":true,"href":"https:\/\/www.budream.com\/de\/wp-json\/wp\/v2\/product_cat?post=132014"},{"taxonomy":"product_tag","embeddable":true,"href":"https:\/\/www.budream.com\/de\/wp-json\/wp\/v2\/product_tag?post=132014"}],"curies":[{"name":"wp","href":"https:\/\/api.w.org\/{rel}","templated":true}]}}